{"id":123,"date":"2023-09-25T15:18:30","date_gmt":"2023-09-25T13:18:30","guid":{"rendered":"https:\/\/ambasciatatirana.esteri.it\/?page_id=123"},"modified":"2026-04-27T15:04:33","modified_gmt":"2026-04-27T13:04:33","slug":"contatti","status":"publish","type":"page","link":"https:\/\/ambpodgorica.esteri.it\/it\/chi-siamo\/contatti\/","title":{"rendered":"Contatti"},"content":{"rendered":"<p style=\"text-align: justify;\"><strong>AMBASCIATA D&#8217;ITALIA A PODGORICA<\/strong><\/p>\n<p style=\"text-align: justify;\">Bulevar D\u017eord\u017ea Va\u0161ingtona, 26 &#8211; 81000 Podgorica<\/p>\n<p style=\"text-align: justify;\">Tel. centralino: 020 234661\/2\/4<\/p>\n<p style=\"text-align: justify;\">Attivo dal luned\u00ec al venerd\u00ec dalle 8:30 alle 16.30<\/p>\n<p style=\"text-align: justify;\">I servizi dell&#8217;Ambasciata funzionano prevalentemente a distanza o su appuntamento: per <strong>informazioni<\/strong> e lo svolgimento di pratiche che richiedono necessariamente la presenza in Ambasciata \u00e8 preferibile contattare previamente le seguenti e-mail:<\/p>\n<p style=\"text-align: justify;\">Assistenza connazionali: <span style=\"text-decoration: underline;\">consolare.podgorica@esteri.it<\/span><\/p>\n<p style=\"text-align: justify;\">Assistenza visti: <span style=\"text-decoration: underline;\">visti.podgorica@esteri.it<\/span><\/p>\n<p style=\"text-align: justify;\">Assistenza fornitori: <span style=\"text-decoration: underline;\">contabile.podgorica@esteri.it<\/span><\/p>\n<p style=\"text-align: justify;\"><a href=\"https:\/\/ambpodgorica.esteri.it\/wp-content\/uploads\/2026\/04\/Studi-Legali-di-Fiducia-1.pdf\">Qui<\/a> disponibile la <strong>lista degli studi legali di fiducia dell&#8217;Ambasciata<\/strong>. Si precisa che questa Sede non risponde della qualit\u00e0 del servizio prestato dagli stessi, dell\u2019operato e delle tariffe praticate.<\/p>\n","protected":false},"excerpt":{"rendered":"AMBASCIATA D&#8217;ITALIA A PODGORICA Bulevar D\u017eord\u017ea Va\u0161ingtona, 26 &#8211; 81000 Podgorica Tel. centralino: 020 234661\/2\/4 Attivo dal luned\u00ec al venerd\u00ec dalle 8:30 alle 16.30 I servizi dell&#8217;Ambasciata funzionano prevalentemente a distanza o su appuntamento: per informazioni e lo svolgimento di pratiche che richiedono necessariamente la presenza in Ambasciata \u00e8 preferibile contattare previamente le seguenti e-mail: [&hellip;]","protected":false},"author":1,"featured_media":0,"parent":13,"menu_order":4,"comment_status":"closed","ping_status":"closed","template":"","meta":{"footnotes":""},"class_list":["post-123","page","type-page","status-publish","hentry"],"_links":{"self":[{"href":"https:\/\/ambpodgorica.esteri.it\/it\/wp-json\/wp\/v2\/pages\/123","targetHints":{"allow":["GET"]}}],"collection":[{"href":"https:\/\/ambpodgorica.esteri.it\/it\/wp-json\/wp\/v2\/pages"}],"about":[{"href":"https:\/\/ambpodgorica.esteri.it\/it\/wp-json\/wp\/v2\/types\/page"}],"author":[{"embeddable":true,"href":"https:\/\/ambpodgorica.esteri.it\/it\/wp-json\/wp\/v2\/users\/1"}],"replies":[{"embeddable":true,"href":"https:\/\/ambpodgorica.esteri.it\/it\/wp-json\/wp\/v2\/comments?post=123"}],"version-history":[{"count":6,"href":"https:\/\/ambpodgorica.esteri.it\/it\/wp-json\/wp\/v2\/pages\/123\/revisions"}],"predecessor-version":[{"id":5564,"href":"https:\/\/ambpodgorica.esteri.it\/it\/wp-json\/wp\/v2\/pages\/123\/revisions\/5564"}],"up":[{"embeddable":true,"href":"https:\/\/ambpodgorica.esteri.it\/it\/wp-json\/wp\/v2\/pages\/13"}],"wp:attachment":[{"href":"https:\/\/ambpodgorica.esteri.it\/it\/wp-json\/wp\/v2\/media?parent=123"}],"curies":[{"name":"wp","href":"https:\/\/api.w.org\/{rel}","templated":true}]}}