{"id":1861,"date":"2024-02-06T15:44:09","date_gmt":"2024-02-06T14:44:09","guid":{"rendered":"https:\/\/ambpodgorica.esteri.it\/?page_id=1861"},"modified":"2025-12-03T10:40:49","modified_gmt":"2025-12-03T09:40:49","slug":"carte-di-identita-elettroniche","status":"publish","type":"page","link":"https:\/\/ambpodgorica.esteri.it\/it\/servizi-consolari-e-visti\/servizi-per-il-cittadino-italiano\/carte-di-identita-elettroniche\/","title":{"rendered":"Carte di identit\u00e0 elettroniche"},"content":{"rendered":"<p style=\"text-align: justify;\">A partire dal <strong>4 marzo 2024<\/strong> \u00e8 possibile richiedere presso l\u2019Ambasciata d\u2019Italia a Podgorica la Carta d\u2019identit\u00e0 elettronica (<strong>CIE<\/strong>), previo appuntamento da richiedere tramite l\u2019applicativo <a href=\"https:\/\/prenotami.esteri.it\/\"><strong>Prenot@M<\/strong><\/a><strong>i<\/strong>.<\/p>\n<p style=\"text-align: justify;\">La nuova Carta di identit\u00e0 Elettronica \u00e8 un documento multifunzionale: attesta l\u2019identit\u00e0 del cittadino, \u00e8 un documento di viaggio che riporta il codice fiscale e si pu\u00f2 utilizzare per richiedere un\u2019identit\u00e0 digitale (<strong><a href=\"https:\/\/www.esteri.it\/it\/servizi-consolari-e-visti\/italiani-all-estero\/spid\/\">SPID<\/a><\/strong>) oppure per avere accesso ai Servizi erogati dalle Pubbliche Amministrazioni Italiane.<\/p>\n<p style=\"text-align: justify;\">La carta d\u2019identit\u00e0 elettronica \u00e8 valida ai fini dell\u2019espatrio negli Stati membri dell\u2019Unione europea, negli Stati dello Spazio Schengen (UE + Islanda, Norvegia, Svizzera, Liechtenstein) e in quelli in cui vigono particolari accordi internazionali. Al riguardo, per ulteriori e pi\u00f9 dettagliate informazioni, \u00e8 possibile consultare il sito <a href=\"https:\/\/www.viaggiaresicuri.it\/approfondimenti-insights\/documentidiviaggio\">VIAGGIARE SICURI<\/a>.<\/p>\n<p style=\"text-align: justify;\">Per maggiori dettagli sui servizi offerti della C.I.E., su come attivarla e come utilizzarla si invita a consultare il <a href=\"https:\/\/www.cartaidentita.interno.gov.it\/\">sito<\/a> del Ministero dell\u2019Interno.<\/p>\n<p>Moduli:<\/p>\n<ul>\n<li><a href=\"https:\/\/ambpodgorica.esteri.it\/wp-content\/uploads\/2024\/02\/1.mod_cie_richiesta_carta_identita_maggiorenni-Amb.-Podgorica.pdf\">Modulo\u00a0<\/a>richiesta emissione CIE maggiorenni<\/li>\n<li><a href=\"https:\/\/ambpodgorica.esteri.it\/wp-content\/uploads\/2024\/02\/3.Atto_di_assenso_in_favore_dei_figli_minori.pdf\">Modulo<\/a>richiesta emissione CIE minori<\/li>\n<li><a href=\"https:\/\/ambpodgorica.esteri.it\/wp-content\/uploads\/2024\/02\/3.Modulo-denuncia-smarrimento-furto-passaporto.pdf\">Modello<\/a>denuncia smarrimento\/furto CIE<\/li>\n<li><a href=\"https:\/\/ambpodgorica.esteri.it\/wp-content\/uploads\/2024\/02\/3.Atto_di_assenso_in_favore_dei_figli_minori.pdf\">Atto di assenso<\/a>rilascio CIE in favore di figli minori<\/li>\n<\/ul>\n<p>&nbsp;<\/p>\n","protected":false},"excerpt":{"rendered":"A partire dal 4 marzo 2024 \u00e8 possibile richiedere presso l\u2019Ambasciata d\u2019Italia a Podgorica la Carta d\u2019identit\u00e0 elettronica (CIE), previo appuntamento da richiedere tramite l\u2019applicativo Prenot@Mi. La nuova Carta di identit\u00e0 Elettronica \u00e8 un documento multifunzionale: attesta l\u2019identit\u00e0 del cittadino, \u00e8 un documento di viaggio che riporta il codice fiscale e si pu\u00f2 utilizzare per [&hellip;]","protected":false},"author":4,"featured_media":0,"parent":47,"menu_order":1,"comment_status":"closed","ping_status":"closed","template":"","meta":{"footnotes":""},"class_list":["post-1861","page","type-page","status-publish","hentry"],"_links":{"self":[{"href":"https:\/\/ambpodgorica.esteri.it\/it\/wp-json\/wp\/v2\/pages\/1861","targetHints":{"allow":["GET"]}}],"collection":[{"href":"https:\/\/ambpodgorica.esteri.it\/it\/wp-json\/wp\/v2\/pages"}],"about":[{"href":"https:\/\/ambpodgorica.esteri.it\/it\/wp-json\/wp\/v2\/types\/page"}],"author":[{"embeddable":true,"href":"https:\/\/ambpodgorica.esteri.it\/it\/wp-json\/wp\/v2\/users\/4"}],"replies":[{"embeddable":true,"href":"https:\/\/ambpodgorica.esteri.it\/it\/wp-json\/wp\/v2\/comments?post=1861"}],"version-history":[{"count":4,"href":"https:\/\/ambpodgorica.esteri.it\/it\/wp-json\/wp\/v2\/pages\/1861\/revisions"}],"predecessor-version":[{"id":4654,"href":"https:\/\/ambpodgorica.esteri.it\/it\/wp-json\/wp\/v2\/pages\/1861\/revisions\/4654"}],"up":[{"embeddable":true,"href":"https:\/\/ambpodgorica.esteri.it\/it\/wp-json\/wp\/v2\/pages\/47"}],"wp:attachment":[{"href":"https:\/\/ambpodgorica.esteri.it\/it\/wp-json\/wp\/v2\/media?parent=1861"}],"curies":[{"name":"wp","href":"https:\/\/api.w.org\/{rel}","templated":true}]}}