{"id":1872,"date":"2024-02-06T16:22:35","date_gmt":"2024-02-06T15:22:35","guid":{"rendered":"https:\/\/ambpodgorica.esteri.it\/?page_id=1872"},"modified":"2024-02-06T16:32:22","modified_gmt":"2024-02-06T15:32:22","slug":"modalita-di-richiesta","status":"publish","type":"page","link":"https:\/\/ambpodgorica.esteri.it\/it\/servizi-consolari-e-visti\/servizi-per-il-cittadino-italiano\/carte-di-identita-elettroniche\/modalita-di-richiesta\/","title":{"rendered":"Modalit\u00e0 di richiesta"},"content":{"rendered":"<p>Per richiedere il rilascio della carta d\u2019identit\u00e0 elettronica \u00e8 necessario <strong>prenotare un appuntamento<\/strong> utilizzando la piattaforma <strong><a href=\"https:\/\/prenotami.esteri.it\/\">Prenot@mi<\/a>.<\/strong><\/p>\n<p>Il <strong>modulo di richiesta<\/strong> (diverso in base a se la CIE \u00e8 per maggiorenni, <a href=\"https:\/\/ambpodgorica.esteri.it\/wp-content\/uploads\/2024\/02\/1.mod_cie_richiesta_carta_identita_maggiorenni-Amb.-Podgorica.pdf\">modulo richiesta per maggiorenni<\/a>, o per <a href=\"https:\/\/ambpodgorica.esteri.it\/wp-content\/uploads\/2024\/02\/1.mod_cie__richiesta_carta_identit_minori-Amb.-Podgorica.pdf\">minorenni<\/a>, modulo richiesta per minorenni) e la <strong>copia dei documenti di identit\u00e0<\/strong> e <strong>codice fiscale<\/strong> potranno essere caricati &#8211; in formato pdf leggibile \u2013 sul portale PRENOT@MI nella sezione \u201c<strong>altro<\/strong>\u201d unitamente alla documentazione richiesta. La dimensione di tutti i file caricati <strong>NON deve superare 1 MB<\/strong>.<\/p>\n<p>L\u2019appuntamento \u00e8 singolo e personale.<\/p>\n<p>Si prega di i<strong>nserire nel campo note i dati relative al richiedente il documento, se diversi dall\u2019utente registrato<\/strong>, al momento in cui si effettua la prenotazione dell\u2019appuntamento. In caso di richiesta per <strong>minore<\/strong>, il genitore quindi dovr\u00e0 creare l\u2019account sul sistema di prenotazione ed inserire i dati del minore nel campo note.<br \/>\nSi raccomanda alle <strong>donne coniugate<\/strong> di inserire le generalit\u00e0 anagrafiche da nubile (come risultano dall\u2019atto di nascita).<\/p>\n<p>Dal momento della richiesta alla data dell\u2019appuntamento possono trascorrere almeno <strong>venti giorni<\/strong>, necessari per consentire all\u2019ufficio consolare di effettuare il <strong>controllo<\/strong> dei dati anagrafici, risolvere eventuali <strong>disallineamenti<\/strong> tra i dati presenti nello schedario consolare e quelli presenti nello schedario del Comune italiano, e verificare che non sussistano cause ostative al rilascio del documento.<\/p>\n<p><strong>ATTENZIONE<\/strong>: Nel caso in cui, a seguito delle verifiche, emergessero elementi ostativi al rilascio della CIE, sar\u00e0 cura di questa Ambasciata informarne l\u2019interessato.<\/p>\n<p>La <strong>presenza<\/strong> del richiedente e\/o del titolare della carta richiesta \u00e8 <strong>obbligatoria<\/strong>.<br \/>\nIn caso di richiesta per <strong>minore che non abbia altri documenti<\/strong> \u00e8 necessaria la <strong>presenza di entrambi i genitori<\/strong>.<\/p>\n<p>&nbsp;<\/p>\n<p><span style=\"text-decoration: underline;\"><strong>DOCUMENTAZIONE RICHIESTA PER IL RILASCIO DELLA C.I.E AI MAGGIORENNI:<\/strong><\/span><br \/>\nIl giorno dell\u2019appuntamento presso l\u2019Ambasciata \u00e8 necessario portare la seguente documentazione:<br \/>\n1. <strong>Documento di riconoscimento<\/strong>;<br \/>\n2. <strong>Carta d\u2019identit\u00e0 in originale scaduta o in scadenza<\/strong> per permetterne l\u2019annullamento\/ritiro. In caso di <strong>furto<\/strong> o smarrimento \u00e8 necessaria la <strong>denuncia presentata alla Polizia<\/strong> e la firma del <a href=\"https:\/\/ambpodgorica.esteri.it\/wp-content\/uploads\/2024\/02\/3.Modulo-denuncia-smarrimento-furto-passaporto.pdf\">modulo di denuncia di smarrimento\/perdita documenti<\/a>, da inviare all&#8217;indirizzo consolare.podgorica@esteri.it insieme ad una copia del documento di identit\u00e0;<br \/>\n3. <strong>Permesso di soggiorno<\/strong> in corso di validit\u00e0 oppure carta d\u2019identit\u00e0\/passaporto montenegrino (per i doppi cittadini) indicante l\u2019attuale indirizzo di residenza <strong>OPPURE Certificato di residenza<\/strong> recente non pi\u00f9 vecchio di 6 mesi;<br \/>\n4. <strong>1 foto a colori recente<\/strong>, non pi\u00f9 vecchia di 6 mesi. Secondo le caratteristiche ICAO la foto deve essere frontale, con sfondo bianco, senza occhiali e senza accessori. Per la foto dei neonati si consiglia di rivolgersi ad un fotografo. (Clicca <a href=\"https:\/\/www.cartaidentita.interno.gov.it\/richiedi\/modalita-di-acquisizione-delle-foto\/\">qui<\/a> per le caratteristiche della foto);<br \/>\n5. <strong>Codice fiscale<\/strong>, se gi\u00e0 in possesso del richiedente.<\/p>\n<p>&nbsp;<\/p>\n<p><span style=\"text-decoration: underline;\"><strong>DOCUMENTAZIONE RICHIESTA PER IL RILASCIO DELLA CIE AI MINORENNI:<\/strong><\/span><br \/>\nDal 26 giugno 2012 tutti i minori italiani che viaggiano dovranno essere muniti di documento di viaggio individuale.<br \/>\nIl minore deve essere gi\u00e0 <strong>iscritto all\u2019AIRE<\/strong> (come gli adulti), dovr\u00e0 essere presente al momento della richiesta e servono questi documenti:<br \/>\n1. Un <strong>documento di identit\u00e0<\/strong> (come da punti 1 e 2 per i maggiorenni)<br \/>\n2. <strong>Permesso di soggiorno<\/strong> (come da punto 3 per i maggiorenni)<br \/>\n3. <strong>Assenso di entrambi i genitori<\/strong> a favore del minore firmando l&#8217;<a href=\"https:\/\/ambpodgorica.esteri.it\/wp-content\/uploads\/2024\/02\/3.Atto_di_assenso_in_favore_dei_figli_minori.pdf\">atto di assenso<\/a>.<br \/>\na) se l\u2019altro genitore \u00e8 cittadino italiano o di un paese dell\u2019 Unione Europea, potr\u00e0 produrre il prescritto formulario allegando una copia del proprio documento d\u2019identit\u00e0 senza venire necessariamente in Ambasciata;<br \/>\nb) se invece il genitore \u00e8 cittadino extracomunitario, potr\u00e0 compilare il predetto formulario e sar\u00e0 necessario autenticare la firma recandosi personalmente presso questa Cancelleria consolare il giorno dell\u2019appuntamento oppure da autorit\u00e0 straniera con eventuale legalizzazione o apposizione dell\u2019Apostille.<br \/>\n4. <strong>1 foto a colori recente<\/strong>, non pi\u00f9 vecchia di 6 mesi. Secondo le caratteristiche ICAO la foto deve essere frontale, con sfondo bianco, senza occhiali e senza accessori. Per la foto dei neonati si consiglia di rivolgersi ad un fotografo. (Clicca <a href=\"https:\/\/www.cartaidentita.interno.gov.it\/richiedi\/modalita-di-acquisizione-delle-foto\/\">qui<\/a> per le caratteristiche della foto);<br \/>\n5. <strong>Codice fiscale<\/strong>, se gi\u00e0 in possesso del richiedente.<\/p>\n<p>Se il minore facesse un viaggio con un\u2019altra persona servir\u00e0 anche la <a href=\"https:\/\/ambpodgorica.esteri.it\/wp-content\/uploads\/2024\/02\/dichiarazione_accompagnamento_minori.pdf\"><strong>Dichiarazione di accompagnamento per minori di anni 14<\/strong><\/a>.<\/p>\n<p>Al momento dell\u2019appuntamento l\u2019operatore consolare acquisir\u00e0 la <strong>foto<\/strong> e, salvo che per i minori di 12 anni, le <strong>impronte digitali<\/strong>, e la <strong>firma<\/strong>, che saranno registrate in sicurezza all\u2019interno del microchip presente nella propria CIE e non depositate in nessun altro luogo.<\/p>\n<p>&nbsp;<\/p>\n","protected":false},"excerpt":{"rendered":"Per richiedere il rilascio della carta d\u2019identit\u00e0 elettronica \u00e8 necessario prenotare un appuntamento utilizzando la piattaforma Prenot@mi. Il modulo di richiesta (diverso in base a se la CIE \u00e8 per maggiorenni, modulo richiesta per maggiorenni, o per minorenni, modulo richiesta per minorenni) e la copia dei documenti di identit\u00e0 e codice fiscale potranno essere caricati [&hellip;]","protected":false},"author":4,"featured_media":0,"parent":1861,"menu_order":2,"comment_status":"closed","ping_status":"closed","template":"","meta":{"footnotes":""},"class_list":["post-1872","page","type-page","status-publish","hentry"],"_links":{"self":[{"href":"https:\/\/ambpodgorica.esteri.it\/it\/wp-json\/wp\/v2\/pages\/1872","targetHints":{"allow":["GET"]}}],"collection":[{"href":"https:\/\/ambpodgorica.esteri.it\/it\/wp-json\/wp\/v2\/pages"}],"about":[{"href":"https:\/\/ambpodgorica.esteri.it\/it\/wp-json\/wp\/v2\/types\/page"}],"author":[{"embeddable":true,"href":"https:\/\/ambpodgorica.esteri.it\/it\/wp-json\/wp\/v2\/users\/4"}],"replies":[{"embeddable":true,"href":"https:\/\/ambpodgorica.esteri.it\/it\/wp-json\/wp\/v2\/comments?post=1872"}],"version-history":[{"count":1,"href":"https:\/\/ambpodgorica.esteri.it\/it\/wp-json\/wp\/v2\/pages\/1872\/revisions"}],"predecessor-version":[{"id":1886,"href":"https:\/\/ambpodgorica.esteri.it\/it\/wp-json\/wp\/v2\/pages\/1872\/revisions\/1886"}],"up":[{"embeddable":true,"href":"https:\/\/ambpodgorica.esteri.it\/it\/wp-json\/wp\/v2\/pages\/1861"}],"wp:attachment":[{"href":"https:\/\/ambpodgorica.esteri.it\/it\/wp-json\/wp\/v2\/media?parent=1872"}],"curies":[{"name":"wp","href":"https:\/\/api.w.org\/{rel}","templated":true}]}}