{"id":302,"date":"2023-11-10T16:05:08","date_gmt":"2023-11-10T15:05:08","guid":{"rendered":"https:\/\/ambpodgorica.esteri.it\/?page_id=302"},"modified":"2025-09-12T16:18:37","modified_gmt":"2025-09-12T14:18:37","slug":"informazioni-settoriali","status":"publish","type":"page","link":"https:\/\/ambpodgorica.esteri.it\/it\/italia-e-montenegro\/diplomazia-economica\/fare-affari-in-montenegro\/informazioni-settoriali\/","title":{"rendered":"Informazioni settoriali"},"content":{"rendered":"<p style=\"text-align: justify;\"><a href=\"https:\/\/www.assocamerestero.it\/\"><strong>ASSOCAMERESTERO<\/strong><\/a><br \/>\n(Associazione delle Camere di Commercio Italiane all\u2019Estero)<\/p>\n<ul style=\"text-align: justify;\">\n<li>Associazione che rappresenta le esigenze e le potenzialit\u00e0 di servizio delle Camere di Commercio Italiane all\u2019estero (CCIE) e ricerca collaborazioni ed alleanze strategiche con soggetti ed enti pubblici e privati \u2013 italiani ed internazionali \u2013 per favorire la conoscenza e l\u2019utilizzo della rete delle CCIE.<\/li>\n<li>Provvede alla redazione del Rapporto sulle Opportunit\u00e0 di Business, che prospetta le potenzialit\u00e0 delle CCIE quali fornitori di informazioni sulle opportunit\u00e0 d\u2019affari, settore per settore, esistenti nei paesi di operativit\u00e0 della rete.<\/li>\n<li>Svolge <strong>attivit\u00e0 di assistenza progettuale e coordinamento degli sportelli per l\u2019internazionalizzazione<\/strong> delle Camere di Commercio Italiane all\u2019estero, di raccordo con il progetto di Unioncamere.<\/li>\n<\/ul>\n<p>&nbsp;<\/p>\n<p style=\"text-align: justify;\"><a href=\"http:\/\/www.cna.it\/\"><strong>CNA<\/strong><\/a><br \/>\n(Confederazione Nazionale dell\u2019Artigianato e della Piccola e Media Impresa)<\/p>\n<ul style=\"text-align: justify;\">\n<li>Organizzazione rappresentativa delle imprese artigiane.<\/li>\n<li>Formulando le strategie per il settore, fornisce un <strong>servizio di informazione<\/strong> su opportunit\u00e0, programmi e bandi di gara proposti dall\u2019Unione Europea.<\/li>\n<li>Rappresenta il mondo dell\u2019autoimprenditorialit\u00e0 riunendo attraverso la denominazione \u201cCNA in proprio\u201d consulenti, professionisti e collaboratori.<\/li>\n<\/ul>\n<p>&nbsp;<\/p>\n<p style=\"text-align: justify;\"><a href=\"http:\/\/www.confapi.it\/\"><strong>CONFAPI<\/strong><\/a><br \/>\n(Confederazione Italiana della Piccola e Media Industria)<\/p>\n<ul style=\"text-align: justify;\">\n<li>Confederazione che <strong>promuove gli interessi della piccola e media industria<\/strong>.<\/li>\n<li>Favorisce lo sviluppo economico e civile del paese in collegamento con le organizzazioni ed istituzioni nazionali ed estere.<\/li>\n<\/ul>\n<p>&nbsp;<\/p>\n<p style=\"text-align: justify;\"><a href=\"http:\/\/www.confagricoltura.it\/\"><strong>CONFAGRICOLTURA<\/strong><\/a><br \/>\n(Organizzazione agricola italiana)<\/p>\n<ul style=\"text-align: justify;\">\n<li>Confederazione che <strong>promuove, assiste e coordina le attivit\u00e0 economiche<\/strong> per i singoli prodotti o settori di produzione.<\/li>\n<li>Rappresenta e tutela le imprese associate nei confronti delle istituzioni.<\/li>\n<li>Fornisce ai propri associati servizi qualificati di varia natura (consulenze legali, formazione ed assistenza tecnica per la gestione dell\u2019azienda agricola).<\/li>\n<\/ul>\n<p>&nbsp;<\/p>\n<p style=\"text-align: justify;\"><a href=\"http:\/\/www.confartigianato.it\/\"><strong>CONFARTIGIANATO<\/strong><\/a><br \/>\n(Organizzazione di informazione e di rappresentanza delle imprese artigiane)<\/p>\n<ul style=\"text-align: justify;\">\n<li>Confederazione che sostiene lo sviluppo delle nuove imprese attraverso l\u2019<strong>attivit\u00e0 di<\/strong> <strong>formazione<\/strong>, di <strong>informazione<\/strong> sulle opportunit\u00e0 e sulle agevolazioni di carattere nazionale e locale.<\/li>\n<li>Fornisce una prima valutazione della qualit\u00e0 del progetto imprenditoriale e offre consulenze di base in materia di legislazione, credito, fisco e ambiente.<\/li>\n<li><strong>Concede finanziamenti agevolati<\/strong> per dotare \u201cil progetto d\u2019impresa\u201d di strumenti necessari per renderlo concreto.<\/li>\n<\/ul>\n<p>&nbsp;<\/p>\n<p style=\"text-align: justify;\"><a href=\"http:\/\/www.confcommercio.it\/\"><strong>CONFCOMMERCIO<\/strong><\/a><br \/>\n(Confederazione Generale Italiana del Commercio, del Turismo, dei Servizi e delle PMI)<\/p>\n<ul style=\"text-align: justify;\">\n<li>Confederazione che definisce le <strong>politiche comunitarie <\/strong>del settore, collaborando con l\u2019Unione europea.<\/li>\n<li>Assiste e cura l\u2019iter di pratiche relative alla concessione di contributi per attivit\u00e0 promozionali all\u2019estero.<\/li>\n<li><strong>Provvede al reperimento di mercati di sbocco<\/strong> e alla ricerca di nominativi di potenziali acquirenti sui mercati internazionali.<\/li>\n<\/ul>\n<p>&nbsp;<\/p>\n<p style=\"text-align: justify;\"><a href=\"http:\/\/www.confindustria.it\/\"><strong>CONFINDUSTRIA<\/strong><\/a><br \/>\n(Organizzazione rappresentativa delle imprese manifatturiere e di servizi in Italia)<\/p>\n<ul style=\"text-align: justify;\">\n<li>Confederazione Generale dell\u2019Industria italiana che contribuisce, insieme alle istituzioni politiche e alle organizzazioni economiche, sociali e culturali, nazionali ed internazionali, alla crescita economica e al progresso sociale del paese.<\/li>\n<li>Interviene a <strong>sostegno delle organizzazioni economiche, politiche, sociali e culturali del Paese e dell\u2019Unione Europea.<\/strong><\/li>\n<li>Rappresenta e <strong>tutela il settore della produzione<\/strong> <strong>di beni e di servizi<\/strong>.<\/li>\n<\/ul>\n<p>&nbsp;<\/p>\n<p style=\"text-align: justify;\"><a href=\"https:\/\/www.enit.it\/\"><strong>ENIT<\/strong><\/a><br \/>\n(Ente Nazionale Italiano per il Turismo)<\/p>\n<ul style=\"text-align: justify;\">\n<li>Struttura istituzionale che provvede alla <strong>promozione turistica dell\u2019Italia all\u2019estero<\/strong> adottando iniziative per far conoscere all\u2019estero le risorse turistiche nazionali e regionali e in particolare i valori naturali, ambientali, storici culturali ed artistici del nostro paese.<\/li>\n<li>Provvede ad <strong>assistere e offrire servizi tecnici alle imprese turistiche italiane<\/strong> per la loro penetrazione commerciale sui mercati esteri.<\/li>\n<li>Elabora studi sui mercati internazionali ed in particolare sulle tendenze della domanda turistica individuale ed organizzata.<\/li>\n<li>Analizza l\u2019evoluzione della domanda turistica estera e pianifica strategie operative disegnate d\u2019intesa con i protagonisti pubblici e privati del turismo italiano (Ministero delle Attivit\u00e0 Produttive, Ministero degli Affari Esteri, Regioni, Amministrazioni pubbliche, Enti e Associazioni di categoria e produttori di servizi turistici.<\/li>\n<\/ul>\n<p>&nbsp;<\/p>\n<p style=\"text-align: justify;\"><a href=\"http:\/\/www.formez.it\/\"><strong>FORMEZ<\/strong><\/a><br \/>\n(Centro di Formazione e Studi)<\/p>\n<ul style=\"text-align: justify;\">\n<li>Istituto che <strong>fornisce assistenza tecnica e servizi formativi e informativi<\/strong> soprattutto alle Amministrazioni Locali.<\/li>\n<li>Partecipa ad <strong>iniziative di assistenza tecnica<\/strong> e di formazione a livello nazionale ed internazionale in collaborazione con organismi pubblici e privati.<\/li>\n<li>Il servizio Sportello Impresa di Formez svolge un\u2019<strong>attivit\u00e0 continua di formazione<\/strong>, <strong>assistenza e consulenza<\/strong> al fine di affiancare gli enti locali nella realizzazione e sviluppo degli Sportelli Unici per le attivit\u00e0 produttive.<\/li>\n<\/ul>\n<p>&nbsp;<\/p>\n<p style=\"text-align: justify;\"><a href=\"https:\/\/www.informest.it\/\"><strong>INFORMEST<\/strong><\/a><br \/>\n(Centro di Servizi e Documentazione per la Cooperazione Economica Internazionale)<\/p>\n<ul style=\"text-align: justify;\">\n<li>Struttura pubblica senza fini di lucro creata per offrire agli operatori del mercato <strong>servizi informativi, documentazione, formazione, assistenza e consulenza sui Paesi dell\u2019Est europeo<\/strong> (Balcani, Europa Centro-Orientale, CSI) e dell\u2019Asia centrale ed orientale (Cina, Mongolia, Vietnam).<\/li>\n<li>I servizi di Informest per l\u2019utilizzo degli strumenti di <strong>aiuto pubblico all\u2019internazionalizzazione<\/strong> includono l\u2019assistenza all\u2019impresa per la richiesta di finanziamenti o contributi fino al completamento della relativa procedura;<br \/>\nAlcune principali organizzazioni rappresentative.<\/li>\n<\/ul>\n<p>&nbsp;<\/p>\n<p style=\"text-align: justify;\"><a href=\"http:\/\/www.mondimpresa.it\"><strong>MONDOIMPRESA<\/strong><\/a><br \/>\n(Agenzia per la Mondializzazione dell\u2019impresa)<\/p>\n<ul style=\"text-align: justify;\">\n<li>Agenzia che <strong>promuove e sostiene i processi di mondializzazione<\/strong>, in particolare delle PMI \u2013 prevalentemente nel Mezzogiorno \u2013 attraverso un\u2019ampia e capillare rete in Italia, composta dalle diverse realt\u00e0 del Sistema italiano delle Camere di Commercio, della Confcommercio e della Confagricoltura.<\/li>\n<li>Redige offerte e progetti per la partecipazione a gare e per attingere a finanziamenti della Pubblica Amministrazione e delle principali organizzazioni internazionali.<\/li>\n<li>Organizza iniziative volte alla <strong>promozione del partenariato imprenditoriale<\/strong> <strong>transnazionale<\/strong>, sia a carattere settoriale sia multisettoriale.<\/li>\n<li><strong>Promuove gli investimenti esteri in Italia<\/strong> attraverso le opportune azioni informative sulla struttura del sistema imprenditoriale italiano e sulla legislazione a sostegno degli investimenti.<\/li>\n<\/ul>\n<p>&nbsp;<\/p>\n<p style=\"text-align: justify;\"><a href=\"https:\/\/www.unioncamere.gov.it\/\"><strong>UNIONCAMERE<\/strong><\/a><br \/>\n(Unione italiana delle Camere di Commercio Industria e Artigianato)<\/p>\n<ul>\n<li style=\"text-align: justify;\">Unione che cura e rappresenta gli interessi generali delle Camere di Commercio, punto di riferimento per i settori produttivi, sia a livello locale sia nazionale ed internazionale.<\/li>\n<li style=\"text-align: justify;\"><strong>Promuove, realizza e gestisce<\/strong>, direttamente o per il tramite di proprie aziende speciali, <strong>servizi e attivit\u00e0 d\u2019interesse<\/strong> delle Camere di Commercio e delle categorie economiche.<\/li>\n<li style=\"text-align: justify;\">Punta a <strong>consolidare e sviluppare la collaborazione <\/strong>con la rete delle CCIE.<\/li>\n<li style=\"text-align: justify;\">Facilita l\u2019accesso, con tecnologie all\u2019avanguardia, a iniziative e programmi comunitari, favorendo accordi internazionali per promuovere l\u2019Italia nel mondo.<\/li>\n<\/ul>\n","protected":false},"excerpt":{"rendered":"ASSOCAMERESTERO (Associazione delle Camere di Commercio Italiane all\u2019Estero) Associazione che rappresenta le esigenze e le potenzialit\u00e0 di servizio delle Camere di Commercio Italiane all\u2019estero (CCIE) e ricerca collaborazioni ed alleanze strategiche con soggetti ed enti pubblici e privati \u2013 italiani ed internazionali \u2013 per favorire la conoscenza e l\u2019utilizzo della rete delle CCIE. Provvede alla [&hellip;]","protected":false},"author":4,"featured_media":0,"parent":95,"menu_order":0,"comment_status":"closed","ping_status":"closed","template":"","meta":{"footnotes":""},"class_list":["post-302","page","type-page","status-publish","hentry"],"_links":{"self":[{"href":"https:\/\/ambpodgorica.esteri.it\/it\/wp-json\/wp\/v2\/pages\/302","targetHints":{"allow":["GET"]}}],"collection":[{"href":"https:\/\/ambpodgorica.esteri.it\/it\/wp-json\/wp\/v2\/pages"}],"about":[{"href":"https:\/\/ambpodgorica.esteri.it\/it\/wp-json\/wp\/v2\/types\/page"}],"author":[{"embeddable":true,"href":"https:\/\/ambpodgorica.esteri.it\/it\/wp-json\/wp\/v2\/users\/4"}],"replies":[{"embeddable":true,"href":"https:\/\/ambpodgorica.esteri.it\/it\/wp-json\/wp\/v2\/comments?post=302"}],"version-history":[{"count":6,"href":"https:\/\/ambpodgorica.esteri.it\/it\/wp-json\/wp\/v2\/pages\/302\/revisions"}],"predecessor-version":[{"id":3775,"href":"https:\/\/ambpodgorica.esteri.it\/it\/wp-json\/wp\/v2\/pages\/302\/revisions\/3775"}],"up":[{"embeddable":true,"href":"https:\/\/ambpodgorica.esteri.it\/it\/wp-json\/wp\/v2\/pages\/95"}],"wp:attachment":[{"href":"https:\/\/ambpodgorica.esteri.it\/it\/wp-json\/wp\/v2\/media?parent=302"}],"curies":[{"name":"wp","href":"https:\/\/api.w.org\/{rel}","templated":true}]}}