{"id":3569,"date":"2025-08-04T14:56:09","date_gmt":"2025-08-04T12:56:09","guid":{"rendered":"https:\/\/ambpodgorica.esteri.it\/?page_id=3569"},"modified":"2026-02-16T10:52:26","modified_gmt":"2026-02-16T09:52:26","slug":"studiare-presso-le-universita-italiane","status":"publish","type":"page","link":"https:\/\/ambpodgorica.esteri.it\/it\/italia-e-montenegro\/diplomazia-culturale\/missioni-archeologiche\/studiare-presso-le-universita-italiane\/","title":{"rendered":"Studiare presso Universit\u00e0 italiane"},"content":{"rendered":"<p style=\"text-align: justify;\"><img loading=\"lazy\" decoding=\"async\" class=\"wp-image-5008 img-fluid aligncenter\" src=\"https:\/\/ambpodgorica.esteri.it\/wp-content\/uploads\/2026\/02\/Study-in-Italy-300x184.jpg\" alt=\"\" width=\"561\" height=\"344\" srcset=\"https:\/\/ambpodgorica.esteri.it\/wp-content\/uploads\/2026\/02\/Study-in-Italy-300x184.jpg 300w, https:\/\/ambpodgorica.esteri.it\/wp-content\/uploads\/2026\/02\/Study-in-Italy-768x470.jpg 768w, https:\/\/ambpodgorica.esteri.it\/wp-content\/uploads\/2026\/02\/Study-in-Italy.jpg 867w\" sizes=\"auto, (max-width: 561px) 100vw, 561px\" \/><\/p>\n<p style=\"text-align: justify;\">Per poter accedere alle universit\u00e0 italiane \u00e8 necessario aver frequentato un <strong>ciclo scolastico non inferiore a 12 anni<\/strong> e superare un test di lingua. Tuttavia vi \u00e8 la possibilit\u00e0 di studiare in Italia anche senza parlare la lingua, se iscritti a una delle molte universit\u00e0 che offrono corsi in lingua inglese. Per l\u2019accesso ad alcune facolt\u00e0, sia triennali che magistrali, \u00e8 previsto un test d\u2019ingresso.<\/p>\n<p style=\"text-align: justify;\">Le tasse universitarie variano dai <strong>\u20ac900 ai \u20ac4.000<\/strong> all\u2019anno per le <strong>universit\u00e0 pubbliche<\/strong> e dai <strong>\u20ac6.000 ai \u20ac20.000<\/strong> all\u2019anno per quelle <strong>private<\/strong>. \u00c8 possibile accedere a <strong>borse di studio<\/strong> sulla base di reddito e merito scolastico, e\/o concorrere all\u2019assegnazione di una camera in studentato. Inoltre, il Governo italiano offre, con cadenza annua, borse di studio a cittadini stranieri o italiani residenti all\u2019estero per lo studio in Italia.<\/p>\n<p style=\"text-align: justify;\">Per maggiori informazioni consultare i siti:<\/p>\n<ul style=\"text-align: justify;\">\n<li><a href=\"https:\/\/www.universitaly.it\/studenti-stranieri\">https:\/\/www.universitaly.it\/studenti-stranieri<\/a><\/li>\n<li><a href=\"https:\/\/studyinitaly.esteri.it\/\">https:\/\/studyinitaly.esteri.it\/<\/a><\/li>\n<li><a href=\"https:\/\/uni-italia.it\/\">Homepage Studenti &#8211; Uni-Italia<\/a><\/li>\n<li><a href=\"https:\/\/www.esteri.it\/it\/opportunita\/borse-di-studio\/per-cittadini-stranieri\/borsestudio_stranieri\/\">https:\/\/www.esteri.it\/it\/opportunita\/borse-di-studio\/per-cittadini-stranieri\/borsestudio_stranieri\/<\/a><\/li>\n<\/ul>\n<p>&nbsp;<\/p>\n<p><span style=\"text-decoration: underline;\"><strong>Attualit\u00e0<\/strong><\/span><\/p>\n<p style=\"text-align: justify;\"><a href=\"https:\/\/ambpodgorica.esteri.it\/it\/news\/dall_ambasciata\/2025\/05\/apertura-delle-pre-iscrizioni-degli-studenti-internazionali-ai-corsi-universitari-in-italia-anno-accademico-2025-2026\/\">Apertura delle pre-iscrizioni degli studenti internazionali ai corsi universitari in Italia \u2013 Anno accademico 2025-2026<\/a>.<\/p>\n","protected":false},"excerpt":{"rendered":"Per poter accedere alle universit\u00e0 italiane \u00e8 necessario aver frequentato un ciclo scolastico non inferiore a 12 anni e superare un test di lingua. Tuttavia vi \u00e8 la possibilit\u00e0 di studiare in Italia anche senza parlare la lingua, se iscritti a una delle molte universit\u00e0 che offrono corsi in lingua inglese. Per l\u2019accesso ad alcune [&hellip;]","protected":false},"author":10,"featured_media":0,"parent":98,"menu_order":0,"comment_status":"closed","ping_status":"closed","template":"","meta":{"footnotes":""},"class_list":["post-3569","page","type-page","status-publish","hentry"],"_links":{"self":[{"href":"https:\/\/ambpodgorica.esteri.it\/it\/wp-json\/wp\/v2\/pages\/3569","targetHints":{"allow":["GET"]}}],"collection":[{"href":"https:\/\/ambpodgorica.esteri.it\/it\/wp-json\/wp\/v2\/pages"}],"about":[{"href":"https:\/\/ambpodgorica.esteri.it\/it\/wp-json\/wp\/v2\/types\/page"}],"author":[{"embeddable":true,"href":"https:\/\/ambpodgorica.esteri.it\/it\/wp-json\/wp\/v2\/users\/10"}],"replies":[{"embeddable":true,"href":"https:\/\/ambpodgorica.esteri.it\/it\/wp-json\/wp\/v2\/comments?post=3569"}],"version-history":[{"count":6,"href":"https:\/\/ambpodgorica.esteri.it\/it\/wp-json\/wp\/v2\/pages\/3569\/revisions"}],"predecessor-version":[{"id":5023,"href":"https:\/\/ambpodgorica.esteri.it\/it\/wp-json\/wp\/v2\/pages\/3569\/revisions\/5023"}],"up":[{"embeddable":true,"href":"https:\/\/ambpodgorica.esteri.it\/it\/wp-json\/wp\/v2\/pages\/98"}],"wp:attachment":[{"href":"https:\/\/ambpodgorica.esteri.it\/it\/wp-json\/wp\/v2\/media?parent=3569"}],"curies":[{"name":"wp","href":"https:\/\/api.w.org\/{rel}","templated":true}]}}