{"id":3589,"date":"2025-08-04T15:03:03","date_gmt":"2025-08-04T13:03:03","guid":{"rendered":"https:\/\/ambpodgorica.esteri.it\/?page_id=3589"},"modified":"2025-08-04T15:03:03","modified_gmt":"2025-08-04T13:03:03","slug":"in-montenegro","status":"publish","type":"page","link":"https:\/\/ambpodgorica.esteri.it\/it\/italia-e-montenegro\/diplomazia-culturale\/studiare-in-italia\/in-montenegro\/","title":{"rendered":"In Montenegro"},"content":{"rendered":"<p style=\"text-align: justify;\">Presso l\u2019<strong>Universit\u00e0<\/strong> <strong>del Montenegro<\/strong>, Facolt\u00e0 di Filologia di Nik\u0161i\u0107, \u00e8 attivo un Dipartimento di Lingua e Letteratura italiana con corso di laurea quadriennale in Lingua e Letteratura italiana, studi specialistici (Master) e studi di dottorato. All\u2019attivit\u00e0 del Dipartimento di Nik\u0161i\u0107 si affianca quella della <strong>Facolt\u00e0 di Turismo di Cattaro<\/strong> (Kotor) presso cui \u00e8 attivo un corso di lingua italiana e, a Podgorica, quella dell\u2019<strong>Universit\u00e0<\/strong> <strong>privata \u201cMediteran\u201d<\/strong> che, nell\u2019ambito del corso di laurea in \u201cLingua Inglese\u201d e del corso di laurea in \u201cTurismo\u201d offre la possibilit\u00e0 di studiare l\u2019\u201cItaliano per gli affari\u201d come materia biennale o triennale. L\u2019insegnamento dell\u2019italiano \u00e8, infine, presente in due Universit\u00e0 private, entrambe con sede a Budva, ovvero presso la <strong>Facolt\u00e0 di Business e Turismo<\/strong>, e presso l\u2019<strong>HEC<\/strong> (Centro di istruzione alberghiera). Anche l\u2019<strong>Universit\u00e0<\/strong> <strong>\u201cDonja Gorica\u201d<\/strong>, la pi\u00f9 importante tra le istituzioni universitarie private, ha attivato un corso di italiano a partire dall\u2019anno accademico 2021-22, contribuendo a consolidare la presenza dell\u2019studio dell\u2019italiano anche in questo altro ambito accademico privato.<\/p>\n<p style=\"text-align: justify;\">Fra <strong>scuole primarie e<\/strong> <strong>secondarie<\/strong> gli studenti di italiano risultano almeno 15.000 sparsi su tutto il territorio montenegrino (Podgorica, Kotor, Cetinje, Budva, Bar, Nik\u0161i\u0107, Tivat, Herceg Novi).<\/p>\n<p style=\"text-align: justify;\">La <strong>Comunit\u00e0 degli italiani in Montenegro<\/strong> offre corsi gratuiti di lingua italiana (livelli da A1 a B2 del Quadro Comune di riferimento europeo per la conoscenza della lingua italiana). I corsi si svolgono in diverse citt\u00e0 montenegrine in due cicli (marzo-giugno e settembre-dicembre). Per maggiori informazioni consultare il sito <a href=\"https:\/\/www.comunitamontenegro.org\/it\/\">https:\/\/www.comunitamontenegro.org\/it\/<\/a>.<\/p>\n<p style=\"text-align: justify;\">A Podgorica opera l\u2019<strong>ONG Cult.it<\/strong>, Centro Italiano di Cultura, che nel 2006 ha ereditato il ruolo della cosiddetta \u201cAntenna Culturale Italiana\u201d istituita nel 2005 come referente in Montenegro dell\u2019Istituto italiano di Cultura di Belgrado. Questa organizzazione \u00e8 impegnata nella realizzazione di eventi culturali (spesso in collaborazione con questa Ambasciata), propone corsi di italiano di tre differenti livelli (A1-B2) modulati secondo gli standard europei. Per contattare il centro Cult.it \u00e8 possibile inviare una e-mail all\u2019indirizzo <a href=\"mailto:antennapg@t-com.mne\">antennapg@t-com.mne<\/a>.<\/p>\n","protected":false},"excerpt":{"rendered":"Presso l\u2019Universit\u00e0 del Montenegro, Facolt\u00e0 di Filologia di Nik\u0161i\u0107, \u00e8 attivo un Dipartimento di Lingua e Letteratura italiana con corso di laurea quadriennale in Lingua e Letteratura italiana, studi specialistici (Master) e studi di dottorato. All\u2019attivit\u00e0 del Dipartimento di Nik\u0161i\u0107 si affianca quella della Facolt\u00e0 di Turismo di Cattaro (Kotor) presso cui \u00e8 attivo un [&hellip;]","protected":false},"author":10,"featured_media":0,"parent":99,"menu_order":0,"comment_status":"closed","ping_status":"closed","template":"","meta":{"footnotes":""},"class_list":["post-3589","page","type-page","status-publish","hentry"],"_links":{"self":[{"href":"https:\/\/ambpodgorica.esteri.it\/it\/wp-json\/wp\/v2\/pages\/3589","targetHints":{"allow":["GET"]}}],"collection":[{"href":"https:\/\/ambpodgorica.esteri.it\/it\/wp-json\/wp\/v2\/pages"}],"about":[{"href":"https:\/\/ambpodgorica.esteri.it\/it\/wp-json\/wp\/v2\/types\/page"}],"author":[{"embeddable":true,"href":"https:\/\/ambpodgorica.esteri.it\/it\/wp-json\/wp\/v2\/users\/10"}],"replies":[{"embeddable":true,"href":"https:\/\/ambpodgorica.esteri.it\/it\/wp-json\/wp\/v2\/comments?post=3589"}],"version-history":[{"count":1,"href":"https:\/\/ambpodgorica.esteri.it\/it\/wp-json\/wp\/v2\/pages\/3589\/revisions"}],"predecessor-version":[{"id":3592,"href":"https:\/\/ambpodgorica.esteri.it\/it\/wp-json\/wp\/v2\/pages\/3589\/revisions\/3592"}],"up":[{"embeddable":true,"href":"https:\/\/ambpodgorica.esteri.it\/it\/wp-json\/wp\/v2\/pages\/99"}],"wp:attachment":[{"href":"https:\/\/ambpodgorica.esteri.it\/it\/wp-json\/wp\/v2\/media?parent=3589"}],"curies":[{"name":"wp","href":"https:\/\/api.w.org\/{rel}","templated":true}]}}