{"id":3618,"date":"2025-08-04T15:13:12","date_gmt":"2025-08-04T13:13:12","guid":{"rendered":"https:\/\/ambpodgorica.esteri.it\/?page_id=3618"},"modified":"2026-04-15T11:56:48","modified_gmt":"2026-04-15T09:56:48","slug":"eventi-promozioni","status":"publish","type":"page","link":"https:\/\/ambpodgorica.esteri.it\/it\/italia-e-montenegro\/diplomazia-culturale\/lingua-e-cultura-italiana\/eventi-promozioni\/","title":{"rendered":"Eventi\/promozioni"},"content":{"rendered":"<p style=\"text-align: justify;\"><strong><u>Eventi nel corso del 2024<\/u><\/strong><\/p>\n<ul style=\"text-align: justify;\">\n<li>Partecipazione al <strong>Festival della Poesia di Bijelo Polje \u201cRatkoviceve veceri poezije\u201d<\/strong>, che, giunto alla sua 54\u00b0 edizione, \u00e8 la pi\u00f9 importante manifestazione dedicata alla poesia nella regione.<\/li>\n<li>Partecipazione al <strong>Festival del fumetto di Herceg Novi, <\/strong>che annualmente riunisce pi\u00f9 di 150 ospiti, tra fumettisti locali, dalla regione e internazionali.<\/li>\n<li>Partecipazione al <strong>Podgorica Comic Fest, <\/strong>giunto alla seconda edizione, che, nel 2024, \u00e8 stata interamente dedicata al fumetto italiano.<\/li>\n<li>Partecipazione alla <a href=\"https:\/\/ambpodgorica.esteri.it\/it\/news\/dall_ambasciata\/2024\/10\/x-fiera-del-libro-di-podgorica-2-6-ottobre-2024\/\"><strong>Fiera internazionale del libro di Podgorica<\/strong><\/a>, che riunisce ogni anno editori e autori locali, dalla regione e internazionali per oltre 40 eventi culturali, tra presentazioni di libri, di autori, di editori, film e concerti.<\/li>\n<li>Avvio della programmazione <strong>RAI COM sulla tv montenegrina <\/strong>RTCG, che permette la visione di tanti recenti prodotti di intrattenimento RAI, trasmessi in italiano con sottotitoli in lingua locale.<\/li>\n<li>Organizzazione della seconda edizione di \u201c<a href=\"https:\/\/ambpodgorica.esteri.it\/it\/news\/dall_ambasciata\/2024\/12\/cinema-made-in-italy-giornate-del-cinema-italiano-dal-7-all11-dicembre-a-podgorica\/\"><strong>Giornate del cinema italiano<\/strong><\/a>\u201d, una manifestazione che, in collaborazione con l\u2019Istituto Italiano di Cultura di Belgrado, propone la proiezioni di alcune delle opere pi\u00f9 recenti del cinema italiano contemporaneo, sottotitolati in montenegrino.<\/li>\n<\/ul>\n<p>&nbsp;<\/p>\n<p style=\"text-align: justify;\">L\u2019Ambasciata partecipa inoltre attivamente ogni anno alla <strong>Settimana della Lingua Italiana nel mondo (SLIM<\/strong>).<\/p>\n<p style=\"text-align: justify;\"><strong><u>SLIM 2024:<\/u><\/strong><\/p>\n<ul style=\"text-align: justify;\">\n<li><strong>Rappresentazione teatrale \u201cMarco Polo\u201d<\/strong>, presso il Liceo Slobodan \u0160kerovi\u0107 di Podgorica.<\/li>\n<li><strong>Incontro con l\u2019autrice Mariolina Venezia<\/strong>, diventata celebre per aver redatto i libri a cui \u00e8 ispirata la serie Rai \u201cImma Tataranni\u201d, presso il Dipartimento di italianistica di Nik\u0161i\u0107, con una trentina di studenti universitari di lingua e letteratura italiana. Un secondo incontro \u00e8 stato organizzato presso il Liceo Slobodan \u0160kerovi\u0107, in uno scambio tra l\u2019autrice e circa 60 studenti della lingua italiana.<\/li>\n<li><strong>Presentazione del libro \u201cIl Presidente della Repubblica in Italia\u201d<\/strong>, del prof. Gianluca Passarelli, e della relativa traduzione in lingua montenegrina, a cura dell\u2019Associazione di Scienze Politiche del Montenegro, e con il contributo dell\u2019ONG CEMI, presso la Facolt\u00e0 di Scienze politiche dell\u2019Universit\u00e0 del Montenegro. L\u2019evento, partendo dal contenuto del libro, ha consentito anche una discussione tra accademici italiani e montenegrini sul ruolo e le funzioni del Capo dello Stato in Italia e in Montenegro.<\/li>\n<li><strong>Gara di recitazione di poesia italiana<\/strong>, organizzata dall\u2019Associazione insegnanti di italiano, in collaborazione con il Dipartimento di italianistica di Nik\u0161i\u0107, che ha coinvolto circa 75 studenti di lingua italiana.<\/li>\n<li><strong>Spettacolo \u201cLa lezione di teatro \u2013 The acting class\u201d<\/strong>, di Francesca Bizzarri e Goffredo Puccetti, interpretato da Francesca Bizzarri e Claudio Grilli, presso il teatro \u201cKic Budo Tomovi\u0107\u201d di Podgorica.<\/li>\n<\/ul>\n<p style=\"text-align: justify;\"><strong><u>SLIM 2025<\/u><\/strong><\/p>\n<p style=\"text-align: justify;\">Dal 13 al 19 ottobre 2025 si celebrer\u00e0 la XXV edizione della Settimana della lingua Italiana nel mondo, dal titolo \u201c<strong>Italofonia: lingua oltre i confini<\/strong>\u201d. Il tema scelto \u00e8 volto a celebrare lo spazio linguistico, culturale e sociale dell\u2019italiano, immaginando una nuova comunit\u00e0 di persone nel mondo legate dalla passione per lingua italiana e, attraverso di essa, dalla vicinanza all\u2019Italia.<\/p>\n<p>&nbsp;<\/p>\n<p><strong><u>Eventi nel corso del 2026<\/u><\/strong><\/p>\n","protected":false},"excerpt":{"rendered":"Eventi nel corso del 2024 Partecipazione al Festival della Poesia di Bijelo Polje \u201cRatkoviceve veceri poezije\u201d, che, giunto alla sua 54\u00b0 edizione, \u00e8 la pi\u00f9 importante manifestazione dedicata alla poesia nella regione. Partecipazione al Festival del fumetto di Herceg Novi, che annualmente riunisce pi\u00f9 di 150 ospiti, tra fumettisti locali, dalla regione e internazionali. Partecipazione [&hellip;]","protected":false},"author":10,"featured_media":0,"parent":101,"menu_order":0,"comment_status":"closed","ping_status":"closed","template":"","meta":{"footnotes":""},"class_list":["post-3618","page","type-page","status-publish","hentry"],"_links":{"self":[{"href":"https:\/\/ambpodgorica.esteri.it\/it\/wp-json\/wp\/v2\/pages\/3618","targetHints":{"allow":["GET"]}}],"collection":[{"href":"https:\/\/ambpodgorica.esteri.it\/it\/wp-json\/wp\/v2\/pages"}],"about":[{"href":"https:\/\/ambpodgorica.esteri.it\/it\/wp-json\/wp\/v2\/types\/page"}],"author":[{"embeddable":true,"href":"https:\/\/ambpodgorica.esteri.it\/it\/wp-json\/wp\/v2\/users\/10"}],"replies":[{"embeddable":true,"href":"https:\/\/ambpodgorica.esteri.it\/it\/wp-json\/wp\/v2\/comments?post=3618"}],"version-history":[{"count":6,"href":"https:\/\/ambpodgorica.esteri.it\/it\/wp-json\/wp\/v2\/pages\/3618\/revisions"}],"predecessor-version":[{"id":5411,"href":"https:\/\/ambpodgorica.esteri.it\/it\/wp-json\/wp\/v2\/pages\/3618\/revisions\/5411"}],"up":[{"embeddable":true,"href":"https:\/\/ambpodgorica.esteri.it\/it\/wp-json\/wp\/v2\/pages\/101"}],"wp:attachment":[{"href":"https:\/\/ambpodgorica.esteri.it\/it\/wp-json\/wp\/v2\/media?parent=3618"}],"curies":[{"name":"wp","href":"https:\/\/api.w.org\/{rel}","templated":true}]}}