{"id":3638,"date":"2025-08-04T15:21:23","date_gmt":"2025-08-04T13:21:23","guid":{"rendered":"https:\/\/ambpodgorica.esteri.it\/?page_id=3638"},"modified":"2025-08-08T09:03:14","modified_gmt":"2025-08-08T07:03:14","slug":"in-montenegro","status":"publish","type":"page","link":"https:\/\/ambpodgorica.esteri.it\/it\/italia-e-montenegro\/diplomazia-culturale\/turismo-2\/in-montenegro\/","title":{"rendered":"In Montenegro"},"content":{"rendered":"<p style=\"text-align: justify;\"><strong><u>Documenti<\/u><\/strong><\/p>\n<p style=\"text-align: justify;\">Per sapere quali documenti sono necessari per poter entrare nel territorio montenegrino, consultare la pagina Viaggiare Sicuri al link: <a href=\"https:\/\/www.viaggiaresicuri.it\/find-country\/country\/MNE\">https:\/\/www.viaggiaresicuri.it\/find-country\/country\/MNE<\/a><\/p>\n<p>&nbsp;<\/p>\n<p style=\"text-align: justify;\"><strong><u>Telefonia<\/u><\/strong><\/p>\n<p style=\"text-align: justify;\">Non essendo parte dell\u2019UE, i costi del roaming potrebbero essere pi\u00f9 alti rispetto ad altri paesi europei. La maggior parte degli operatori internazionali offre piano di roaming, ma le tariffe posso variare a dipendere dall\u2019operatore telefonico e dal piano utilizzato. Si consiglia di controllare le tariffe del proprio operatore prima di partire o di valutare l\u2019acquisto di <strong>eSIM<\/strong> o <strong>SIM locali<\/strong>, che spesso risultano essere alternative pi\u00f9 economiche.<\/p>\n<p style=\"text-align: justify;\">Il prefisso telefonico internazionale per il Montenegro \u00e8 00382 (<strong>+382<\/strong>).<\/p>\n<p>&nbsp;<\/p>\n<p style=\"text-align: justify;\"><strong><u>Emergenze<\/u><\/strong><\/p>\n<p style=\"text-align: justify;\"><strong>Numero unico per le emergenze<\/strong><strong>:<\/strong> <strong>112, attivo 24 ore su 24, 7 giorni su 7, gratuito.<\/strong><br \/>\nSi pu\u00f2 chiamare da qualsiasi telefono, anche senza credito o segnale,\u00a0qualora si necessiti di richiedere l&#8217;intervento di Ambulanze, Vigili del Fuoco, Polizia, Soccorso Alpino, qualsiasi servizio di emergenza relativo al sistema di Protezione Civile e Soccorso. Il Centro Operativo-Comunicativo 112 (OCC112) funge anche da Centro nazionale di coordinamento della ricerca e soccorso (RCC), quindi \u00e8 usufruibile da chiunque necessiti soccorso, anche in montagna o in terreni inaccessibili.<\/p>\n<p style=\"text-align: justify;\">\u00c8 possibile chiamare anche le singole unit\u00e0 ai seguenti numeri:<\/p>\n<ul style=\"text-align: justify;\">\n<li>Polizia di Stato: <strong>122<\/strong><\/li>\n<li>Vigili del fuoco: <strong>123<\/strong><\/li>\n<li>Pronto soccorso: <strong>124<\/strong><\/li>\n<li>Soccorso in mare:<strong> 129<\/strong><\/li>\n<li>Soccorso stradale: <strong>19807<\/strong><\/li>\n<li>Info strade:<strong> 020 234999<\/strong><\/li>\n<\/ul>\n<p>&nbsp;<\/p>\n<p style=\"text-align: justify;\"><strong><u>Orari delle attivit\u00e0<\/u><\/strong><\/p>\n<ul style=\"text-align: justify;\">\n<li><strong>Banche<\/strong>: luned\u00ec &#8211; venerd\u00ec 08:30 &#8211; 15:30. <strong>Sabato, domenica e tutti giorni festivi sono chiuse<\/strong>.<\/li>\n<li><strong>Centri commerciali<\/strong>: luned\u00ec &#8211; sabato 10:00 &#8211; 22:00. <strong>Domenica giorno di chiusura<\/strong>.<\/li>\n<li><strong>Uffici postali<\/strong>: luned\u00ec- venerd\u00ec 09:00 &#8211; 18.00, sabato 08.00 \u2013 12.00.<\/li>\n<li><strong>Negozi<\/strong>: luned\u00ec &#8211; sabato 09:00 &#8211; 21.00.<strong> Domenica giorno di chiusura<\/strong>.<\/li>\n<\/ul>\n<p>&nbsp;<\/p>\n<p style=\"text-align: justify;\"><strong><u>Quando visitare il Montenegro<\/u><\/strong><\/p>\n<p style=\"text-align: justify;\">Il clima lungo le coste \u00e8 di tipo mediterraneo, con estati calde e secche, mentre verso l\u2019interno \u00e8 di tipo continentale, con inverni piovosi e rigidi.<\/p>\n<p>&nbsp;<\/p>\n<p style=\"text-align: justify;\"><strong><u>Non solo mare\u2026<\/u><\/strong><\/p>\n<p style=\"text-align: justify;\">A poco pi\u00f9 di due ore di auto da Podgorica si trova il <strong>Parco Nazionale del Durmitor<\/strong>, tesoro naturalistico nel cuore del Montenegro, protetto dall\u2019UNESCO. Il Parco \u00e8 una tappa immancabile durante un viaggio in Montenegro, soprattutto per gli appassionati di trekking. Qui, oltre ad alte vette, fiumi, laghi, si trova anche il <strong>canyon Tara<\/strong> che, con i suoi 1300 metri di profondit\u00e0, \u00e8 il canyon pi\u00f9 profondo d\u2019Europa.<\/p>\n<p style=\"text-align: justify;\">Per maggiori informazioni sulle attivit\u00e0 e avventure da vivere nel Parco, consultare il sito: <a href=\"https:\/\/www.durmitornp.com\/\">https:\/\/www.durmitornp.com\/<\/a> .<\/p>\n<p>&nbsp;<\/p>\n<p style=\"text-align: justify;\"><strong><u>UNESCO<\/u><\/strong><\/p>\n<p style=\"text-align: justify;\">Oltre al Parco Nazionale del Durmitor, sul territorio Montenegrino sono presenti 3 siti UNESCO di tipo culturale.<\/p>\n<ul style=\"text-align: justify;\">\n<li><strong>Regione naturale e storico-culturale di Kotor:<\/strong> un porto naturale sulla costa adriatica che, nel medioevo, fungeva da importante centro artistico e commerciale, con le sue famose scuole di muratura e iconografia. Il sito comprende un paesaggio composto da due baie interconnesse circondate da montagne che raggiungono rapidamente quasi i 1.500 metri.<\/li>\n<li><strong>Cimiteri medievali con lapidi di Ste\u0107ci: <\/strong>questo sito trasnazionale comprende 28 siti situati in Bosnia-Erzegovina, Serbia occidentale, Montenegro occidentale e Croazia centrale e meridionale, che rappresentano questi cimiteri e le lapidi medievali distintive della regione, o ste\u0107ci. I cimiteri, risalenti al XII-XVI secolo d.C., sono disposti in file, come era consuetudine in Europa nel Medioevo.<\/li>\n<li><strong>Opere difensive veneziane tra il XVI e il XVII secolo: Stato da Terra \u2013 Stato di Mare Occidentale<\/strong>. Questo sito transnazionale comprende, oltre ai siti presenti in Italia e Croazia, anche la Citt\u00e0 fortificata di Kotor. Le fortificazioni dello Stato da Terra proteggevano la Repubblica di Venezia dalle altre potenze europee a nord-ovest, mentre quelle dello Stato da Mar proteggevano le rotte marittime e i porti dell&#8217;Adriatico verso il Levante.<\/li>\n<\/ul>\n<p style=\"text-align: justify;\">Per maggiori informazioni, consultare il sito ufficiale UNESCO: <a href=\"https:\/\/whc.unesco.org\/en\/statesparties\/me\">https:\/\/whc.unesco.org\/en\/statesparties\/me<\/a> .<\/p>\n<p>&nbsp;<\/p>\n<p style=\"text-align: justify;\"><strong><u>Siti utili<\/u><\/strong><\/p>\n<p style=\"text-align: justify;\"><strong>Sito dell&#8217;Organizzazione Nazionale del Turismo<\/strong>: \u00a0<a href=\"http:\/\/www.montenegro.travel\/\">www.montenegro.travel<\/a><br \/>\nSi specifica che in ogni Municipalit\u00e0 (l\u2019equivalente dei Comuni in Italia) \u00e8 operativa una <strong>Organizzazione locale del turismo<\/strong>, con il proprio sito.<\/p>\n<p style=\"text-align: justify;\">Si riportano a seguire i siti di alcune delle Municipalit\u00e0:<\/p>\n<ul>\n<li style=\"text-align: justify;\">Budva: <a href=\"https:\/\/budva.travel\/\">https:\/\/budva.travel\/<\/a><\/li>\n<li style=\"text-align: justify;\">Bar: <a href=\"https:\/\/visitbar.org\/index.php?lang=it\">https:\/\/visitbar.org\/index.php?lang=it<\/a><\/li>\n<li style=\"text-align: justify;\">Kotor: <a href=\"https:\/\/kotor.ca\/index.html\">https:\/\/kotor.ca\/index.html<\/a><\/li>\n<li style=\"text-align: justify;\">Podgorica: <a href=\"https:\/\/podgorica.travel\/en\/homepage\/\">https:\/\/podgorica.travel\/en\/homepage\/<\/a><\/li>\n<li style=\"text-align: justify;\">Tivat: <a href=\"https:\/\/tivat.travel\/en\/\">https:\/\/tivat.travel\/en\/<\/a><\/li>\n<li style=\"text-align: justify;\">Ulcinj: <a href=\"https:\/\/ulcinj.travel\/\">https:\/\/ulcinj.travel\/<\/a><\/li>\n<\/ul>\n","protected":false},"excerpt":{"rendered":"Documenti Per sapere quali documenti sono necessari per poter entrare nel territorio montenegrino, consultare la pagina Viaggiare Sicuri al link: https:\/\/www.viaggiaresicuri.it\/find-country\/country\/MNE &nbsp; Telefonia Non essendo parte dell\u2019UE, i costi del roaming potrebbero essere pi\u00f9 alti rispetto ad altri paesi europei. La maggior parte degli operatori internazionali offre piano di roaming, ma le tariffe posso variare [&hellip;]","protected":false},"author":10,"featured_media":0,"parent":3632,"menu_order":0,"comment_status":"closed","ping_status":"closed","template":"","meta":{"footnotes":""},"class_list":["post-3638","page","type-page","status-publish","hentry"],"_links":{"self":[{"href":"https:\/\/ambpodgorica.esteri.it\/it\/wp-json\/wp\/v2\/pages\/3638","targetHints":{"allow":["GET"]}}],"collection":[{"href":"https:\/\/ambpodgorica.esteri.it\/it\/wp-json\/wp\/v2\/pages"}],"about":[{"href":"https:\/\/ambpodgorica.esteri.it\/it\/wp-json\/wp\/v2\/types\/page"}],"author":[{"embeddable":true,"href":"https:\/\/ambpodgorica.esteri.it\/it\/wp-json\/wp\/v2\/users\/10"}],"replies":[{"embeddable":true,"href":"https:\/\/ambpodgorica.esteri.it\/it\/wp-json\/wp\/v2\/comments?post=3638"}],"version-history":[{"count":7,"href":"https:\/\/ambpodgorica.esteri.it\/it\/wp-json\/wp\/v2\/pages\/3638\/revisions"}],"predecessor-version":[{"id":4230,"href":"https:\/\/ambpodgorica.esteri.it\/it\/wp-json\/wp\/v2\/pages\/3638\/revisions\/4230"}],"up":[{"embeddable":true,"href":"https:\/\/ambpodgorica.esteri.it\/it\/wp-json\/wp\/v2\/pages\/3632"}],"wp:attachment":[{"href":"https:\/\/ambpodgorica.esteri.it\/it\/wp-json\/wp\/v2\/media?parent=3638"}],"curies":[{"name":"wp","href":"https:\/\/api.w.org\/{rel}","templated":true}]}}