{"id":3730,"date":"2025-08-05T14:33:37","date_gmt":"2025-08-05T12:33:37","guid":{"rendered":"https:\/\/ambpodgorica.esteri.it\/?page_id=3730"},"modified":"2025-08-08T16:06:24","modified_gmt":"2025-08-08T14:06:24","slug":"missioni-archeologiche","status":"publish","type":"page","link":"https:\/\/ambpodgorica.esteri.it\/it\/italia-e-montenegro\/diplomazia-scientifica\/missioni-archeologiche\/","title":{"rendered":"Missioni archeologiche"},"content":{"rendered":"<p style=\"text-align: justify;\">Il Montenegro presenta un patrimonio archeologico particolarmente ricco e variegato, che spazia dall\u2019<strong>antichit\u00e0<\/strong> (in particolare l\u2019<strong>et\u00e0<\/strong> <strong>romana<\/strong>) fino alle <strong>epoche veneziana e ottomana<\/strong>. Molti siti di rilevante interesse risultano ancora relativamente <strong>poco studiati e valorizzati<\/strong>, anche a causa dell\u2019assenza, a livello nazionale, di una facolt\u00e0 universitaria di archeologia. In questo contesto, la cooperazione scientifica bilaterale tra Italia e Montenegro si \u00e8 progressivamente rafforzata, anche grazie all\u2019<strong>Accordo<\/strong> <strong>di cooperazione scientifica e<\/strong> <strong>tecnologica<\/strong> firmato nel <strong>2013<\/strong> ed entrato in vigore nel 2018, nonch\u00e9 ai relativi <strong>Programmi Esecutivi<\/strong>, l\u2019ultimo dei quali \u00e8 stato <strong>rinnovato a fine 2022 per il triennio 2023\u20132025<\/strong>.<\/p>\n<p style=\"text-align: justify;\">Il <strong>Ministero degli Affari Esteri e della Cooperazione Internazionale<\/strong> (MAECI) sostiene missioni archeologiche, antropologiche ed etnologiche italiane all\u2019estero, promuovendo il patrimonio culturale dei Paesi partner e contribuendo allo sviluppo sostenibile dei territori coinvolti. Il sostegno del MAECI si concretizza anche attraverso il <strong>riconoscimento istituzionale <\/strong>delle attivit\u00e0, che rappresenta una forma importante di valorizzazione del lavoro scientifico e un preludio a eventuali futuri finanziamenti.<\/p>\n<p style=\"text-align: justify;\">Nel 2023, \u00e8 stato attribuito il \u201criconoscimento istituzionale\u201d ai progetti <strong>\u201cArcheologia del Montenegro nella tarda antichit\u00e0 (IV-VII sec.d.C.)<\/strong><strong>\u201d<\/strong>, presentato dal <strong>CNR<\/strong>, ed \u201c<strong>Adattamenti umani preistorici nell\u2019entroterra delle Alpi Dinariche del Montenegro<\/strong>\u201d, presentato dall\u2019<strong>Universit\u00e0 \u201cLa Sapienza\u201d<\/strong> di Roma.<\/p>\n<p style=\"text-align: justify;\">Il progetto\u00a0\u201c<strong>Archeologia del Montenegro nella tarda antichit\u00e0 (IV-VII sec.d.C.)<\/strong>\u201d, diretto dalla Professoressa Carla Sfameni, si inserisce in un filone pluriennale di studi e ricerche in Montenegro, volti alla ricostruzione dei \u201cfatti storici\u201d che hanno caratterizzato il Montenegro nel periodo tra l\u2019ultima fase dell\u2019Impero romano e la prima et\u00e0 bizantina, attraverso l\u2019analisi della documentazione archeologica e dei materiali archeologici disponibili nella zona compresa tra la citt\u00e0 romana di <strong>Doclea<\/strong> e <strong>Danilovgrad<\/strong>.<\/p>\n<p style=\"text-align: justify;\">Il progetto \u201c<strong>Adattamenti umani preistorici nell\u2019entroterra delle Alpi Dinariche del Montenegro<\/strong>\u201d, diretto dal Professor Du\u0161an Bori\u0107, comprende scavi presso le <strong>grotte di Vrbi\u010dka<\/strong>, nei pressi di Nik\u0161i\u0107, e <strong>di \u010canj<\/strong>, che coprono un ampio arco temporale che va dal Paleolitico finale all&#8217;Et\u00e0 del Bronzo. Gli scavi, concentrati sui <strong>livelli paleolitici<\/strong>, hanno fatto emergere abbondanti materiali archeologici ed archeo-zoologici e campioni paleo-ambientali. Questo progetto ha giovato nel 2024 e nel 2025, come nel 2023, del \u201criconoscimento istituzionale\u201d da parte del MAECI.<\/p>\n","protected":false},"excerpt":{"rendered":"Il Montenegro presenta un patrimonio archeologico particolarmente ricco e variegato, che spazia dall\u2019antichit\u00e0 (in particolare l\u2019et\u00e0 romana) fino alle epoche veneziana e ottomana. Molti siti di rilevante interesse risultano ancora relativamente poco studiati e valorizzati, anche a causa dell\u2019assenza, a livello nazionale, di una facolt\u00e0 universitaria di archeologia. In questo contesto, la cooperazione scientifica bilaterale [&hellip;]","protected":false},"author":10,"featured_media":0,"parent":45,"menu_order":0,"comment_status":"closed","ping_status":"closed","template":"","meta":{"footnotes":""},"class_list":["post-3730","page","type-page","status-publish","hentry"],"_links":{"self":[{"href":"https:\/\/ambpodgorica.esteri.it\/it\/wp-json\/wp\/v2\/pages\/3730","targetHints":{"allow":["GET"]}}],"collection":[{"href":"https:\/\/ambpodgorica.esteri.it\/it\/wp-json\/wp\/v2\/pages"}],"about":[{"href":"https:\/\/ambpodgorica.esteri.it\/it\/wp-json\/wp\/v2\/types\/page"}],"author":[{"embeddable":true,"href":"https:\/\/ambpodgorica.esteri.it\/it\/wp-json\/wp\/v2\/users\/10"}],"replies":[{"embeddable":true,"href":"https:\/\/ambpodgorica.esteri.it\/it\/wp-json\/wp\/v2\/comments?post=3730"}],"version-history":[{"count":2,"href":"https:\/\/ambpodgorica.esteri.it\/it\/wp-json\/wp\/v2\/pages\/3730\/revisions"}],"predecessor-version":[{"id":3909,"href":"https:\/\/ambpodgorica.esteri.it\/it\/wp-json\/wp\/v2\/pages\/3730\/revisions\/3909"}],"up":[{"embeddable":true,"href":"https:\/\/ambpodgorica.esteri.it\/it\/wp-json\/wp\/v2\/pages\/45"}],"wp:attachment":[{"href":"https:\/\/ambpodgorica.esteri.it\/it\/wp-json\/wp\/v2\/media?parent=3730"}],"curies":[{"name":"wp","href":"https:\/\/api.w.org\/{rel}","templated":true}]}}