{"id":3755,"date":"2025-08-07T09:52:48","date_gmt":"2025-08-07T07:52:48","guid":{"rendered":"https:\/\/ambpodgorica.esteri.it\/?page_id=3755"},"modified":"2025-09-12T16:17:25","modified_gmt":"2025-09-12T14:17:25","slug":"3755-2","status":"publish","type":"page","link":"https:\/\/ambpodgorica.esteri.it\/it\/italia-e-montenegro\/diplomazia-economica\/fare-affari-in-italia\/3755-2\/","title":{"rendered":"Contatti utili per le imprese"},"content":{"rendered":"<p style=\"text-align: justify;\"><strong><a href=\"https:\/\/www.assocamerestero.it\/\">ASSOCAMERESTERO<\/a><\/strong><br \/>\n(Associazione delle Camere di Commercio Italiane all\u2019Estero)<\/p>\n<ul style=\"text-align: justify;\">\n<li>Associazione che rappresenta le esigenze e le potenzialit\u00e0 di servizio delle Camere di Commercio Italiane all\u2019estero (CCIE) e ricerca collaborazioni ed alleanze strategiche con soggetti ed enti pubblici e privati \u2013 italiani ed internazionali \u2013 per favorire la conoscenza e l\u2019utilizzo della rete delle CCIE.<\/li>\n<li>Provvede alla redazione del Rapporto sulle Opportunit\u00e0 di Business, che prospetta le potenzialit\u00e0 delle CCIE quali fornitori di informazioni sulle opportunit\u00e0 d\u2019affari, settore per settore, esistenti nei paesi di operativit\u00e0 della rete.<\/li>\n<li>Svolge <strong>attivit\u00e0 di assistenza progettuale e coordinamento degli sportelli per l\u2019internazionalizzazione<\/strong> delle Camere di Commercio Italiane all\u2019estero, di raccordo con il progetto di Unioncamere.<\/li>\n<\/ul>\n<p>&nbsp;<\/p>\n<p style=\"text-align: justify;\"><a href=\"https:\/\/www.bancaditalia.it\/\" data-focus-mouse=\"false\"><strong>BANCA D\u2019ITALIA<\/strong><\/a><\/p>\n<p style=\"text-align: justify;\">Sul sito della Banca d\u2019Italia \u00e8 presente il collegamento alla sezione pubblicazioni attraverso il quale si accede ai <strong>servizi di carattere economico e statistico<\/strong> e di politica monetaria sull\u2019Italia.<\/p>\n<p style=\"text-align: justify;\">Di particolare interesse ai fini di un\u2019accurata ed aggiornata <strong>analisi sul quadro economico nazionale <\/strong>si segnala, in questa sezione, il <a href=\"https:\/\/www.bancaditalia.it\/pubblicazioni\/bollettino-economico\/?dotcache=refresh\">Bollettino Economico<\/a> che viene aggiornato dall\u2019Istituto a novembre e marzo di ogni anno.<\/p>\n<p>&nbsp;<\/p>\n<p style=\"text-align: justify;\"><a href=\"https:\/\/www.mimit.gov.it\/it\/caie\"><strong>CAIE<\/strong> <\/a><br \/>\n(Comitato Attrazione Investimenti Esteri)<\/p>\n<p style=\"text-align: justify;\">Comitato istituito nel <strong>2014<\/strong> e presieduto dal <strong>Ministero delle Imprese e del Made in Italy<\/strong>. \u00c8 composto da rappresentanti del Ministero degli Affari Esteri e della Cooperazione Internazionale, del Ministero dell\u2019Economia e Finanze e della Conferenza delle Regioni e delle Province autonome.<\/p>\n<ul style=\"text-align: justify;\">\n<li>Formula proposte per<strong> migliorare l\u2019attrattivit\u00e0 del Paese <\/strong>e<strong> il clima per gli investimenti<\/strong><\/li>\n<li>Segue specifici progetti di investimento esteri con un impatto particolarmente elevato.<\/li>\n<\/ul>\n<p>&nbsp;<\/p>\n<p style=\"text-align: justify;\"><a href=\"http:\/\/www.confindustria.it\/\"><strong>CONFINDUSTRIA<\/strong><\/a><br \/>\n(Organizzazione rappresentativa delle imprese manifatturiere e di servizi in Italia)<\/p>\n<ul style=\"text-align: justify;\">\n<li>Confederazione Generale dell\u2019Industria italiana che contribuisce, insieme alle istituzioni politiche e alle organizzazioni economiche, sociali e culturali, nazionali ed internazionali, alla crescita economica e al progresso sociale del paese.<\/li>\n<li>Interviene a <strong>sostegno delle organizzazioni economiche, politiche, sociali e culturali del Paese e dell\u2019Unione Europea.<\/strong><\/li>\n<li>Rappresenta e <strong>tutela il settore della produzione<\/strong> <strong>di beni e di servizi<\/strong>.<\/li>\n<\/ul>\n<p>&nbsp;<\/p>\n<p style=\"text-align: justify;\"><a href=\"https:\/\/www.investinitaly.gov.it\/\"><strong>INVEST IN ITALY<\/strong><\/a><br \/>\n(Sportello Unico per l&#8217;Attrazione Investimenti)<\/p>\n<ul style=\"text-align: justify;\">\n<li><strong>Fornisce assistenza agli investitori<\/strong><\/li>\n<li>Facilita l&#8217;avvio di nuove attivit\u00e0, <strong>sostenendo gli imprenditori<\/strong> in tutte le fasi del processo di investimento, dall&#8217;identificazione dei migliori siti, all&#8217;individuazione degli incentivi, alla accelerazione delle procedure\u00a0amministrative.<\/li>\n<\/ul>\n<p>&nbsp;<\/p>\n<p style=\"margin-bottom: 0.0001pt; text-align: justify;\"><a href=\"https:\/\/www.invitalia.it\/\"><strong><span style=\"color: blue;\">INVITALIA<\/span><\/strong><\/a><\/p>\n<p style=\"margin-top: 0cm; text-align: justify;\">(Agenzia nazionale per l\u2019attrazione degli investimenti e lo sviluppo d&#8217;impresa)<\/p>\n<ul style=\"text-align: justify;\">\n<li>D\u00e0 <strong>impulso alla crescita economica<\/strong> del Paese, punta sui settori strategici per lo sviluppo e l&#8217;occupazione, \u00e8 impegnata nel <strong>rilancio delle aree di crisi<\/strong> e opera soprattutto nel Mezzogiorno.<\/li>\n<li>Gestisce tutti gli incentivi nazionali che favoriscono la nascita di nuove imprese e le startup innovative.<\/li>\n<li><strong>Finanzia i progetti grandi e piccoli<\/strong>, rivolgendosi agli imprenditori con concreti piani di sviluppo, soprattutto nei settori innovativi e ad alto valore aggiunto.<\/li>\n<li><strong>Offre servizi alla Pubblica Amministrazione<\/strong> per accelerare la spesa dei fondi comunitari e nazionali e per la valorizzazione dei beni culturali.<\/li>\n<li>\u00c8 Centrale di Committenza e Stazione Appaltante per la realizzazione di interventi strategici sul territorio.<\/li>\n<\/ul>\n<p>&nbsp;<\/p>\n<p style=\"text-align: justify;\"><strong><a href=\"https:\/\/opportunitaly.gov.it\/it\">OPPORTUNITALY<\/a><\/strong><\/p>\n<p style=\"text-align: justify;\">OpportunItaly \u00e8 un programma di <strong>accelerazione del business,<\/strong> promosso da Agenzia ICE, che <strong>mette in contatto le aziende italiane e potenziali clienti, distributori, compratori<\/strong> o partner esteri interessati al know-how e all&#8217;innovazione del Made in Italy.<\/p>\n<p>&nbsp;<\/p>\n<p style=\"text-align: justify;\"><strong><a href=\"https:\/\/www.unioncamere.gov.it\/\">UNIONCAMERE<\/a><\/strong><br \/>\n(Unione italiana delle Camere di Commercio Industria e Artigianato)<\/p>\n<ul style=\"text-align: justify;\">\n<li>Unione che cura e rappresenta gli interessi generali delle Camere di Commercio, punto di riferimento per i settori produttivi, sia a livello locale sia nazionale ed internazionale.<\/li>\n<li><strong>Promuove, realizza e gestisce<\/strong>, direttamente o per il tramite di proprie aziende speciali, <strong>servizi e attivit\u00e0 d\u2019interesse<\/strong> delle Camere di Commercio e delle categorie economiche.<\/li>\n<li>Punta a <strong>consolidare e sviluppare la collaborazione <\/strong>con la rete delle CCIE.<\/li>\n<\/ul>\n<p style=\"text-align: justify;\">Facilita l\u2019accesso, con tecnologie all\u2019avanguardia, a iniziative e programmi comunitari, favorendo accordi internazionali per promuovere l\u2019Italia nel mondo.<\/p>\n<p style=\"text-align: justify;\">\n","protected":false},"excerpt":{"rendered":"ASSOCAMERESTERO (Associazione delle Camere di Commercio Italiane all\u2019Estero) Associazione che rappresenta le esigenze e le potenzialit\u00e0 di servizio delle Camere di Commercio Italiane all\u2019estero (CCIE) e ricerca collaborazioni ed alleanze strategiche con soggetti ed enti pubblici e privati \u2013 italiani ed internazionali \u2013 per favorire la conoscenza e l\u2019utilizzo della rete delle CCIE. Provvede alla [&hellip;]","protected":false},"author":10,"featured_media":0,"parent":97,"menu_order":0,"comment_status":"closed","ping_status":"closed","template":"","meta":{"footnotes":""},"class_list":["post-3755","page","type-page","status-publish","hentry"],"_links":{"self":[{"href":"https:\/\/ambpodgorica.esteri.it\/it\/wp-json\/wp\/v2\/pages\/3755","targetHints":{"allow":["GET"]}}],"collection":[{"href":"https:\/\/ambpodgorica.esteri.it\/it\/wp-json\/wp\/v2\/pages"}],"about":[{"href":"https:\/\/ambpodgorica.esteri.it\/it\/wp-json\/wp\/v2\/types\/page"}],"author":[{"embeddable":true,"href":"https:\/\/ambpodgorica.esteri.it\/it\/wp-json\/wp\/v2\/users\/10"}],"replies":[{"embeddable":true,"href":"https:\/\/ambpodgorica.esteri.it\/it\/wp-json\/wp\/v2\/comments?post=3755"}],"version-history":[{"count":4,"href":"https:\/\/ambpodgorica.esteri.it\/it\/wp-json\/wp\/v2\/pages\/3755\/revisions"}],"predecessor-version":[{"id":3778,"href":"https:\/\/ambpodgorica.esteri.it\/it\/wp-json\/wp\/v2\/pages\/3755\/revisions\/3778"}],"up":[{"embeddable":true,"href":"https:\/\/ambpodgorica.esteri.it\/it\/wp-json\/wp\/v2\/pages\/97"}],"wp:attachment":[{"href":"https:\/\/ambpodgorica.esteri.it\/it\/wp-json\/wp\/v2\/media?parent=3755"}],"curies":[{"name":"wp","href":"https:\/\/api.w.org\/{rel}","templated":true}]}}