{"id":39,"date":"2023-04-11T17:55:33","date_gmt":"2023-04-11T15:55:33","guid":{"rendered":"https:\/\/ambasciatapraga.esteri.it\/?page_id=39"},"modified":"2025-09-16T16:03:39","modified_gmt":"2025-09-16T14:03:39","slug":"la-sede","status":"publish","type":"page","link":"https:\/\/ambpodgorica.esteri.it\/it\/chi-siamo\/la-sede\/","title":{"rendered":"La Sede"},"content":{"rendered":"<p style=\"text-align: justify;\">L&#8217;Ambasciata d&#8217;Italia a Podgorica \u00e8 situata in Bulevar D\u017eord\u017ea Va\u0161ingtona 26, nel quartiere pi\u00f9 moderno della citt\u00e0, ad ovest del centro e oltre il fiume Mora\u010da. La sede\u00a0si trova\u00a0nel centro direzionale della capitale montenegrina: un distretto amministrativo e commerciale di recente realizzazione e tuttora in fase di espansione,\u00a0il quale\u00a0ospita anche gli uffici di numerosi Ministeri locali.<\/p>\n<p><img decoding=\"async\" src=\"https:\/\/ambpodgorica.esteri.it\/wp-content\/uploads\/2023\/10\/podgorica-most-millenium-768x430.jpg\" \/><\/p>\n","protected":false},"excerpt":{"rendered":"L&#8217;Ambasciata d&#8217;Italia a Podgorica \u00e8 situata in Bulevar D\u017eord\u017ea Va\u0161ingtona 26, nel quartiere pi\u00f9 moderno della citt\u00e0, ad ovest del centro e oltre il fiume Mora\u010da. La sede\u00a0si trova\u00a0nel centro direzionale della capitale montenegrina: un distretto amministrativo e commerciale di recente realizzazione e tuttora in fase di espansione,\u00a0il quale\u00a0ospita anche gli uffici di numerosi Ministeri [&hellip;]","protected":false},"author":1,"featured_media":0,"parent":13,"menu_order":2,"comment_status":"closed","ping_status":"closed","template":"","meta":{"footnotes":""},"class_list":["post-39","page","type-page","status-publish","hentry"],"_links":{"self":[{"href":"https:\/\/ambpodgorica.esteri.it\/it\/wp-json\/wp\/v2\/pages\/39","targetHints":{"allow":["GET"]}}],"collection":[{"href":"https:\/\/ambpodgorica.esteri.it\/it\/wp-json\/wp\/v2\/pages"}],"about":[{"href":"https:\/\/ambpodgorica.esteri.it\/it\/wp-json\/wp\/v2\/types\/page"}],"author":[{"embeddable":true,"href":"https:\/\/ambpodgorica.esteri.it\/it\/wp-json\/wp\/v2\/users\/1"}],"replies":[{"embeddable":true,"href":"https:\/\/ambpodgorica.esteri.it\/it\/wp-json\/wp\/v2\/comments?post=39"}],"version-history":[{"count":6,"href":"https:\/\/ambpodgorica.esteri.it\/it\/wp-json\/wp\/v2\/pages\/39\/revisions"}],"predecessor-version":[{"id":4293,"href":"https:\/\/ambpodgorica.esteri.it\/it\/wp-json\/wp\/v2\/pages\/39\/revisions\/4293"}],"up":[{"embeddable":true,"href":"https:\/\/ambpodgorica.esteri.it\/it\/wp-json\/wp\/v2\/pages\/13"}],"wp:attachment":[{"href":"https:\/\/ambpodgorica.esteri.it\/it\/wp-json\/wp\/v2\/media?parent=39"}],"curies":[{"name":"wp","href":"https:\/\/api.w.org\/{rel}","templated":true}]}}