{"id":40,"date":"2023-04-11T18:01:19","date_gmt":"2023-04-11T16:01:19","guid":{"rendered":"https:\/\/ambasciatapraga.esteri.it\/?page_id=40"},"modified":"2026-04-15T10:42:35","modified_gmt":"2026-04-15T08:42:35","slug":"gli-uffici","status":"publish","type":"page","link":"https:\/\/ambpodgorica.esteri.it\/it\/chi-siamo\/gli-uffici\/","title":{"rendered":"Gli Uffici"},"content":{"rendered":"<p><strong>AMBASCIATA D&#8217;ITALIA A PODGORICA<\/strong><\/p>\n<p>Bulevar D\u017eord\u017ea Va\u0161ingtona, 26 &#8211;\u00a081000 Podgorica<\/p>\n<p>Tel.\u00a0+382 20 234661\/2\/4<\/p>\n<p>Fax\u00a0+382 20 234663<\/p>\n<p>E-mail:\u00a0<a href=\"mailto:segreteria.podgorica@esteri.it\">segreteria.podgorica@esteri.it<\/a><\/p>\n<p>PEC:\u00a0<a href=\"mailto:amb.podgorica@cert.esteri.it\">amb.podgorica@cert.esteri.it<\/a><\/p>\n<p>Le e-mail cui richiedere <strong>informazioni<\/strong> di natura consolare o relative ai visti sono: consolare.podgorica@esteri.it e visti.podgorica@esteri.it.<\/p>\n<p>&nbsp;<\/p>\n<p><span style=\"text-decoration: underline;\"><strong>Gli Uffici e i funzionari<\/strong><\/span><\/p>\n<p><strong>Andreina Marsella<\/strong><\/p>\n<p><em>Ambasciatore<\/em><\/p>\n<p>E-mail:\u00a0<a href=\"mailto:segreteria.podgorica@esteri.it\">segreteria.podgorica@esteri.it<\/a><\/p>\n<p>&nbsp;<\/p>\n<p><strong>Silvia Margareta Staffa<\/strong><\/p>\n<p><em>Vice Capo Missione, Responsabile dell&#8217;Ufficio Consolare<\/em><\/p>\n<p>E-mail:\u00a0<a href=\"mailto:segreteria.podgorica@esteri.it\">segreteria.podgorica@esteri.it<\/a><\/p>\n<p>&nbsp;<\/p>\n<p><span style=\"text-decoration: underline;\"><strong>Orario di apertura al pubblico:<\/strong><\/span><\/p>\n<p>dal luned\u00ec al venerd\u00ec, dalle 09.00 alle 12.00<\/p>\n<p>&nbsp;<\/p>\n<p><strong>SEZIONE VISTI:<\/strong><\/p>\n<p>e-mail:\u00a0<a href=\"mailto:visti.podgorica@esteri.it\">visti.podgorica@esteri.it<\/a><\/p>\n<p><strong>Orario di apertura al pubblico:<\/strong><\/p>\n<p>dal luned\u00ec al venerd\u00ec, dalle 09.00 alle 12.00 (su appuntamento)<\/p>\n<p>Gli appuntamenti si richiedono solo tramite il portale\u00a0<a href=\"https:\/\/prenotami.esteri.it\/\">Prenotami<\/a>.<\/p>\n<p>&nbsp;<\/p>\n<p><strong>SEZIONE CONSOLARE:<\/strong><\/p>\n<p>Passaporti e documenti di viaggio, stato civile, cittadinanza, anagrafe consolare\/AIRE, atti notarili, legalizzazioni, sussidi, assistenza connazionali, atti della navigazione, dichiarazioni di valore, iscrizioni universitarie, etc..<\/p>\n<p>e-mail:\u00a0<a href=\"mailto:consolare.podgorica@esteri.it\">consolare.podgorica@esteri.it<\/a><\/p>\n<p>PEC passaporti:\u00a0<a href=\"mailto:amb.podgorica.pass@cert.esteri.it\">amb.podgorica.pass@cert.esteri.it<\/a><\/p>\n<p><strong>Orario di apertura al pubblico:<\/strong><\/p>\n<p>dal luned\u00ec al venerd\u00ec, dalle 09.00 alle 12.00 (su appuntamento)<\/p>\n<p>Gli appuntamenti si richiedono solo tramite il portale\u00a0<a href=\"https:\/\/prenotami.esteri.it\/\">Prenotami<\/a>.<\/p>\n<p>&nbsp;<\/p>\n<p><strong>SEZIONE AMMINISTRATIVO CONTABILE:<\/strong><\/p>\n<p>e-mail:\u00a0<a href=\"mailto:contabile.podgorica@esteri.it\">contabile.podgorica@esteri.it<\/a><\/p>\n<p>&nbsp;<\/p>\n<p><strong>Punto di corrispondenza dell\u2019Agenzia per la promozione all\u2019estero e l\u2019internazionalizzazione delle imprese italiane \u2013 ICE (dipendente da Ufficio Agenzia ICE di Belgrado)<\/strong><\/p>\n<p><strong>Direttore dell\u2019Ufficio ICE di Belgrado: Dott. Antonio Ventresca<\/strong><\/p>\n<p>Tel. +381 113629939<\/p>\n<p>Fax: +381.11.3672458<\/p>\n<p>e-mail:\u00a0<a href=\"mailto:belgrado@ice.it\">belgrado@ice.it<\/a><\/p>\n<p><strong>Punto di Corrispondenza di Podgorica (competente per il Montenegro)<\/strong><\/p>\n<p>Tel. +382 20 205130\/1<\/p>\n<p>e-mail:\u00a0<a href=\"mailto:podgorica@ice.it\">podgorica@ice.it<\/a><\/p>\n<p>&nbsp;<\/p>\n<p><strong>Ufficio dell\u2019Addetto per la Difesa<\/strong>\u00a0(sede a Tirana, con accredito secondario per il Montenegro)<\/p>\n<p>Col. Agostino Piccirillo, Addetto per la Difesa<\/p>\n<p>Tel.+35542234751\/34836<\/p>\n<p>E-mail:\u00a0<a href=\"mailto:difeitalia.tirana@smd.difesa.it\">difeitalia.tirana@smd.difesa.it<\/a><\/p>\n<p>&nbsp;<\/p>\n<p><strong>Istituto Italiano di Cultura<\/strong>\u00a0(sede a Belgrado, con accredito secondario per il Montenegro)<\/p>\n<p>Direttore: Roberto Cincotta<\/p>\n<p>Tel. +381 113629435<\/p>\n<p>Fax: +381 113621411<\/p>\n<p>E-mail:\u00a0<a href=\"mailto:iicbelgrado@esteri.it\">iicbelgrado@esteri.it<\/a><\/p>\n<p>&nbsp;<\/p>\n","protected":false},"excerpt":{"rendered":"AMBASCIATA D&#8217;ITALIA A PODGORICA Bulevar D\u017eord\u017ea Va\u0161ingtona, 26 &#8211;\u00a081000 Podgorica Tel.\u00a0+382 20 234661\/2\/4 Fax\u00a0+382 20 234663 E-mail:\u00a0segreteria.podgorica@esteri.it PEC:\u00a0amb.podgorica@cert.esteri.it Le e-mail cui richiedere informazioni di natura consolare o relative ai visti sono: consolare.podgorica@esteri.it e visti.podgorica@esteri.it. &nbsp; Gli Uffici e i funzionari Andreina Marsella Ambasciatore E-mail:\u00a0segreteria.podgorica@esteri.it &nbsp; Silvia Margareta Staffa Vice Capo Missione, Responsabile dell&#8217;Ufficio Consolare E-mail:\u00a0segreteria.podgorica@esteri.it [&hellip;]","protected":false},"author":1,"featured_media":0,"parent":13,"menu_order":4,"comment_status":"closed","ping_status":"closed","template":"","meta":{"footnotes":""},"class_list":["post-40","page","type-page","status-publish","hentry"],"_links":{"self":[{"href":"https:\/\/ambpodgorica.esteri.it\/it\/wp-json\/wp\/v2\/pages\/40","targetHints":{"allow":["GET"]}}],"collection":[{"href":"https:\/\/ambpodgorica.esteri.it\/it\/wp-json\/wp\/v2\/pages"}],"about":[{"href":"https:\/\/ambpodgorica.esteri.it\/it\/wp-json\/wp\/v2\/types\/page"}],"author":[{"embeddable":true,"href":"https:\/\/ambpodgorica.esteri.it\/it\/wp-json\/wp\/v2\/users\/1"}],"replies":[{"embeddable":true,"href":"https:\/\/ambpodgorica.esteri.it\/it\/wp-json\/wp\/v2\/comments?post=40"}],"version-history":[{"count":6,"href":"https:\/\/ambpodgorica.esteri.it\/it\/wp-json\/wp\/v2\/pages\/40\/revisions"}],"predecessor-version":[{"id":5372,"href":"https:\/\/ambpodgorica.esteri.it\/it\/wp-json\/wp\/v2\/pages\/40\/revisions\/5372"}],"up":[{"embeddable":true,"href":"https:\/\/ambpodgorica.esteri.it\/it\/wp-json\/wp\/v2\/pages\/13"}],"wp:attachment":[{"href":"https:\/\/ambpodgorica.esteri.it\/it\/wp-json\/wp\/v2\/media?parent=40"}],"curies":[{"name":"wp","href":"https:\/\/api.w.org\/{rel}","templated":true}]}}