{"id":44,"date":"2023-04-11T18:10:45","date_gmt":"2023-04-11T16:10:45","guid":{"rendered":"https:\/\/ambasciatapraga.esteri.it\/?page_id=44"},"modified":"2025-08-04T15:37:17","modified_gmt":"2025-08-04T13:37:17","slug":"diplomazia-culturale","status":"publish","type":"page","link":"https:\/\/ambpodgorica.esteri.it\/it\/italia-e-montenegro\/diplomazia-culturale\/","title":{"rendered":"Diplomazia culturale"},"content":{"rendered":"<p style=\"text-align: justify;\">L\u2019Italia e il Montenegro vantano una solida collaborazione in diversi settori, in particolare nell\u2019ambito universitario, scientifico e della ricerca archeologica. Anche la promozione della lingua italiana gioca un ruolo di rilievo nella cooperazione tra i due Paesi: l\u2019italiano \u00e8, infatti, la seconda lingua straniera pi\u00f9 studiata in Montenegro, dopo l\u2019inglese.<\/p>\n<p>&nbsp;<\/p>\n<p style=\"text-align: justify;\"><strong><u>Diffusione della lingua italiana<\/u><\/strong><\/p>\n<p style=\"text-align: justify;\">Fra scuole primarie e secondarie, gli studenti di italiano risultano essere pi\u00f9 di 15.000, sparsi su tutto il territorio montenegrino (Podgorica, Kotor, Cetinje, Budva, Bar, Nik\u0161i\u0107, Tivat, Herceg Novi). In ambito universitario, sono attivi diversi corsi di italiano presso la Facolt\u00e0 di Turismo di Cattaro. Inoltre, presso l\u2019Universit\u00e0 del Montenegro, Facolt\u00e0 di Filologia di Nik\u0161ic, \u00e8 attivo un Dipartimento di Lingua e Letteratura italiana con corso di laurea quadriennale in Lingua e Letteratura italiana, studi specialistici (Master) e studi di dottorato.<\/p>\n<p style=\"text-align: justify;\">A Podgorica opera l\u2019<strong>ONG Cult.it,<\/strong> Centro Italiano di Cultura, che, nel 2006, ha ereditato il ruolo della cosiddetta \u201cAntenna Culturale Italiana\u201d, istituita nel 2005 come referente in Montenegro dell\u2019Istituto italiano di Cultura di Belgrado. Questa organizzazione \u00e8 impegnata nella realizzazione di eventi culturali (spesso in collaborazione con questa Ambasciata), e propone corsi di italiano di tre differenti livelli (A1-B2), modulati secondo gli standard europei. Per contattare il centro Cult.it \u00e8 possibile inviare una e-mail all\u2019indirizzo <a href=\"mailto:antennapg@t-com.mne\">antennapg@t-com.mne<\/a>.<\/p>\n<p>&nbsp;<\/p>\n<p style=\"text-align: justify;\"><strong><u>\u201cGreen game\u201d in Montenegro<\/u><\/strong><\/p>\n<p style=\"text-align: justify;\">Nel 2023 e nel 2024, l\u2019Ambasciata ha portato in Montenegro il progetto \u201c<a href=\"https:\/\/www.greengame.it\/\">Green Game<\/a>\u201d, un\u2019iniziativa didattica culturale itinerante che si occupa di sensibilizzare gli studenti delle scuole primarie e secondarie su temi ambientali e sull\u2019importanza della raccolta differenziata, attraverso un approccio interattivo e coinvolgente. Il progetto beneficia del patrocinio della Presidenza del Consiglio dei Ministri e del MASE ed \u00e8 organizzato con il sostegno dei Consorzi Nazionali per la raccolta, il riciclo e il recupero degli imballaggi BIOREPACK, CIAL, COMIECO, COREPLA, COREVE e RICREA.<\/p>\n<p style=\"text-align: justify;\">La <a href=\"https:\/\/ambpodgorica.esteri.it\/it\/news\/dall_ambasciata\/2023\/10\/eventi-della-xiii-settimana-della\/\">prima edizione<\/a>, nel 2023, ha coinvolto circa 100 alunni di 9 scuole secondarie di secondo grado, provenienti da tutto il Montenegro, nonch\u00e9 docenti e dirigenti scolastici. Alla fine del modulo didattico, gli studenti si sono cimentati in un quiz in lingua italiana, con domande riguardanti la raccolta differenziata, la tutela e il rispetto dell\u2019ambiente e della sostenibilit\u00e0 ambientale, con l\u2019obiettivo di aumentare la loro consapevolezza dell\u2019ambiente e della necessit\u00e0 di preservarlo.<\/p>\n<p style=\"text-align: justify;\">Per la <a href=\"https:\/\/ambpodgorica.esteri.it\/it\/news\/dall_ambasciata\/2024\/11\/seconda-edizione-del-green-game-in-montenegro-podgorica-25-novembre-2024\/\">seconda edizione<\/a>, nel 2024, la partecipazione \u00e8 stata estesa anche a 5 scuole primarie, per un totale di 160 alunni, con l\u2019obiettivo di anticipare, anche da un punto di vista anagrafico, l\u2019azione di sensibilizzazione delle giovani generazioni alla cultura del rispetto ambientale tramite una corretta raccolta differenziata.<\/p>\n","protected":false},"excerpt":{"rendered":"L\u2019Italia e il Montenegro vantano una solida collaborazione in diversi settori, in particolare nell\u2019ambito universitario, scientifico e della ricerca archeologica. Anche la promozione della lingua italiana gioca un ruolo di rilievo nella cooperazione tra i due Paesi: l\u2019italiano \u00e8, infatti, la seconda lingua straniera pi\u00f9 studiata in Montenegro, dopo l\u2019inglese. &nbsp; Diffusione della lingua italiana [&hellip;]","protected":false},"author":1,"featured_media":0,"parent":14,"menu_order":2,"comment_status":"closed","ping_status":"closed","template":"","meta":{"footnotes":""},"class_list":["post-44","page","type-page","status-publish","hentry"],"_links":{"self":[{"href":"https:\/\/ambpodgorica.esteri.it\/it\/wp-json\/wp\/v2\/pages\/44","targetHints":{"allow":["GET"]}}],"collection":[{"href":"https:\/\/ambpodgorica.esteri.it\/it\/wp-json\/wp\/v2\/pages"}],"about":[{"href":"https:\/\/ambpodgorica.esteri.it\/it\/wp-json\/wp\/v2\/types\/page"}],"author":[{"embeddable":true,"href":"https:\/\/ambpodgorica.esteri.it\/it\/wp-json\/wp\/v2\/users\/1"}],"replies":[{"embeddable":true,"href":"https:\/\/ambpodgorica.esteri.it\/it\/wp-json\/wp\/v2\/comments?post=44"}],"version-history":[{"count":6,"href":"https:\/\/ambpodgorica.esteri.it\/it\/wp-json\/wp\/v2\/pages\/44\/revisions"}],"predecessor-version":[{"id":3674,"href":"https:\/\/ambpodgorica.esteri.it\/it\/wp-json\/wp\/v2\/pages\/44\/revisions\/3674"}],"up":[{"embeddable":true,"href":"https:\/\/ambpodgorica.esteri.it\/it\/wp-json\/wp\/v2\/pages\/14"}],"wp:attachment":[{"href":"https:\/\/ambpodgorica.esteri.it\/it\/wp-json\/wp\/v2\/media?parent=44"}],"curies":[{"name":"wp","href":"https:\/\/api.w.org\/{rel}","templated":true}]}}