{"id":481,"date":"2023-11-10T18:34:07","date_gmt":"2023-11-10T17:34:07","guid":{"rendered":"https:\/\/ambpodgorica.esteri.it\/?page_id=481"},"modified":"2023-11-16T18:20:01","modified_gmt":"2023-11-16T17:20:01","slug":"conosci-il-fast-it-per-liscrizione-aire","status":"publish","type":"page","link":"https:\/\/ambpodgorica.esteri.it\/it\/servizi-consolari-e-visti\/servizi-per-il-cittadino-italiano\/come-iscriversi-allaire\/conosci-il-fast-it-per-liscrizione-aire\/","title":{"rendered":"Conosci il Fast-it per l&#8217;iscrizione AIRE"},"content":{"rendered":"<p>L&#8217;iscrizione all&#8217;AIRE si pu\u00f2 richiedere\u00a0 tramite il portale &#8220;<strong>Fast It<\/strong>&#8221; Servizi Consolari Online (portale in continua evoluzione), previa registrazione dell&#8217;utente al seguente link https:\/\/serviziconsolarionline.esteri.it.<\/p>\n<p>Ti invitiamo a consultare un breve video illustrativo su You Tube a questo <a href=\"https:\/\/www.youtube.com\/watch?v=S7FR2SXF6YA\">link<\/a>.<\/p>\n<p>Il portale &#8211; disponibile anche in modalit\u00e0 mobile-friendly &#8211; oltre ad alcune sezioni puramente informative, offre i primi servizi interamente interattivi ivi previsti, vale a dire la procedura di iscrizione all&#8217;AIRE e la comunicazione del cambio di indirizzo nella medesima circoscrizione consolare.<br \/>\nIl portale pu\u00f2 essere utilizzato da cittadini che non abbiano mai ottenuto un servizio consolare in Montenegro e che non siano mai stati iscritti nello schedario della Sede; persone che vivevano in Montenegro, che poi sono rimpatriate o trasferite in altri paesi e tornate successivamente a vivere in Montenegro non possono fare richiesta on-line di iscrizione AIRE ma devono inviare la domanda tramite gli abituali canali di posta ordinaria o e-mail.<br \/>\nA partire dal 15 maggio 2018 il portale si \u00e8 arrichito di una nuova funzionalit\u00e0: la &#8220;Comunicazione della variazione della residenza&#8221;, che permette al cittadino di comunicare all&#8217;Ambasciata\/Consolato di appartenenza l&#8217;eventuale cambio di indirizzo nella stessa circoscrizione consolare.<\/p>\n<p><em><strong>Quali sono i documenti da predisporre prima di accedere al portale &#8220;Fast It&#8221;?<\/strong><\/em><br \/>\n\u2022copia del passaporto italiano in corso di validit\u00e0;<br \/>\n\u2022prova della stabile e legale residenza in questa circoscrizione consolare (permesso di soggiorno montenegrino &#8220;boravak&#8221;, contratto di lavoro, contratto di affitto, bollette elettriche, telefoniche, comunicazioni bancarie, assicurative ecc. intestate al richiedente o ad un membro del proprio nucleo familiare).;<br \/>\nCambio residenza nella stessa circoscrizione (funzione attiva dal 15 maggio 2018):<br \/>\n\u2022copia del passaporto italiano in corso di validit\u00e0;<br \/>\n\u2022copia del permesso di soggiorno (boravak) o, in caso di doppia nazionalit\u00e0, fotocopia del passaporto montenegrino<br \/>\n\u2022certificato di residenza non pi\u00f9 vecchio di sei mesi rispetto alla dta di inoltro della domanda sul portale;<\/p>\n<p>In caso di familiari dichiarati come residenti all&#8217;estero, la richiesta di iscrizione \u00e8 presentata dal cittadino italiano anche per gli altri componenti della famiglia che vivono allo stesso indirizzo (ad esempio: il coniuge, i figli).<br \/>\n\u00c8 comunque consigliabile che tutti i componenti maggiorenni della famiglia compilino un modello di iscrizione per consentire l&#8217;invio di dati pi\u00f9 completi al Comune in Italia. Anche in caso di coniuge straniero \u00e8 opportuno allegare fotocopia del documento d&#8217;identit\u00e0 dello stesso.<br \/>\nLe richieste che non rispettino i criteri indicati saranno rifiutate dall&#8217;operatore.<br \/>\nLe pratiche avviate attraverso &#8220;Fast It&#8221; sono consultabili on-line, ed \u00e8 cura del singolo cittadino accedere con la propria utenza e password per conoscerne lo stato.<br \/>\nIn caso di problemi tecnici, non essendo possibile fornire assistenza personalizzata, la richiesta di iscrizione anagrafica dovr\u00e0 essere inviata per e-mail o posta ordinaria.<\/p>\n<p><strong>ISTRUZIONI PRATICHE<\/strong><\/p>\n<p><strong>&#8211; PRIMO PASSO: Registrati<\/strong><br \/>\n\u2022Si dovr\u00e0 confermare il possesso della cittadinanza italiana.<br \/>\n\u2022Sar\u00e0 necessario indicare un indirizzo mail e una password (da un minimo di 8 caratteri ad un massimo di 16, perlomeno una lettera maiuscola, un numero e un carattere speciale).<br \/>\n<strong>&#8211; SECONDO PASSO: Attiva l&#8217;account<\/strong><br \/>\n\u2022Si ricever\u00e0 una mail all\u2019indirizzo indicato, chiedendo di attivare l\u2019account (cliccare sul link di ATTIVAZIONE UTENZA).Qualora l\u2019account non sia attivato entro 72 ore, dovr\u00e0 essere richiesto un nuovo codice di attivazione (INVIO NUOVO CODICE DI ATTIVAZIONE).<br \/>\n<strong>&#8211; TERZO PASSO: Compila la richiesta<\/strong><br \/>\n\u2022Dopo aver attivato l\u2019account, si dovr\u00e0 accedere al sistema per compilare la richiesta di iscrizione AIRE on line (ANAGRAFE CONSOLARE E AIRE), allegando i documenti di cui sopra.<br \/>\nPer iniziare la procedura accedere al portale Fast it cliccando sul seguente <a href=\"https:\/\/serviziconsolarionline.esteri.it\">link<\/a>.<br \/>\n<strong>IMPORTANTE: PIN-<\/strong> Si informa che il numero PIN richiamato nel portale \u201cFast It\u201d non \u00e9 necessario per la richiesta di iscrizione all&#8217;A.I.R.E.<br \/>\nSi precisa inoltre che le funzioni del portale che necessitano del PIN non sono ancora state abilitate dal Ministero degli Affari Esteri e della Cooperazione Internazionale. Si specifica che non \u00e8 possibile per gli utenti generare autonomamente il proprio PIN e che questa Ambasciata pubblicher\u00e0 sulla home page del proprio sito web un avviso specifico relativo al rilascio del PIN, non appena questo servizio sar\u00e0 reso disponibile.<br \/>\n<strong>ATTENZIONE<\/strong> Aprire e leggere attentamente i due allegati seguenti, contenenti INFORMAZIONI ASSOLUTAMENTE NECESSARIE per la corretta registrazione e per la successiva compilazione della domanda di iscrizione AIRE sul portale Fast It.<br \/>\nSi precisa che NON sono accettati i caratteri speciali (es. ~ \/ \u00e7) e alcun tipo di accento (^\u00b4 &#8216; )<br \/>\n\u2022 Istruzioni &#8220;<a href=\"https:\/\/ambpodgorica.esteri.it\/wp-content\/uploads\/2023\/11\/ALL-Istruzioni-registrazione.pdf\">REGISTRAZIONE<\/a>&#8221;<br \/>\n\u2022 Istruzioni &#8220;<a href=\"https:\/\/ambpodgorica.esteri.it\/wp-content\/uploads\/2023\/11\/ALL-Istruzioni-richiesta.pdf\">RICHIESTA<\/a>&#8221;<\/p>\n<p><strong>IMPORTANTE<\/strong><br \/>\nUna volta ricevuta la e-mail di conferma di iscrizione nello Schedario Consolare da parte dell&#8217;Ufficio Anagrafe di questa Ambasciata, l&#8217;interessato potr\u00e0 procedere con la richiesta di eventuali servizi consolari, indipendentemente dallo status &#8220;in lavorazione&#8221; che potrebbe risultare nell&#8217;applicativo \u201cFast It\u201d.<br \/>\nSi ricorda che il termine massimo di legge per la lavorazione delle pratiche di iscrizione\/aggiornamento AIRE \u00e9 di 180 giorni a partire dalla presentazione della domanda completa di tutti i documenti necessari. Una volta esperiti i controlli da parte dell&#8217;Ambasciata, l\u2019utente ricever\u00e0 una e-mail di conclusione del procedimento.<br \/>\nQualora la domanda risulti incompleta, la richiesta di documenti integrativi e di eventuali ulteriori informazioni verr\u00e0 effettuata direttamente agli interessati.<br \/>\nIl portale \u00e8 in continua evoluzione e a breve offrir\u00e0 numerosi altri servizi online.<\/p>\n","protected":false},"excerpt":{"rendered":"L&#8217;iscrizione all&#8217;AIRE si pu\u00f2 richiedere\u00a0 tramite il portale &#8220;Fast It&#8221; Servizi Consolari Online (portale in continua evoluzione), previa registrazione dell&#8217;utente al seguente link https:\/\/serviziconsolarionline.esteri.it. Ti invitiamo a consultare un breve video illustrativo su You Tube a questo link. Il portale &#8211; disponibile anche in modalit\u00e0 mobile-friendly &#8211; oltre ad alcune sezioni puramente informative, offre i [&hellip;]","protected":false},"author":4,"featured_media":0,"parent":477,"menu_order":0,"comment_status":"closed","ping_status":"closed","template":"","meta":{"footnotes":""},"class_list":["post-481","page","type-page","status-publish","hentry"],"_links":{"self":[{"href":"https:\/\/ambpodgorica.esteri.it\/it\/wp-json\/wp\/v2\/pages\/481","targetHints":{"allow":["GET"]}}],"collection":[{"href":"https:\/\/ambpodgorica.esteri.it\/it\/wp-json\/wp\/v2\/pages"}],"about":[{"href":"https:\/\/ambpodgorica.esteri.it\/it\/wp-json\/wp\/v2\/types\/page"}],"author":[{"embeddable":true,"href":"https:\/\/ambpodgorica.esteri.it\/it\/wp-json\/wp\/v2\/users\/4"}],"replies":[{"embeddable":true,"href":"https:\/\/ambpodgorica.esteri.it\/it\/wp-json\/wp\/v2\/comments?post=481"}],"version-history":[{"count":1,"href":"https:\/\/ambpodgorica.esteri.it\/it\/wp-json\/wp\/v2\/pages\/481\/revisions"}],"predecessor-version":[{"id":487,"href":"https:\/\/ambpodgorica.esteri.it\/it\/wp-json\/wp\/v2\/pages\/481\/revisions\/487"}],"up":[{"embeddable":true,"href":"https:\/\/ambpodgorica.esteri.it\/it\/wp-json\/wp\/v2\/pages\/477"}],"wp:attachment":[{"href":"https:\/\/ambpodgorica.esteri.it\/it\/wp-json\/wp\/v2\/media?parent=481"}],"curies":[{"name":"wp","href":"https:\/\/api.w.org\/{rel}","templated":true}]}}