{"id":506,"date":"2023-11-16T18:26:29","date_gmt":"2023-11-16T17:26:29","guid":{"rendered":"https:\/\/ambpodgorica.esteri.it\/?page_id=506"},"modified":"2025-09-16T16:00:06","modified_gmt":"2025-09-16T14:00:06","slug":"notifiche-allestero","status":"publish","type":"page","link":"https:\/\/ambpodgorica.esteri.it\/it\/servizi-consolari-e-visti\/servizi-per-il-cittadino-italiano\/notifiche-allestero\/","title":{"rendered":"Notifiche all&#8217;estero"},"content":{"rendered":"<p style=\"text-align: justify;\">L\u2019attivit\u00e0 di notificazione \u00e8 una fase fondamentale dei processi civili, penali, tributari, amministrativi, fallimentari e del lavoro, nonch\u00e9 di alcune fasi pre-processuali o amministrative, che d\u00e0 la conoscenza legale di un provvedimento mediante la consegna di un atto, giudiziario o extragiudiziario, da parte di un particolare soggetto notificatore, secondo precise modalit\u00e0.<br \/>\nAi sensi dell\u2019art. 37 del D.Lgs. 71\/2011 l\u2019Ufficio consolare <strong>provvede alla notifica degli atti<\/strong> ad esso rimessi, in conformit\u00e0 alle disposizioni di cooperazione giudiziaria dell\u2019UE, alle convenzioni internazionali in materia e alle leggi dello Stato di residenza.<\/p>\n<p style=\"text-align: justify;\"><strong>NOTIFICA ALL\u2019ESTERO DEGLI ATTI GIUDIZIARI ED EXTRAGIUDIZIARI IN MATERIA CIVILE E COMMERCIALE<\/strong><br \/>\nLe informazioni sono reperibili nella \u201c<a href=\"https:\/\/ambpodgorica.esteri.it\/wp-content\/uploads\/2023\/11\/ALL-Guida-notifica-allestero-atti-giudiziari.pdf\">Guida alla notifica all\u2019estero<\/a> degli atti giudiziari ed extragiudiziari in materia civile e commerciale (Edizione 2022)\u201d.<\/p>\n<p style=\"text-align: justify;\"><strong>NOTIFICA DI ATTI AMMINISTRATIVI A PERSONE RESIDENTI ALL\u2019ESTERO<\/strong><br \/>\nLe informazioni sono reperibili nel seguente <a href=\"https:\/\/ambpodgorica.esteri.it\/wp-content\/uploads\/2023\/11\/ALL-Guida-notifiche-amministrative.pdf\">documento<\/a>.<\/p>\n<p style=\"text-align: justify;\"><a href=\"https:\/\/www.esteri.it\/it\/servizi-consolari-e-visti\/italiani-all-estero\/notifiche_estero\/\">Per maggiori informazioni<\/a><\/p>\n","protected":false},"excerpt":{"rendered":"L\u2019attivit\u00e0 di notificazione \u00e8 una fase fondamentale dei processi civili, penali, tributari, amministrativi, fallimentari e del lavoro, nonch\u00e9 di alcune fasi pre-processuali o amministrative, che d\u00e0 la conoscenza legale di un provvedimento mediante la consegna di un atto, giudiziario o extragiudiziario, da parte di un particolare soggetto notificatore, secondo precise modalit\u00e0. Ai sensi dell\u2019art. 37 [&hellip;]","protected":false},"author":4,"featured_media":0,"parent":47,"menu_order":8,"comment_status":"closed","ping_status":"closed","template":"","meta":{"footnotes":""},"class_list":["post-506","page","type-page","status-publish","hentry"],"_links":{"self":[{"href":"https:\/\/ambpodgorica.esteri.it\/it\/wp-json\/wp\/v2\/pages\/506","targetHints":{"allow":["GET"]}}],"collection":[{"href":"https:\/\/ambpodgorica.esteri.it\/it\/wp-json\/wp\/v2\/pages"}],"about":[{"href":"https:\/\/ambpodgorica.esteri.it\/it\/wp-json\/wp\/v2\/types\/page"}],"author":[{"embeddable":true,"href":"https:\/\/ambpodgorica.esteri.it\/it\/wp-json\/wp\/v2\/users\/4"}],"replies":[{"embeddable":true,"href":"https:\/\/ambpodgorica.esteri.it\/it\/wp-json\/wp\/v2\/comments?post=506"}],"version-history":[{"count":2,"href":"https:\/\/ambpodgorica.esteri.it\/it\/wp-json\/wp\/v2\/pages\/506\/revisions"}],"predecessor-version":[{"id":4277,"href":"https:\/\/ambpodgorica.esteri.it\/it\/wp-json\/wp\/v2\/pages\/506\/revisions\/4277"}],"up":[{"embeddable":true,"href":"https:\/\/ambpodgorica.esteri.it\/it\/wp-json\/wp\/v2\/pages\/47"}],"wp:attachment":[{"href":"https:\/\/ambpodgorica.esteri.it\/it\/wp-json\/wp\/v2\/media?parent=506"}],"curies":[{"name":"wp","href":"https:\/\/api.w.org\/{rel}","templated":true}]}}