{"id":5432,"date":"2026-04-15T12:59:49","date_gmt":"2026-04-15T10:59:49","guid":{"rendered":"https:\/\/ambpodgorica.esteri.it\/?page_id=5432"},"modified":"2026-04-15T12:59:49","modified_gmt":"2026-04-15T10:59:49","slug":"diplomazia-della-crescita-destinazione-montenegro","status":"publish","type":"page","link":"https:\/\/ambpodgorica.esteri.it\/it\/italia-e-montenegro\/diplomazia-economica\/diplomazia-della-crescita-destinazione-montenegro\/","title":{"rendered":"Diplomazia della crescita: Destinazione Montenegro"},"content":{"rendered":"<p><img loading=\"lazy\" decoding=\"async\" class=\"alignnone  wp-image-5434 img-fluid\" src=\"https:\/\/ambpodgorica.esteri.it\/wp-content\/uploads\/2026\/04\/destinazione-monteN.png\" alt=\"\" width=\"460\" height=\"581\" srcset=\"https:\/\/ambpodgorica.esteri.it\/wp-content\/uploads\/2026\/04\/destinazione-monteN.png 612w, https:\/\/ambpodgorica.esteri.it\/wp-content\/uploads\/2026\/04\/destinazione-monteN-238x300.png 238w\" sizes=\"auto, (max-width: 460px) 100vw, 460px\" \/><\/p>\n<p style=\"text-align: justify;\">\u00c8 disponibile online la guida\u00a0<strong>\u201cDiplomazia della crescita: Destinazione Montenegro \u2013 Edizione 2025\u201d<\/strong>, elaborata dall\u2019Ambasciata d\u2019Italia in Montenegro in collaborazione con l\u2019Ufficio ICE di Belgrado e Podgorica nell\u2019ambito delle iniziative di diplomazia economica volte a favorire la presenza e lo sviluppo delle imprese italiane all\u2019estero. La pubblicazione rientra nella strategia di\u00a0<strong>Diplomazia della Crescita<\/strong>, promossa dal Vice Presidente del Consiglio e Ministro degli Affari Esteri e della Cooperazione Internazionale, On. Antonio Tajani, a sostegno dei processi di internazionalizzazione del sistema produttivo nazionale.<\/p>\n<p style=\"text-align: justify;\">La Guida \u00e8 concepita come strumento di primo accompagnamento per gli operatori economici interessati al mercato montenegrino e offre una panoramica aggiornata del quadro economico del Paese, degli interlocutori istituzionali di riferimento, dei principali strumenti di sostegno all\u2019export e agli investimenti, nonch\u00e9 dei settori che presentano le maggiori opportunit\u00e0. Il documento raccoglie informazioni utili a orientare le scelte imprenditoriali, rivolgendosi sia alle imprese gi\u00e0 presenti in Montenegro sia a quelle che valutano nuove prospettive di investimento.<\/p>\n<p style=\"text-align: justify;\">Il documento \u00e8 consultabile e scaricabile a questa\u00a0<a href=\"https:\/\/ambpodgorica.esteri.it\/wp-content\/uploads\/2025\/12\/Fare-Affari-in-Montenegro-web.pdf\">pagina<\/a>.<\/p>\n","protected":false},"excerpt":{"rendered":"\u00c8 disponibile online la guida\u00a0\u201cDiplomazia della crescita: Destinazione Montenegro \u2013 Edizione 2025\u201d, elaborata dall\u2019Ambasciata d\u2019Italia in Montenegro in collaborazione con l\u2019Ufficio ICE di Belgrado e Podgorica nell\u2019ambito delle iniziative di diplomazia economica volte a favorire la presenza e lo sviluppo delle imprese italiane all\u2019estero. La pubblicazione rientra nella strategia di\u00a0Diplomazia della Crescita, promossa dal Vice [&hellip;]","protected":false},"author":10,"featured_media":0,"parent":43,"menu_order":0,"comment_status":"closed","ping_status":"closed","template":"","meta":{"footnotes":""},"class_list":["post-5432","page","type-page","status-publish","hentry"],"_links":{"self":[{"href":"https:\/\/ambpodgorica.esteri.it\/it\/wp-json\/wp\/v2\/pages\/5432","targetHints":{"allow":["GET"]}}],"collection":[{"href":"https:\/\/ambpodgorica.esteri.it\/it\/wp-json\/wp\/v2\/pages"}],"about":[{"href":"https:\/\/ambpodgorica.esteri.it\/it\/wp-json\/wp\/v2\/types\/page"}],"author":[{"embeddable":true,"href":"https:\/\/ambpodgorica.esteri.it\/it\/wp-json\/wp\/v2\/users\/10"}],"replies":[{"embeddable":true,"href":"https:\/\/ambpodgorica.esteri.it\/it\/wp-json\/wp\/v2\/comments?post=5432"}],"version-history":[{"count":1,"href":"https:\/\/ambpodgorica.esteri.it\/it\/wp-json\/wp\/v2\/pages\/5432\/revisions"}],"predecessor-version":[{"id":5435,"href":"https:\/\/ambpodgorica.esteri.it\/it\/wp-json\/wp\/v2\/pages\/5432\/revisions\/5435"}],"up":[{"embeddable":true,"href":"https:\/\/ambpodgorica.esteri.it\/it\/wp-json\/wp\/v2\/pages\/43"}],"wp:attachment":[{"href":"https:\/\/ambpodgorica.esteri.it\/it\/wp-json\/wp\/v2\/media?parent=5432"}],"curies":[{"name":"wp","href":"https:\/\/api.w.org\/{rel}","templated":true}]}}