{"id":546,"date":"2023-11-17T10:47:14","date_gmt":"2023-11-17T09:47:14","guid":{"rendered":"https:\/\/ambpodgorica.esteri.it\/?page_id=546"},"modified":"2023-11-17T10:47:14","modified_gmt":"2023-11-17T09:47:14","slug":"ufficio-visti","status":"publish","type":"page","link":"https:\/\/ambpodgorica.esteri.it\/it\/servizi-consolari-e-visti\/servizi-per-il-cittadino-straniero\/visti\/ufficio-visti\/","title":{"rendered":"Ufficio Visti"},"content":{"rendered":"<p>Gli ingressi all\u2019Ufficio Visti saranno ammessi solo\u00a0<strong>previo appuntamento.<\/strong><\/p>\n<p><strong>\u00a0<\/strong><\/p>\n<p><strong>Gli orari di apertura dell\u2019ufficio visti sono da luned\u00ec a venerd\u00ec dalle 09.00 alle 12.00<\/strong><\/p>\n<p>Prima di fissare un appuntamento scopri se per la finalit\u00e0 del viaggio e per la tua nazionalit\u00e0 hai bisogno di richiedere un visto\u00a0<a href=\"https:\/\/vistoperitalia.esteri.it\/home.aspx\">Il visto per l&#8217;Italia (esteri.it)<\/a><\/p>\n<p>Una volta accertata la necessit\u00e0 di visto e prima di prenotare un appuntamento leggere sempre eventuali avvisi pubblicati sulla Home Page di questo sito web\u00a0<a href=\"http:\/\/www.ambpodgorica.esteri.it\/\">www.ambpodgorica.esteri.it<\/a>\u00a0e tutte le informazioni e le avvertenze e i link del men\u00f9 VISTI a sinistra di questa pagina.<\/p>\n<p>Per prenotare un appuntamento sino al mese di febbraio scriva una email all\u2019indirizzo\u00a0<a href=\"mailto:visti.podgorica@esteri.it\">visti.podgorica@esteri.it<\/a>.<\/p>\n<p><strong>Gli appuntamenti dal 1 marzo potranno essere prenotati solo tramite il sito\u00a0<\/strong><a title=\"Prenot@mi\" href=\"https:\/\/prenotami.esteri.it\/\">Prenot@mi<\/a><strong>.<\/strong><\/p>\n<p><strong>Come contattare l\u2019Ufficio Visti:<\/strong><\/p>\n<p><strong>preferibilmente scrivendo un\u2019mail oppure telefonicamente<\/strong>\u00a0negli orari di ricezione telefonate. I contatti dell\u2019Ambasciata possono essere reperiti alla pagina\u00a0<a href=\"https:\/\/ambpodgorica.esteri.it\/ambasciata_podgorica\/it\/ambasciata\/gli-uffici.html\">Gli uffici (esteri.it)<\/a>.<\/p>\n","protected":false},"excerpt":{"rendered":"Gli ingressi all\u2019Ufficio Visti saranno ammessi solo\u00a0previo appuntamento. \u00a0 Gli orari di apertura dell\u2019ufficio visti sono da luned\u00ec a venerd\u00ec dalle 09.00 alle 12.00 Prima di fissare un appuntamento scopri se per la finalit\u00e0 del viaggio e per la tua nazionalit\u00e0 hai bisogno di richiedere un visto\u00a0Il visto per l&#8217;Italia (esteri.it) Una volta accertata la [&hellip;]","protected":false},"author":1,"featured_media":0,"parent":89,"menu_order":2,"comment_status":"closed","ping_status":"closed","template":"","meta":{"footnotes":""},"class_list":["post-546","page","type-page","status-publish","hentry"],"_links":{"self":[{"href":"https:\/\/ambpodgorica.esteri.it\/it\/wp-json\/wp\/v2\/pages\/546","targetHints":{"allow":["GET"]}}],"collection":[{"href":"https:\/\/ambpodgorica.esteri.it\/it\/wp-json\/wp\/v2\/pages"}],"about":[{"href":"https:\/\/ambpodgorica.esteri.it\/it\/wp-json\/wp\/v2\/types\/page"}],"author":[{"embeddable":true,"href":"https:\/\/ambpodgorica.esteri.it\/it\/wp-json\/wp\/v2\/users\/1"}],"replies":[{"embeddable":true,"href":"https:\/\/ambpodgorica.esteri.it\/it\/wp-json\/wp\/v2\/comments?post=546"}],"version-history":[{"count":1,"href":"https:\/\/ambpodgorica.esteri.it\/it\/wp-json\/wp\/v2\/pages\/546\/revisions"}],"predecessor-version":[{"id":547,"href":"https:\/\/ambpodgorica.esteri.it\/it\/wp-json\/wp\/v2\/pages\/546\/revisions\/547"}],"up":[{"embeddable":true,"href":"https:\/\/ambpodgorica.esteri.it\/it\/wp-json\/wp\/v2\/pages\/89"}],"wp:attachment":[{"href":"https:\/\/ambpodgorica.esteri.it\/it\/wp-json\/wp\/v2\/media?parent=546"}],"curies":[{"name":"wp","href":"https:\/\/api.w.org\/{rel}","templated":true}]}}