{"id":97,"date":"2023-04-11T18:24:01","date_gmt":"2023-04-11T16:24:01","guid":{"rendered":"https:\/\/ambasciatapraga.esteri.it\/?page_id=97"},"modified":"2025-08-07T09:41:38","modified_gmt":"2025-08-07T07:41:38","slug":"fare-affari-in-italia","status":"publish","type":"page","link":"https:\/\/ambpodgorica.esteri.it\/it\/italia-e-montenegro\/diplomazia-economica\/fare-affari-in-italia\/","title":{"rendered":"Fare affari in Italia"},"content":{"rendered":"<p style=\"text-align: justify;\">L\u2019Italia si conferma come uno dei principali attori del commercio internazionale, grazie alla <strong>solidit\u00e0<\/strong> del proprio sistema produttivo, alla <strong>qualit\u00e0<\/strong> delle sue imprese e ad una spiccata <strong>capacit\u00e0<\/strong> <strong>di adattamento<\/strong> ai nuovi scenari internazionali. Inoltre, si propone non solo come partner commerciale affidabile, ma anche come <strong>destinazione strategica per gli investimenti<\/strong> esteri, grazie alla sua posizione geografica centrale, al capitale umano qualificato e a un ecosistema imprenditoriale solido e proiettato verso il futuro.<\/p>\n<p style=\"text-align: justify;\">La <strong>rete imprenditoriale<\/strong> italiana risulta essere <strong>dinamica<\/strong> e <strong>diffusa<\/strong>. Particolarmente competitivi si rivelano i settori del lusso, della moda, della meccanica di precisione, della farmaceutica e dell\u2019agroalimentare, nei quali molte aziende esportano fino al 70% della propria produzione, affermandosi come ambasciatrici del Made in Italy nel mondo.<\/p>\n<p style=\"text-align: justify;\"><strong>L\u2019export<\/strong> italiano si rivolge principalmente ai <strong>mercati<\/strong> <strong>consolidati di Europa e Stati Uniti<\/strong>, ma negli ultimi anni ha saputo espandersi con successo anche <strong>verso mercati emergenti<\/strong> quali Messico, Brasile, Colombia, Turchia, Serbia, Egitto, Marocco, Sudafrica, India, Cina, Vietnam e Singapore. Questi Paesi rappresentano attualmente un valore di 80 miliardi di euro per le esportazioni italiane, con una prospettiva di crescita che potrebbe portare tale cifra a 95 miliardi entro il 2027, grazie agli investimenti in settori ad <strong>alto potenziale<\/strong> come <strong>meccanica<\/strong>, <strong>energia<\/strong> e <strong>infrastrutture<\/strong>, ambiti in cui l\u2019Italia possiede know-how e competenze riconosciute a livello internazionale.<\/p>\n<p style=\"text-align: justify;\">La <strong>flessibilit\u00e0<\/strong> \u00e8 una qualit\u00e0 distintiva delle imprese italiane. La <strong>capacit\u00e0 di adattarsi rapidamente alle esigenze<\/strong> dei clienti, di personalizzare l\u2019offerta e di innovare costantemente rappresenta un vantaggio competitivo che ha permesso all\u2019Italia di consolidare la propria presenza sui mercati globali anche in contesti economici in continua evoluzione.<\/p>\n<p style=\"text-align: justify;\">Secondo <a href=\"https:\/\/ambpodgorica.esteri.it\/it\/news\/dall_ambasciata\/2025\/06\/economia-italiana-secondo-confindustria-unveiling-italys-economic-potential-punti-di-forza-e-progressi-degli-ultimi-anni\/\">l\u2019ultimo studio redatto da Confindustria<\/a>, a marzo 2025, la crescita economica italiana, nel periodo 2018-2023, ha visto un <strong>incremento annuo del PIL<\/strong> pari a +1.0%, superando la crescita della Germania (+0.3%), principale potenza economica in Europa. Gli <strong>investimenti produttivi sono aumentati<\/strong> del 17,8% dal 2019 al 2024, mentre le esportazioni, cresciute del 45% dal 2015 al 2024, posizionano oggi l\u2019Italia al <strong>secondo posto tra i paesi UE<\/strong> <strong>per export manifatturiero<\/strong> e al quarto posto su scala mondiale per il numero di prodotti in cui \u00e8 il principale esportatore. Inoltre, l\u2019Italia \u00e8 la seconda in Europa per produttivit\u00e0 oraria nel settore manifatturiero.<\/p>\n<p style=\"text-align: justify;\">Il <strong>mercato del lavoro italiano<\/strong>, grazie a riforme mirate ad incentivare l\u2019occupazione stabile, \u00e8 <strong>in netto miglioramento<\/strong>: nel periodo 2012-2023, il tasso di attivit\u00e0 \u00e8 aumentato del 3.7%, mentre il tasso di occupazione \u00e8 cresciuto del 5.4%. Dal 2007 al 2022, le imprese hanno incrementato il proprio capitale del 12.8% e ridotto il ricorso al debito bancario dal 19.5% al 13.2%, diventando cos\u00ec pi\u00f9 solide e meno indebitate. Le finanze pubbliche italiane, secondo lo studio, risultano essere pi\u00f9 stabili rispetto alla percezione esterna: il debito pubblico \u00e8 aumentato di solo 1,2% nel periodo 2019-2023 e detenuto nel 70% da investitori locali. Infine, nonostante il Covid e lo scoppio della guerra in Ucraina, l\u2019Italia \u00e8 riuscita a mantenere un controllo pi\u00f9 rigoroso delle proprie finanze rispetto ad altri Paesi UE.<\/p>\n<p style=\"text-align: justify;\">\n<p>&nbsp;<\/p>\n<p>&nbsp;<\/p>\n","protected":false},"excerpt":{"rendered":"L\u2019Italia si conferma come uno dei principali attori del commercio internazionale, grazie alla solidit\u00e0 del proprio sistema produttivo, alla qualit\u00e0 delle sue imprese e ad una spiccata capacit\u00e0 di adattamento ai nuovi scenari internazionali. Inoltre, si propone non solo come partner commerciale affidabile, ma anche come destinazione strategica per gli investimenti esteri, grazie alla sua [&hellip;]","protected":false},"author":1,"featured_media":0,"parent":43,"menu_order":0,"comment_status":"closed","ping_status":"closed","template":"","meta":{"footnotes":""},"class_list":["post-97","page","type-page","status-publish","hentry"],"_links":{"self":[{"href":"https:\/\/ambpodgorica.esteri.it\/it\/wp-json\/wp\/v2\/pages\/97","targetHints":{"allow":["GET"]}}],"collection":[{"href":"https:\/\/ambpodgorica.esteri.it\/it\/wp-json\/wp\/v2\/pages"}],"about":[{"href":"https:\/\/ambpodgorica.esteri.it\/it\/wp-json\/wp\/v2\/types\/page"}],"author":[{"embeddable":true,"href":"https:\/\/ambpodgorica.esteri.it\/it\/wp-json\/wp\/v2\/users\/1"}],"replies":[{"embeddable":true,"href":"https:\/\/ambpodgorica.esteri.it\/it\/wp-json\/wp\/v2\/comments?post=97"}],"version-history":[{"count":5,"href":"https:\/\/ambpodgorica.esteri.it\/it\/wp-json\/wp\/v2\/pages\/97\/revisions"}],"predecessor-version":[{"id":3754,"href":"https:\/\/ambpodgorica.esteri.it\/it\/wp-json\/wp\/v2\/pages\/97\/revisions\/3754"}],"up":[{"embeddable":true,"href":"https:\/\/ambpodgorica.esteri.it\/it\/wp-json\/wp\/v2\/pages\/43"}],"wp:attachment":[{"href":"https:\/\/ambpodgorica.esteri.it\/it\/wp-json\/wp\/v2\/media?parent=97"}],"curies":[{"name":"wp","href":"https:\/\/api.w.org\/{rel}","templated":true}]}}