{"id":152,"date":"2023-04-11T18:10:30","date_gmt":"2023-04-11T16:10:30","guid":{"rendered":"https:\/\/ambpodgorica.esteri.it\/diplomazia-economica\/"},"modified":"2025-10-01T10:45:36","modified_gmt":"2025-10-01T08:45:36","slug":"diplomazia-economica","status":"publish","type":"page","link":"https:\/\/ambpodgorica.esteri.it\/me\/italia-e-montenegro\/diplomazia-economica\/","title":{"rendered":"Ekonomska diplomatija"},"content":{"rendered":"<p style=\"text-align: justify;\"><strong>Makroekonomski okvir<\/strong><\/p>\n<p style=\"text-align: justify;\">Crnogorska ekonomija <strong>raste<\/strong>, ali neujedna\u010denim tempom. BDP po glavi stanovnika je 2024. godine dostigao 54% prosjeka Evropske unije za tu godinu, \u0161to zemlju stavlja na drugo mjesto na Zapadnom Balkanu. Iako crnogorsku ekonomiju prvenstveno pokre\u0107e <strong>sektor usluga<\/strong>, prihodi od turizma su smanjeni za 3,6 procentnih poena u 2024. godini. Ukupan javni dug Crne Gore na kraju 2024. godine, prema podacima Ministarstva finansija, iznosi 4,6 milijardi evra, odnosno 61,3% BDP-a. <strong>Industrijska proizvodnja je porasla<\/strong> u 2024. godini, posebno u <strong>rudarskom<\/strong> i <strong>proizvodnom sektoru<\/strong>.<\/p>\n<p style=\"text-align: justify;\">Prema preliminarnim podacima koje je objavio Monstat, trgovinska razmena Crne Gore u prvih pet mjeseci 2025. godine dostigla je ukupnu vrijednost od 1.909,9 miliona eura, \u0161to je pove\u0107anje od 4% u pore\u0111enju sa istim periodom 2024. godine. <strong>Izvoz<\/strong> je smanjen za 5,8%, dok je uvoz pove\u0107an za 5,7%. \u0160to se ti\u010de izvoza, najzna\u010dajniji proizvodi bili su <strong>mineralna<\/strong> <strong>goriva<\/strong> <strong>i<\/strong> <strong>maziva<\/strong>, u vrijednosti od 71,6 miliona eura. \u0160to se ti\u010de <strong>uvoza<\/strong>, glavna roba uvezena u zemlju bile su <strong>ma\u0161ine<\/strong> <strong>i<\/strong> <strong>transportna<\/strong> <strong>oprema<\/strong>, u ukupnoj vrijednosti od 428,2 miliona eura.<\/p>\n<p style=\"text-align: justify;\"><strong>Glavni izvozni trgovinski partneri<\/strong> Crne Gore u prvoj polovini 2025. godine bili su <strong>Srbija<\/strong>, <strong>\u0160vajcarska<\/strong> i <strong>Bosna i Hercegovina<\/strong>. \u0160to se ti\u010de <strong>uvoza<\/strong>, najve\u0107i dobavlja\u010di Crne Gore bili su <strong>Srbija<\/strong>, <strong>Kina<\/strong>, <strong>Njema\u010dka<\/strong> i <strong>Italija<\/strong>.<\/p>\n<p style=\"text-align: justify;\"><strong>Trgovina izme\u0111u Italije i Crne Gore<\/strong><\/p>\n<p style=\"text-align: justify;\">Italija ima strate\u0161ku ulogu u trgovinskim odnosima sa Crnom Gorom, kako kao izvozni partner, tako i kao zna\u010dajan dobavlja\u010d roba i usluga.<\/p>\n<p style=\"text-align: justify;\">Na kraju druge polovine 2024. godine, Italija se potvrdila kao <strong>deveto najve\u0107e izvozno tr\u017ei\u0161te Crne Gore<\/strong>, sa ukupnom vrijedno\u0161\u0107u od <strong>20. miliona eura<\/strong>, \u0161to odgovara procentu od <strong>3,2% od ukupnog crnogorskog izvoza<\/strong>. Glavni sektori izvoza u Italiju bili su energetika, proizvodnja i hrana.<\/p>\n<p style=\"text-align: justify;\">\u0160to se ti\u010de uvoza, u 2025. godini, isto kao i u 2024. godini, Italija je bila na <strong>\u010detvrtom mjestu me\u0111u crnogorskim dobavlja\u010dima<\/strong>, u ukupnoj vrijednosti od <strong>95 miliona eura<\/strong>. Glavni sektori uvoza bili su energetika, hrana i transport.<\/p>\n<p style=\"text-align: justify;\"><strong>Korisni linkovi<\/strong><\/p>\n<p style=\"text-align: justify;\">A\u017eurirana analiza bilateralne ekonomske saradnje sadr\u017eana je u informativnom listu \u201eCrna Gora\u201c, razvijenom u saradnji sa Italijanskom trgovinskom agencijom (ICE), i dostupna je na posebnoj platformi <a href=\"https:\/\/www.infomercatiesteri.it\/paese.php?id_paesi=79\">INFOMERCATIESTERI<\/a>.<\/p>\n<p style=\"text-align: justify;\"><a href=\"https:\/\/www.ice.it\/it\/mercati\/montenegro\">ICE &#8211; Italian Trade Agency<\/a><\/p>\n<p style=\"text-align: justify;\"><a class=\"\" href=\"https:\/\/opportunitaly.gov.it\/it\" data-focus-mouse=\"false\">OPPORTUNITALY<\/a><\/p>\n","protected":false},"excerpt":{"rendered":"Makroekonomski okvir Crnogorska ekonomija raste, ali neujedna\u010denim tempom. BDP po glavi stanovnika je 2024. godine dostigao 54% prosjeka Evropske unije za tu godinu, \u0161to zemlju stavlja na drugo mjesto na Zapadnom Balkanu. Iako crnogorsku ekonomiju prvenstveno pokre\u0107e sektor usluga, prihodi od turizma su smanjeni za 3,6 procentnih poena u 2024. godini. Ukupan javni dug Crne [&hellip;]","protected":false},"author":1,"featured_media":0,"parent":168,"menu_order":0,"comment_status":"closed","ping_status":"closed","template":"","meta":{"footnotes":""},"class_list":["post-152","page","type-page","status-publish","hentry"],"_links":{"self":[{"href":"https:\/\/ambpodgorica.esteri.it\/me\/wp-json\/wp\/v2\/pages\/152","targetHints":{"allow":["GET"]}}],"collection":[{"href":"https:\/\/ambpodgorica.esteri.it\/me\/wp-json\/wp\/v2\/pages"}],"about":[{"href":"https:\/\/ambpodgorica.esteri.it\/me\/wp-json\/wp\/v2\/types\/page"}],"author":[{"embeddable":true,"href":"https:\/\/ambpodgorica.esteri.it\/me\/wp-json\/wp\/v2\/users\/1"}],"replies":[{"embeddable":true,"href":"https:\/\/ambpodgorica.esteri.it\/me\/wp-json\/wp\/v2\/comments?post=152"}],"version-history":[{"count":6,"href":"https:\/\/ambpodgorica.esteri.it\/me\/wp-json\/wp\/v2\/pages\/152\/revisions"}],"predecessor-version":[{"id":4508,"href":"https:\/\/ambpodgorica.esteri.it\/me\/wp-json\/wp\/v2\/pages\/152\/revisions\/4508"}],"up":[{"embeddable":true,"href":"https:\/\/ambpodgorica.esteri.it\/me\/wp-json\/wp\/v2\/pages\/168"}],"wp:attachment":[{"href":"https:\/\/ambpodgorica.esteri.it\/me\/wp-json\/wp\/v2\/media?parent=152"}],"curies":[{"name":"wp","href":"https:\/\/api.w.org\/{rel}","templated":true}]}}