{"id":153,"date":"2023-04-11T18:24:01","date_gmt":"2023-04-11T16:24:01","guid":{"rendered":"https:\/\/ambpodgorica.esteri.it\/diplomazia-economica\/fare-affari-in-italia\/"},"modified":"2025-09-23T13:05:36","modified_gmt":"2025-09-23T11:05:36","slug":"fare-affari-in-italia","status":"publish","type":"page","link":"https:\/\/ambpodgorica.esteri.it\/me\/italia-e-montenegro\/diplomazia-economica\/fare-affari-in-italia\/","title":{"rendered":"Poslovanje u Italiji"},"content":{"rendered":"<p style=\"text-align: justify;\">Italija se etablirala kao glavni akter u me\u0111unarodnoj trgovini, zahvaljuju\u0107i <strong>snazi<\/strong> svog proizvodnog sistema, <strong>kvalitetu<\/strong> svojih preduze\u0107a i izuzetnoj <strong>sposobnosti prilago\u0111avanja<\/strong> novim me\u0111unarodnim scenarijima. \u0160tavi\u0161e, predstavlja se ne samo kao pouzdan trgovinski partner, ve\u0107\u0301 i kao <strong>strate\u0161ka destinacija za strane investicije<\/strong>, zahvaljuju\u0107i svom centralnom geografskom polo\u017eaju, kvalifikovanom ljudskom kapitalu, i \u010dvrstom i vizionarskom preduzetni\u010dkom sistemu.<\/p>\n<p style=\"text-align: justify;\">Italijanska <strong>poslovna mre\u017ea<\/strong> je <strong>dinami\u010dna<\/strong> i <strong>\u0161iroko rasprostranjena<\/strong>. Sektori luksuza, mode, preciznog in\u017eenjerstva, farmaceutske industrije i poljoprivredno-prehrambene industrije su posebno konkurentni, a mnoge kompanije izvoze do 70% svoje proizvodnje, potvr\u0111uju\u0107i se kao ambasadori Made in Italy (\u201eProizvedeno u Italiji\u201c) \u0161irom svijeta.<\/p>\n<p style=\"text-align: justify;\">Italijanski <strong>izvoz<\/strong> je prvenstveno usmjeren na <strong>konsolidovana tr\u017ei\u0161ta Evrope i Sjedinjenih Ameri\u010dkih Dr\u017eava<\/strong>, ali se posljednjih godina uspje\u0161no pro\u0161irio i na tr\u017ei\u0161ta u razvoju kao \u0161to su Meksiko, Brazil, Kolumbija, Turska, Srbija, Egipat, Maroko, Ju\u017ena Afrika, Indija, Kina, Vijetnam i Singapur. Trenutna vrijednost italijanskog izvoza u ove zemlje iznosi \u00a080. milijardi eura, a o\u010dekuje se da \u0107e dosti\u0107i 95. milijardi eura do 2027. godine, zahvaljuju\u0107i investicijama u sektore sa <strong>visokim potencijalom<\/strong> kao \u0161to su <strong>ma\u0161instvo<\/strong>, <strong>energetika<\/strong> i <strong>infrastruktura<\/strong> \u2013 oblasti u kojima Italija posjeduje me\u0111unarodno priznato znanje i stru\u010dnost.<\/p>\n<p style=\"text-align: justify;\"><strong>Fleksibilnost<\/strong> je poseban kvalitet italijanskih kompanija. <strong>Sposobnost brzog prilago\u0111avanja<\/strong> <strong>potrebama<\/strong> kupaca, prilago\u0111avanja ponude i stalnog inoviranja, predstavlja predanost u odnosu na konkurenciju, koja je omogu\u0107ila Italiji da u\u010dvrsti svoje prisustvo na globalnim tr\u017ei\u0161tima, \u010dak i u ekonomskim okru\u017eenjima koja se neprestano mijenjaju.<\/p>\n<p style=\"text-align: justify;\">Prema najnovijoj studiji Konfindustrije, zaklju\u010dno sa martom 2025. godine, ekonomski rast Italije, u periodu 2018-2023, zabilje\u017eio je godi\u0161nji porast BDP-a od 1,0%, \u0161to je nadma\u0161ilo rast Njema\u010dke (+0,3%), vode\u0107e ekonomske sile Evrope. Proizvodne investicije su porasle za 17,8% od 2019. do 2024. godine, dok izvoz, koji je porastao za 45% od 2015. do 2024. godine, sada svrstava Italiju na drugo mjesto me\u0111u zemljama EU po izvozu proizvodnih proizvoda, i na \u010detvrto mjesto u svijetu po broju proizvoda za koje je vode\u0107i izvoznik. \u0160tavi\u0161e, Italija je druga u Evropi po produktivnosti po satu u proizvodnom sektoru.<\/p>\n<p style=\"text-align: justify;\">\n<p style=\"text-align: justify;\">Italijansko tr\u017ei\u0161te rada, zahvaljuju\u0107i reformama usmjerenim na podsticanje stabilnog zapo\u0161ljavanja, zna\u010dajno se pobolj\u0161ava: izme\u0111u 2012. i 2023. godine, stopa u\u010de\u0161\u0107a je porasla za 3,7%, dok je stopa zaposlenosti porasla za 5,4%. Od 2007. do 2022. godine, kompanije su pove\u0107ale svoj kapital za 12,8% i smanjile kori\u0161\u0107enje bankarskog duga sa 19,5% na 13,2%, \u010dime su postale stabilnije i manje zadu\u017eene. Prema studiji, italijanske javne finansije djeluju stabilnije nego \u0161to spoljna percepcija sugeri\u0161e: javni dug je porastao za samo 1,2% izme\u0111u 2019. i 2023. godine, a 70% dr\u017ee lokalni investitori. Kona\u010dno, uprkos Kovidu i izbijanju rata u Ukrajini, Italija je uspela da odr\u017ei \u010dvr\u0161\u0107u kontrolu nad svojim finansijama nego druge zemlje EU.<\/p>\n","protected":false},"excerpt":{"rendered":"Italija se etablirala kao glavni akter u me\u0111unarodnoj trgovini, zahvaljuju\u0107i snazi svog proizvodnog sistema, kvalitetu svojih preduze\u0107a i izuzetnoj sposobnosti prilago\u0111avanja novim me\u0111unarodnim scenarijima. \u0160tavi\u0161e, predstavlja se ne samo kao pouzdan trgovinski partner, ve\u0107\u0301 i kao strate\u0161ka destinacija za strane investicije, zahvaljuju\u0107i svom centralnom geografskom polo\u017eaju, kvalifikovanom ljudskom kapitalu, i \u010dvrstom i vizionarskom preduzetni\u010dkom sistemu. [&hellip;]","protected":false},"author":1,"featured_media":0,"parent":152,"menu_order":0,"comment_status":"closed","ping_status":"closed","template":"","meta":{"footnotes":""},"class_list":["post-153","page","type-page","status-publish","hentry"],"_links":{"self":[{"href":"https:\/\/ambpodgorica.esteri.it\/me\/wp-json\/wp\/v2\/pages\/153","targetHints":{"allow":["GET"]}}],"collection":[{"href":"https:\/\/ambpodgorica.esteri.it\/me\/wp-json\/wp\/v2\/pages"}],"about":[{"href":"https:\/\/ambpodgorica.esteri.it\/me\/wp-json\/wp\/v2\/types\/page"}],"author":[{"embeddable":true,"href":"https:\/\/ambpodgorica.esteri.it\/me\/wp-json\/wp\/v2\/users\/1"}],"replies":[{"embeddable":true,"href":"https:\/\/ambpodgorica.esteri.it\/me\/wp-json\/wp\/v2\/comments?post=153"}],"version-history":[{"count":6,"href":"https:\/\/ambpodgorica.esteri.it\/me\/wp-json\/wp\/v2\/pages\/153\/revisions"}],"predecessor-version":[{"id":4372,"href":"https:\/\/ambpodgorica.esteri.it\/me\/wp-json\/wp\/v2\/pages\/153\/revisions\/4372"}],"up":[{"embeddable":true,"href":"https:\/\/ambpodgorica.esteri.it\/me\/wp-json\/wp\/v2\/pages\/152"}],"wp:attachment":[{"href":"https:\/\/ambpodgorica.esteri.it\/me\/wp-json\/wp\/v2\/media?parent=153"}],"curies":[{"name":"wp","href":"https:\/\/api.w.org\/{rel}","templated":true}]}}