{"id":155,"date":"2023-04-11T18:10:45","date_gmt":"2023-04-11T16:10:45","guid":{"rendered":"https:\/\/ambpodgorica.esteri.it\/diplomazia-culturale\/"},"modified":"2025-09-16T10:35:42","modified_gmt":"2025-09-16T08:35:42","slug":"diplomazia-culturale","status":"publish","type":"page","link":"https:\/\/ambpodgorica.esteri.it\/me\/italia-e-montenegro\/diplomazia-culturale\/","title":{"rendered":"Kulturna diplomatija"},"content":{"rendered":"<p style=\"text-align: justify;\">Italija i Crna Gora imaju \u010dvrstu saradnju u razli\u010ditim oblastima, posebno na akademskom i nau\u010dnom nivou, te u oblasti arheolo\u0161kih istra\u017eivanja. Promovisanje italijanskog jezika tako\u0111e igra klju\u010dnu ulogu u saradnji izme\u0111u dvije zemlje: italijanski je, upravo, drugi strani jezik koji se najvi\u0161e izu\u010dava u Crnoj Gori, poslije engleskog.<\/p>\n<p>&nbsp;<\/p>\n<p style=\"text-align: justify;\"><strong><u>Rasprostranjenost italijanskog jezika<\/u><\/strong><\/p>\n<p style=\"text-align: justify;\">\u0160irom Crne Gore (Podgorica, Kotor, Cetinje, Budva, Bar, Nik\u0161ic\u0301, Tivat, Herceg Novi) vi\u0161e od 15.000 u\u010denika u osnovnim i srednjim \u0161kolama u\u010di italijanski jezik. Na univerzitetskom nivou, nekoliko kurseva italijanskog jezika se nudi na Fakultetu za turizam u Kotoru. Pored toga na Filolo\u0161kom fakultetu Univerziteta Crne Gore postoji odsjek za italijanski jezik i knji\u017eevnost koji nudi \u010detvorogodi\u0161nji studijski program iz italijanskog jezika i knji\u017eevnosti, specijalisti\u010dke studije (master studije) i doktorske studije.<\/p>\n<p style=\"text-align: justify;\"><strong>Nevladina organizacija Cult.it<\/strong>, Italijanski kulturni centar, koja djeluje u Podgorici, je 2006. godine preuzela ulogu takozvane \u201eItalijanske kulturne antene\u201c, osnovane 2005. godine, kao predstavnika u Crnoj Gori Italijanskog instituta za kulturu u Beogradu. Ova organizacija organizuje kulturne doga\u0111aje (\u010desto u saradnji sa ovom ambasadom) i nudi kurseve italijanskog jezika na tri razli\u010dita nivoa (A1-B2), prilago\u0111ene evropskim standardima. Da biste kontaktirali Cult.it, po\u0161aljite imejl na <a href=\"mailto:antennapg@t-com.mne\">antennapg@t-com.mne<\/a><\/p>\n<p>&nbsp;<\/p>\n<p style=\"text-align: justify;\"><strong><u>\u201eGreen game\u201d u Crnoj Gori<\/u><\/strong><\/p>\n<p style=\"text-align: justify;\">Tokom 2023. i 2024. godine, Ambasada je u Crnu Goru dovela projekat \u201e<a href=\"https:\/\/www.greengame.it\/\">Zelena igra<\/a>\u201c, putuju\u0107u kulturno-obrazovnu inicijativu koja ima za cilj da podigne svijest u\u010denika osnovnih i srednjih \u0161kola o ekolo\u0161kim problemima i va\u017enosti sortiranja otpada, kroz interaktivan i anga\u017eovan pristup. Projekat sponzori\u0161u Vlada Italije i MASE (Ministarstvo \u017eivotne sredine i energetske sigurnosti), a organizovan je uz podr\u0161ku nacionalnih italijanskih konzorcijuma za sakupljanje, recikla\u017eu i povra\u0107aj ambala\u017ee: BIOREPACK, CIAL, COMIECO, COREPLA, COREVE i RICREA.<\/p>\n<p style=\"text-align: justify;\"><a href=\"https:\/\/ambpodgorica.esteri.it\/it\/news\/dall_ambasciata\/2023\/10\/eventi-della-xiii-settimana-della\/\">Prvo izdanje<\/a>, koje je odr\u017eano 2023. godine, obuhvatilo je oko 100. u\u010denika iz devet srednjih \u0161kola \u0161irom Crne Gore, kao i nastavnike i \u0161kolske upravitelje. Na kraju didakti\u010dkog modula, u\u010denici su radili kviz na italijanskom jeziku sa pitanjima u vezi sa sortiranjem otpada, za\u0161titom i po\u0161tovanjem \u017eivotne sredine i ekolo\u0161kom odr\u017eivo\u0161\u0107u, sa ciljem pove\u0107anja njihove svijesti o \u017eivotnoj sredini i potrebi njenog o\u010duvanja.<\/p>\n<p style=\"text-align: justify;\">Za <a href=\"https:\/\/ambpodgorica.esteri.it\/me\/news\/dall_ambasciata\/2024\/11\/drugo-izdanje-zelene-igre-u-crnoj-gori-podgorica-25-11-2024-god\/\">drugo izdanje<\/a> koje je odr\u017eano 2024. godine, u\u010de\u0161\u0107e je pro\u0161ireno na pet osnovnih \u0161kola, za ukupno 160. u\u010denika, sa ciljem podizanja svijesti mla\u0111ih generacija o kulturi po\u0161tovanja \u017eivotne sredine kroz pravilno odvajanje otpada.<\/p>\n","protected":false},"excerpt":{"rendered":"Italija i Crna Gora imaju \u010dvrstu saradnju u razli\u010ditim oblastima, posebno na akademskom i nau\u010dnom nivou, te u oblasti arheolo\u0161kih istra\u017eivanja. Promovisanje italijanskog jezika tako\u0111e igra klju\u010dnu ulogu u saradnji izme\u0111u dvije zemlje: italijanski je, upravo, drugi strani jezik koji se najvi\u0161e izu\u010dava u Crnoj Gori, poslije engleskog. &nbsp; Rasprostranjenost italijanskog jezika \u0160irom Crne Gore [&hellip;]","protected":false},"author":1,"featured_media":0,"parent":168,"menu_order":2,"comment_status":"closed","ping_status":"closed","template":"","meta":{"footnotes":""},"class_list":["post-155","page","type-page","status-publish","hentry"],"_links":{"self":[{"href":"https:\/\/ambpodgorica.esteri.it\/me\/wp-json\/wp\/v2\/pages\/155","targetHints":{"allow":["GET"]}}],"collection":[{"href":"https:\/\/ambpodgorica.esteri.it\/me\/wp-json\/wp\/v2\/pages"}],"about":[{"href":"https:\/\/ambpodgorica.esteri.it\/me\/wp-json\/wp\/v2\/types\/page"}],"author":[{"embeddable":true,"href":"https:\/\/ambpodgorica.esteri.it\/me\/wp-json\/wp\/v2\/users\/1"}],"replies":[{"embeddable":true,"href":"https:\/\/ambpodgorica.esteri.it\/me\/wp-json\/wp\/v2\/comments?post=155"}],"version-history":[{"count":7,"href":"https:\/\/ambpodgorica.esteri.it\/me\/wp-json\/wp\/v2\/pages\/155\/revisions"}],"predecessor-version":[{"id":4114,"href":"https:\/\/ambpodgorica.esteri.it\/me\/wp-json\/wp\/v2\/pages\/155\/revisions\/4114"}],"up":[{"embeddable":true,"href":"https:\/\/ambpodgorica.esteri.it\/me\/wp-json\/wp\/v2\/pages\/168"}],"wp:attachment":[{"href":"https:\/\/ambpodgorica.esteri.it\/me\/wp-json\/wp\/v2\/media?parent=155"}],"curies":[{"name":"wp","href":"https:\/\/api.w.org\/{rel}","templated":true}]}}