{"id":160,"date":"2023-04-11T18:10:55","date_gmt":"2023-04-11T16:10:55","guid":{"rendered":"https:\/\/ambpodgorica.esteri.it\/diplomazia-scientifica\/"},"modified":"2025-08-08T16:07:28","modified_gmt":"2025-08-08T14:07:28","slug":"diplomazia-scientifica","status":"publish","type":"page","link":"https:\/\/ambpodgorica.esteri.it\/me\/italia-e-montenegro\/diplomazia-scientifica\/","title":{"rendered":"Diplomatija u oblasti nauke"},"content":{"rendered":"<p style=\"text-align: justify;\">Aktivnosti Ambasade u ovoj oblasti usmjerene su na ja\u010danje nau\u010dne i <strong>tehnolo\u0161ke saradnje<\/strong> izme\u0111u Italije i Crne Gore, kao i na promociju saradnje izme\u0111u italijanskih i crnogorskih univerziteta, istra\u017eiva\u010dkih institucija, nau\u010dnih institucija i preduze\u0107a, u oblastima <strong>istra\u017eivanja, inovacija i tehnolo\u0161ki napredne proizvodnje<\/strong>.<\/p>\n<p style=\"text-align: justify;\">U tom cilju je <strong>obnovljen za period 2023-2025.<\/strong> godine <a href=\"https:\/\/innovitalia.esteri.it\/notizia\/italia-e-montenegro-rilanciano-la-cooperazione-scientifica\"><strong>Izvr\u0161ni program Sporazuma o bilateralnoj nau\u010dnoj i tehnolo\u0161koj saradnji<\/strong><\/a> koji je potpisan u Podgorici 26. septembra 2013. godine, a koji je stupio na snagu 19. februara 2018. godine. Italija i Crna Gora sufinansiraju pet novih, <strong>veoma zna\u010dajnih nau\u010dnih projekata<\/strong>, koje je odabrala bilateralna komisija, iz oblasti poljoprivrede i prehrambenih nauka, kulturnog naslje\u0111a i tehnologija vezanih za \u017eivotnu sredinu, sa posebnim fokusom na plavi rast, procjenu prirodnih opasnosti i njihovo ubla\u017eavanje. Sa Italijanske strane, godi\u0161nja sredstva obezbje\u0111uju Ministarstvo vanjskih poslova i me\u0111unarodne saradnje i Ministarstvo za univerzitet i istra\u017eivanje.<\/p>\n<p>&nbsp;<\/p>\n<p><a href=\"https:\/\/ambpodgorica.esteri.it\/me\/italia-e-montenegro\/diplomazia-scientifica\/arheoloske-misije\/\">Arheolo\u0161ke misije<\/a><\/p>\n","protected":false},"excerpt":{"rendered":"Aktivnosti Ambasade u ovoj oblasti usmjerene su na ja\u010danje nau\u010dne i tehnolo\u0161ke saradnje izme\u0111u Italije i Crne Gore, kao i na promociju saradnje izme\u0111u italijanskih i crnogorskih univerziteta, istra\u017eiva\u010dkih institucija, nau\u010dnih institucija i preduze\u0107a, u oblastima istra\u017eivanja, inovacija i tehnolo\u0161ki napredne proizvodnje. U tom cilju je obnovljen za period 2023-2025. godine Izvr\u0161ni program Sporazuma o [&hellip;]","protected":false},"author":1,"featured_media":0,"parent":168,"menu_order":4,"comment_status":"closed","ping_status":"closed","template":"","meta":{"footnotes":""},"class_list":["post-160","page","type-page","status-publish","hentry"],"_links":{"self":[{"href":"https:\/\/ambpodgorica.esteri.it\/me\/wp-json\/wp\/v2\/pages\/160","targetHints":{"allow":["GET"]}}],"collection":[{"href":"https:\/\/ambpodgorica.esteri.it\/me\/wp-json\/wp\/v2\/pages"}],"about":[{"href":"https:\/\/ambpodgorica.esteri.it\/me\/wp-json\/wp\/v2\/types\/page"}],"author":[{"embeddable":true,"href":"https:\/\/ambpodgorica.esteri.it\/me\/wp-json\/wp\/v2\/users\/1"}],"replies":[{"embeddable":true,"href":"https:\/\/ambpodgorica.esteri.it\/me\/wp-json\/wp\/v2\/comments?post=160"}],"version-history":[{"count":5,"href":"https:\/\/ambpodgorica.esteri.it\/me\/wp-json\/wp\/v2\/pages\/160\/revisions"}],"predecessor-version":[{"id":3912,"href":"https:\/\/ambpodgorica.esteri.it\/me\/wp-json\/wp\/v2\/pages\/160\/revisions\/3912"}],"up":[{"embeddable":true,"href":"https:\/\/ambpodgorica.esteri.it\/me\/wp-json\/wp\/v2\/pages\/168"}],"wp:attachment":[{"href":"https:\/\/ambpodgorica.esteri.it\/me\/wp-json\/wp\/v2\/media?parent=160"}],"curies":[{"name":"wp","href":"https:\/\/api.w.org\/{rel}","templated":true}]}}