{"id":162,"date":"2023-04-11T17:08:57","date_gmt":"2023-04-11T15:08:57","guid":{"rendered":"https:\/\/ambpodgorica.esteri.it\/servizi-consolari-e-visti\/"},"modified":"2025-12-03T10:39:43","modified_gmt":"2025-12-03T09:39:43","slug":"servizi-consolari-e-visti","status":"publish","type":"page","link":"https:\/\/ambpodgorica.esteri.it\/me\/servizi-consolari-e-visti\/","title":{"rendered":"Konzularna slu\u017eba i vize"},"content":{"rendered":"<p style=\"text-align: justify;\">Ako ste <strong>italijanski dr\u017eavljanin<\/strong> u Crnoj Gori ili <strong>crnogorski dr\u017eavljanin<\/strong> <strong>zainteresovan za obavljanje poslova u Italiji<\/strong>, mogu vam biti potrebne usluge koje pru\u017ea Konzularna kancelarija italijanske ambasade u Podgorici.<\/p>\n<p style=\"text-align: justify;\">Konzularne usluge se pru\u017eaju u skladu sa principima jednakosti, nepristrasnosti, efikasnosti i transparentnosti. Preporu\u010dujemo vam da budete oprezni i da prijavite ambasadi sve posrednike koji nude pla\u0107ene usluge za podno\u0161enje ili olak\u0161avanje konzularnih i viznih procedura.<\/p>\n<p style=\"text-align: justify;\">Konzulati obezbje\u0111uju za\u0161titu svih italijanskih dr\u017eavljana u slu\u010daju kr\u0161enja njihovih osnovnih prava i ograni\u010denja ili li\u0161avanja li\u010dne slobode. Tako\u0111e pru\u017eaju pomo\u0107 u vanrednim situacijama.<\/p>\n<p style=\"text-align: justify;\"><strong>Vi\u0161e informacija<\/strong> o uslugama koje pru\u017ea Konzularno odjeljenje italijanske ambasade u Podgorici dostupno je u dva pod-odjeljka:<\/p>\n<ul style=\"text-align: justify;\">\n<li><a href=\"https:\/\/ambpodgorica.esteri.it\/me\/servizi-consolari-e-visti\/servizi-per-il-cittadino-italiano\/\">Usluge za italijanske dr\u017eavljane <\/a><\/li>\n<li><a href=\"https:\/\/ambpodgorica.esteri.it\/me\/servizi-consolari-e-visti\/servizi-per-il-cittadino-straniero\/\">Usluge za strane dr\u017eavljane <\/a><\/li>\n<\/ul>\n<p style=\"text-align: justify;\">Za op\u0161te informacije o konzularnim uslugama koje pru\u017eaju italijanska diplomatska i konzularna predstavni\u0161tva \u0161irom svijeta, <a href=\"https:\/\/www.esteri.it\/it\/servizi-consolari-e-visti\/\">kliknite ovdje<\/a> kako biste pristupili posebnom odjeljku veb stranice MAECI.<\/p>\n<p style=\"text-align: justify;\">Za informacije o onlajn konzularnim uslugama putem FastIt portala, <a href=\"https:\/\/serviziconsolarionline.esteri.it\/ScoFE\/index.sco\">kliknite ovdje<\/a>.<\/p>\n<p style=\"text-align: justify;\">\n<p style=\"text-align: justify;\"><strong><u>Korsini kontakti<\/u><\/strong><\/p>\n<p style=\"text-align: justify;\">Konzularno odjeljenje: <a href=\"mailto:consolare.podgorica@esteri.it\">consolare.podgorica@esteri.it<\/a><\/p>\n<p style=\"text-align: justify;\">Odjeljenje za vize: <a href=\"mailto:visti.podgorica@esteri.it\">visti.podgorica@esteri.it<\/a><\/p>\n<p style=\"text-align: justify;\">Ostale kontakte mo\u017eete pogledati u odjeljku <a href=\"https:\/\/ambpodgorica.esteri.it\/me\/chi-siamo\/contatti\/\">Kontakti<\/a>.<\/p>\n<p style=\"text-align: justify;\">\n<p style=\"text-align: justify;\"><strong><u>Radno vrijeme sa strankama<\/u><\/strong><\/p>\n<p style=\"text-align: justify;\">Pristup stranki konzularnom odjeljenju i odjeljenju za vize je mogu\u0107 samo uz prethodno zakazivanje putem platforme <a href=\"https:\/\/prenotami.esteri.it\/\">Prenot@mi<\/a>.<\/p>\n<p style=\"text-align: justify;\">Od ponedjeljka do petka: 09:00 \u2013 12:00<\/p>\n<p style=\"text-align: justify;\">Svaka stavka menija sadr\u017ei korisne informacije za tra\u017eenje odre\u0111enih usluga i adresu e-po\u0161te za sva poja\u0161njenja.<\/p>\n<p style=\"text-align: justify;\"><strong><u>Konzularne tarife<\/u><\/strong><\/p>\n<p style=\"text-align: justify;\">Tarife koje su utvr\u0111ene za konzularne usluge navedene su u sljede\u0107im tabelama:<\/p>\n<p style=\"text-align: justify;\">A\u017euriran tekst <a href=\"https:\/\/www.esteri.it\/wp-content\/uploads\/2025\/02\/tariffa_consolare_aggiornata__2025rev-FINale.pdf\">Tabele konzularnih taksi<\/a>\u00a0koje se pla\u0107aju diplomatskim i konzularnim kancelarijama, prilo\u017een je uz Zakonodavnu uredbu 71\/2011 koja je a\u017eurirana Zakonodavnom uredbom od 18. septembra 2024. br. 139. i Zakonom od 30. decembra 2024. br. 207.<\/p>\n<p>&nbsp;<\/p>\n<p style=\"text-align: justify;\"><strong><u>Za\u0161tita li\u010dnih podataka<\/u><\/strong><\/p>\n<p style=\"text-align: justify;\">U nastavku su navedene politike privatnosti, razvrstane po vrsti usluge:<\/p>\n<ul style=\"text-align: justify;\">\n<li>Politika privatnosti \u2013 Dr\u017eavljanstvo &#8211; (\u010dlanovi 5 i 7, kao i \u010dlan 9, stav 1, slovo c i stav 2 Zakona br. 91\/1992) (Op\u0161ta uredba o za\u0161titi podataka (EU) 2016\/679, \u010dlanovi 13 i 14)<\/li>\n<li>Politika privatnosti \u2013 Konzularne usluge &#8211; (osim postupaka izdavanja viza i dobijanja dr\u017eavljanstva) (Op\u0161ta uredba o za\u0161titi podataka (EU) 2016\/679, \u010dlanovi 13 i 14).<\/li>\n<li>Politika privatnosti \u2013 Vize &#8211; (Op\u0161ta uredba o za\u0161titi podataka (EU) 2016\/679, \u010dlan 13)<\/li>\n<\/ul>\n<p style=\"text-align: justify;\">\n<p style=\"text-align: justify;\"><strong><u>Konzularne usluge koje se pru\u017eaju italijanskim dr\u017eavljanima i samopotvrde<\/u><\/strong><\/p>\n<p style=\"text-align: justify;\">U odgovaraju\u0107im odjeljcima posvje\u0107enim italijanskim i stranim dr\u017eavljanima, dostupan je <strong>nepotpun spisak konzularnih usluga<\/strong> koje pru\u017ea Konzularna kancelarija u Podgorici.<\/p>\n<p style=\"text-align: justify;\">Za dodatne informacije, obratite se Konzularnoj kancelariji na <a href=\"mailto:consolare.podgorica@esteri.it\">consolare.podgorica@esteri.it<\/a> <a href=\"mailto:\/visti.podgorica@esteri.it\">\/visti.podgorica@esteri.it<\/a><\/p>\n<p style=\"text-align: justify;\">Tako\u0111e mo\u017eete preuzeti obrasce za <strong>samostalnu izjavu-potvrdu<\/strong>:<\/p>\n<ul>\n<li style=\"text-align: justify;\"><a href=\"https:\/\/ambpodgorica.esteri.it\/wp-content\/uploads\/2023\/11\/dichiarazione_sostitutiva_di_certificazione.pdf\">Izjava<\/a>koja zamjenjuje potvrdu<\/li>\n<li style=\"text-align: justify;\"><a href=\"https:\/\/ambpodgorica.esteri.it\/wp-content\/uploads\/2023\/11\/dichiarazione_sostitutiva_di_certificazione_precom.pdf\">Izjava \u00a0<\/a>koja zamjenjuje potvrdu, popunjena<\/li>\n<\/ul>\n","protected":false},"excerpt":{"rendered":"Ako ste italijanski dr\u017eavljanin u Crnoj Gori ili crnogorski dr\u017eavljanin zainteresovan za obavljanje poslova u Italiji, mogu vam biti potrebne usluge koje pru\u017ea Konzularna kancelarija italijanske ambasade u Podgorici. Konzularne usluge se pru\u017eaju u skladu sa principima jednakosti, nepristrasnosti, efikasnosti i transparentnosti. Preporu\u010dujemo vam da budete oprezni i da prijavite ambasadi sve posrednike koji nude [&hellip;]","protected":false},"author":1,"featured_media":0,"parent":0,"menu_order":6,"comment_status":"closed","ping_status":"closed","template":"","meta":{"footnotes":""},"class_list":["post-162","page","type-page","status-publish","hentry"],"_links":{"self":[{"href":"https:\/\/ambpodgorica.esteri.it\/me\/wp-json\/wp\/v2\/pages\/162","targetHints":{"allow":["GET"]}}],"collection":[{"href":"https:\/\/ambpodgorica.esteri.it\/me\/wp-json\/wp\/v2\/pages"}],"about":[{"href":"https:\/\/ambpodgorica.esteri.it\/me\/wp-json\/wp\/v2\/types\/page"}],"author":[{"embeddable":true,"href":"https:\/\/ambpodgorica.esteri.it\/me\/wp-json\/wp\/v2\/users\/1"}],"replies":[{"embeddable":true,"href":"https:\/\/ambpodgorica.esteri.it\/me\/wp-json\/wp\/v2\/comments?post=162"}],"version-history":[{"count":4,"href":"https:\/\/ambpodgorica.esteri.it\/me\/wp-json\/wp\/v2\/pages\/162\/revisions"}],"predecessor-version":[{"id":4651,"href":"https:\/\/ambpodgorica.esteri.it\/me\/wp-json\/wp\/v2\/pages\/162\/revisions\/4651"}],"wp:attachment":[{"href":"https:\/\/ambpodgorica.esteri.it\/me\/wp-json\/wp\/v2\/media?parent=162"}],"curies":[{"name":"wp","href":"https:\/\/api.w.org\/{rel}","templated":true}]}}