{"id":165,"date":"2023-04-11T18:01:19","date_gmt":"2023-04-11T16:01:19","guid":{"rendered":"https:\/\/ambpodgorica.esteri.it\/chi-siamo\/gli-uffici\/"},"modified":"2026-04-16T16:07:46","modified_gmt":"2026-04-16T14:07:46","slug":"gli-uffici","status":"publish","type":"page","link":"https:\/\/ambpodgorica.esteri.it\/me\/chi-siamo\/gli-uffici\/","title":{"rendered":"Kancelarije"},"content":{"rendered":"<p style=\"text-align: justify;\"><strong>ITALIJANSKA AMBASADA U PODGORICI<\/strong><\/p>\n<p style=\"text-align: justify;\">Bulevar D\u017eord\u017ea Va\u0161ingtona, 26 &#8211; 81000 Podgorica<\/p>\n<p style=\"text-align: justify;\">Tel.\u00a0+382 20 234661\/2\/4<\/p>\n<p style=\"text-align: justify;\">Faks\u00a0+382 20 234663<\/p>\n<p style=\"text-align: justify;\">E-mail:\u00a0segreteria.podgorica@esteri.it<\/p>\n<p style=\"text-align: justify;\">PEC:\u00a0amb.podgorica@cert.esteri.it<\/p>\n<p style=\"text-align: justify;\">\n<p style=\"text-align: justify;\">Email adrese putem kojih mo\u017eete zatra\u017eiti konzularne <strong>informacije<\/strong> ili informacije o vizama su consolare.podgorica@esteri.it i visti.podgorica@esteri.it.<\/p>\n<p style=\"text-align: justify;\">\n<p style=\"text-align: justify;\"><span style=\"text-decoration: underline;\"><strong>Kancelarije i slu\u017ebenici<\/strong><\/span><\/p>\n<p style=\"text-align: justify;\">\n<p style=\"text-align: justify;\"><strong>Andreina Marsella<\/strong><\/p>\n<p style=\"text-align: justify;\"><em>Ambasador<\/em><\/p>\n<p style=\"text-align: justify;\">E-mail:\u00a0segreteria.podgorica@esteri.it<\/p>\n<p style=\"text-align: justify;\">\n<p style=\"text-align: justify;\"><strong>Silvia Margareta Staffa<\/strong><\/p>\n<p style=\"text-align: justify;\"><em>Zamjenik Ambasadora, glavni konzularni ured<\/em><\/p>\n<p style=\"text-align: justify;\">E-mail:\u00a0segreteria.podgorica@esteri.it<\/p>\n<p style=\"text-align: justify;\">\n<p style=\"text-align: justify;\"><span style=\"text-decoration: underline;\"><strong>Radno vrijeme za javnost:<\/strong><\/span><\/p>\n<p style=\"text-align: justify;\">od ponedeljka do petka, od 09.00 do 12.00 \u010dasova<\/p>\n<p style=\"text-align: justify;\">\n<p style=\"text-align: justify;\"><strong>ODJELJAK ZA VIZE:<\/strong><\/p>\n<p style=\"text-align: justify;\">e-mail:\u00a0visti.podgorica@esteri.it<\/p>\n<p style=\"text-align: justify;\">Radno vrijeme za javnost:<\/p>\n<p style=\"text-align: justify;\">od ponedeljka do petka, od 09.00 do 12.00 \u010dasova (po dogovoru)<\/p>\n<p style=\"text-align: justify;\">Termini mogu se rezervirati samo putem portala <a href=\"https:\/\/prenotami.esteri.it\/\">Prenotami<\/a>.<\/p>\n<p style=\"text-align: justify;\">\n<p style=\"text-align: justify;\"><strong>KONZULARNI ODJEL:<\/strong><\/p>\n<p style=\"text-align: justify;\">Paso\u0161i i putne isprave, bra\u010dno stanje, dr\u017eavljanstvo, konzularni\/AIRE registar, javnobilje\u017eni\u010dki akti, legalizacije, subvencije, pomo\u0107 sunarodnicima, navigacijske isprave, deklaracije o vrijednosti, fakultetske prijave itd.<\/p>\n<p style=\"text-align: justify;\">e-mail:\u00a0consolare.podgorica@esteri.it<\/p>\n<p style=\"text-align: justify;\">PEC paso\u0161i:\u00a0amb.podgorica.pass@cert.esteri.it<\/p>\n<p style=\"text-align: justify;\">Radno vrijeme za javnost:<\/p>\n<p style=\"text-align: justify;\">od ponedeljka do petka, od 09.00 do 12.00 \u010dasova (po dogovoru)<\/p>\n<p style=\"text-align: justify;\">Termini mogu se rezervirati samo putem portala <a href=\"https:\/\/prenotami.esteri.it\/\">Prenotami<\/a>.<\/p>\n<p style=\"text-align: justify;\">\n<p style=\"text-align: justify;\"><strong>ADMINISTRATIVNO RA\u010cUNOVODSTVO:<\/strong><\/p>\n<p style=\"text-align: justify;\">e-mail:\u00a0contabile.podgorica@esteri.it<\/p>\n<p style=\"text-align: justify;\">\n<p style=\"text-align: justify;\"><strong>Dopisno mesto Agencije za promociju u inostranstvu i internacionalizaciju italijanskih kompanija &#8211; ICE (zavisno od Kancelarije ICE Agencije u Beogradu)<\/strong><\/p>\n<p style=\"text-align: justify;\">Direktor ICE kancelarije u Beogradu: dr Antonio Ventresca<\/p>\n<p style=\"text-align: justify;\">Tel +381 113629939<\/p>\n<p style=\"text-align: justify;\">Fax: +381.11.3672458<\/p>\n<p style=\"text-align: justify;\">e-mail:\u00a0belgrado@ice.it<\/p>\n<p style=\"text-align: justify;\">Dopisno mesto Podgorica (nadle\u017eno za Crnu Goru)<\/p>\n<p style=\"text-align: justify;\">Tel +382 20 205130\/1<\/p>\n<p style=\"text-align: justify;\">e-mail:\u00a0podgorica@ice.it<\/p>\n<p style=\"text-align: justify;\">\n<p style=\"text-align: justify;\"><strong>Ured ata\u0161ea za odbranu\u00a0(sa sjedi\u0161tem u Tirani, sa sekundarnom akreditacijom za Crnu Goru)<\/strong><\/p>\n<p style=\"text-align: justify;\">Pukovnik Agostino Piccirillo, Ata\u0161e za odbranu<\/p>\n<p style=\"text-align: justify;\">Tel. +355 42234751\/34836<\/p>\n<p style=\"text-align: justify;\">E-mail:\u00a0difeitalia.tirana@smd.difesa.it<\/p>\n<p style=\"text-align: justify;\">\n<p style=\"text-align: justify;\"><strong>Italijanski kulturni institut\u00a0(sa sjedi\u0161tem u Beogradu, sa sekundarnom akreditacijom za Crnu Goru)<\/strong><\/p>\n<p style=\"text-align: justify;\">Re\u017eija: Roberto Cincotta<\/p>\n<p style=\"text-align: justify;\">Tel +381 113629435<\/p>\n<p style=\"text-align: justify;\">Fax: +381 113621411<\/p>\n<p style=\"text-align: justify;\">E-mail:\u00a0iicbelgrado@esteri.it<\/p>\n<p style=\"text-align: justify;\">\n","protected":false},"excerpt":{"rendered":"ITALIJANSKA AMBASADA U PODGORICI Bulevar D\u017eord\u017ea Va\u0161ingtona, 26 &#8211; 81000 Podgorica Tel.\u00a0+382 20 234661\/2\/4 Faks\u00a0+382 20 234663 E-mail:\u00a0segreteria.podgorica@esteri.it PEC:\u00a0amb.podgorica@cert.esteri.it Email adrese putem kojih mo\u017eete zatra\u017eiti konzularne informacije ili informacije o vizama su consolare.podgorica@esteri.it i visti.podgorica@esteri.it. Kancelarije i slu\u017ebenici Andreina Marsella Ambasador E-mail:\u00a0segreteria.podgorica@esteri.it Silvia Margareta Staffa Zamjenik Ambasadora, glavni konzularni ured E-mail:\u00a0segreteria.podgorica@esteri.it Radno vrijeme za javnost: [&hellip;]","protected":false},"author":1,"featured_media":0,"parent":144,"menu_order":4,"comment_status":"closed","ping_status":"closed","template":"","meta":{"footnotes":""},"class_list":["post-165","page","type-page","status-publish","hentry"],"_links":{"self":[{"href":"https:\/\/ambpodgorica.esteri.it\/me\/wp-json\/wp\/v2\/pages\/165","targetHints":{"allow":["GET"]}}],"collection":[{"href":"https:\/\/ambpodgorica.esteri.it\/me\/wp-json\/wp\/v2\/pages"}],"about":[{"href":"https:\/\/ambpodgorica.esteri.it\/me\/wp-json\/wp\/v2\/types\/page"}],"author":[{"embeddable":true,"href":"https:\/\/ambpodgorica.esteri.it\/me\/wp-json\/wp\/v2\/users\/1"}],"replies":[{"embeddable":true,"href":"https:\/\/ambpodgorica.esteri.it\/me\/wp-json\/wp\/v2\/comments?post=165"}],"version-history":[{"count":6,"href":"https:\/\/ambpodgorica.esteri.it\/me\/wp-json\/wp\/v2\/pages\/165\/revisions"}],"predecessor-version":[{"id":5508,"href":"https:\/\/ambpodgorica.esteri.it\/me\/wp-json\/wp\/v2\/pages\/165\/revisions\/5508"}],"up":[{"embeddable":true,"href":"https:\/\/ambpodgorica.esteri.it\/me\/wp-json\/wp\/v2\/pages\/144"}],"wp:attachment":[{"href":"https:\/\/ambpodgorica.esteri.it\/me\/wp-json\/wp\/v2\/media?parent=165"}],"curies":[{"name":"wp","href":"https:\/\/api.w.org\/{rel}","templated":true}]}}