{"id":166,"date":"2023-04-11T18:07:19","date_gmt":"2023-04-11T16:07:19","guid":{"rendered":"https:\/\/ambpodgorica.esteri.it\/chi-siamo\/numeri-di-emergenza\/"},"modified":"2026-04-16T15:57:23","modified_gmt":"2026-04-16T13:57:23","slug":"numeri-di-emergenza","status":"publish","type":"page","link":"https:\/\/ambpodgorica.esteri.it\/me\/chi-siamo\/numeri-di-emergenza\/","title":{"rendered":"Brojevi za hitne slu\u010dajeve"},"content":{"rendered":"<p><img loading=\"lazy\" decoding=\"async\" class=\"alignnone size-full wp-image-5354 img-fluid\" src=\"https:\/\/ambpodgorica.esteri.it\/wp-content\/uploads\/2026\/04\/numero-di-emergenza.jpg\" alt=\"\" width=\"300\" height=\"300\" srcset=\"https:\/\/ambpodgorica.esteri.it\/wp-content\/uploads\/2026\/04\/numero-di-emergenza.jpg 300w, https:\/\/ambpodgorica.esteri.it\/wp-content\/uploads\/2026\/04\/numero-di-emergenza-150x150.jpg 150w\" sizes=\"auto, (max-width: 300px) 100vw, 300px\" \/><\/p>\n<p style=\"text-align: justify;\"><strong>Telefoni namijenjeni isklju\u010divo italijanskim gra\u0111anima samo u slu\u010daju dokazane hitnosti:<\/strong><\/p>\n<p style=\"text-align: justify;\">(Napominje se da pozivi za uobi\u010dajene konzularne procedure \u2013 paso\u0161i, vize, i tako dalje \u2013 i zahtjevi za dobijanje informacija NE\u0106E biti uzeti u obzir)<\/p>\n<p style=\"text-align: justify;\">&#8211; <strong>Kontakt<\/strong> telefon aktivan danima kada su kancelarije zatvorene (vikendom i praznicima) <strong>od 9:00 do 21:00<\/strong>:<\/p>\n<p style=\"text-align: justify;\">+38269337777<\/p>\n<p style=\"text-align: justify;\">&#8211; Kontakt telefon isklju\u010divo u <strong>ozbiljnim hitnim<\/strong> slu\u010dajevima kada druge linije Sjedi\u0161ta nijesu u funkciji:<\/p>\n<p style=\"text-align: justify;\">+38269331707<\/p>\n<p style=\"text-align: justify;\">Liniju za hitne slu\u010dajeve <strong>NE TREBA kontaktirati<\/strong> tokom radnog vremena kancelarija ambasade; ozbiljnim vanrednim situacijam se, na primjer, mogu smatrati: <strong>saobrac\u0301ajne nesrec\u0301e, smrtni slu\u010dajevi, te\u0161ke nezgode, zdravstveni problemi<\/strong>.<\/p>\n","protected":false},"excerpt":{"rendered":"Telefoni namijenjeni isklju\u010divo italijanskim gra\u0111anima samo u slu\u010daju dokazane hitnosti: (Napominje se da pozivi za uobi\u010dajene konzularne procedure \u2013 paso\u0161i, vize, i tako dalje \u2013 i zahtjevi za dobijanje informacija NE\u0106E biti uzeti u obzir) &#8211; Kontakt telefon aktivan danima kada su kancelarije zatvorene (vikendom i praznicima) od 9:00 do 21:00: +38269337777 &#8211; Kontakt telefon [&hellip;]","protected":false},"author":1,"featured_media":0,"parent":144,"menu_order":6,"comment_status":"closed","ping_status":"closed","template":"","meta":{"footnotes":""},"class_list":["post-166","page","type-page","status-publish","hentry"],"_links":{"self":[{"href":"https:\/\/ambpodgorica.esteri.it\/me\/wp-json\/wp\/v2\/pages\/166","targetHints":{"allow":["GET"]}}],"collection":[{"href":"https:\/\/ambpodgorica.esteri.it\/me\/wp-json\/wp\/v2\/pages"}],"about":[{"href":"https:\/\/ambpodgorica.esteri.it\/me\/wp-json\/wp\/v2\/types\/page"}],"author":[{"embeddable":true,"href":"https:\/\/ambpodgorica.esteri.it\/me\/wp-json\/wp\/v2\/users\/1"}],"replies":[{"embeddable":true,"href":"https:\/\/ambpodgorica.esteri.it\/me\/wp-json\/wp\/v2\/comments?post=166"}],"version-history":[{"count":5,"href":"https:\/\/ambpodgorica.esteri.it\/me\/wp-json\/wp\/v2\/pages\/166\/revisions"}],"predecessor-version":[{"id":5500,"href":"https:\/\/ambpodgorica.esteri.it\/me\/wp-json\/wp\/v2\/pages\/166\/revisions\/5500"}],"up":[{"embeddable":true,"href":"https:\/\/ambpodgorica.esteri.it\/me\/wp-json\/wp\/v2\/pages\/144"}],"wp:attachment":[{"href":"https:\/\/ambpodgorica.esteri.it\/me\/wp-json\/wp\/v2\/media?parent=166"}],"curies":[{"name":"wp","href":"https:\/\/api.w.org\/{rel}","templated":true}]}}