{"id":168,"date":"2023-04-11T17:08:52","date_gmt":"2023-04-11T15:08:52","guid":{"rendered":"https:\/\/ambpodgorica.esteri.it\/italia-e-montenegro\/"},"modified":"2026-04-16T16:03:31","modified_gmt":"2026-04-16T14:03:31","slug":"italia-e-montenegro","status":"publish","type":"page","link":"https:\/\/ambpodgorica.esteri.it\/me\/italia-e-montenegro\/","title":{"rendered":"Italija i Crna Gora"},"content":{"rendered":"<p style=\"text-align: justify;\"><strong>Italija i Crna Gora<\/strong><\/p>\n<p style=\"text-align: justify;\">Italija predstavlja strate\u0161ki va\u017enog partnera za Crnu Goru, s obzirom na <strong>odlu\u010dnu podr\u0161ku na\u0161e zemlje putu evropskih integracija Podgorice<\/strong>, a Crna Gora je, me\u0111u zemljama kandidatima, <strong>\u201epredvodnik\u201c<\/strong> u tom procesu. Crna Gora je tako\u0111e bila prva zemlja kandidat koja je dobila privremeni Benchmark Assessment Report <strong>(IBAR)<\/strong> od Evropske komisije u junu 2024. godine, kojim se potvr\u0111uje postizanje prelaznih parametara u poglavljima 23. (Pravosu\u0111e i osnovna prava) i 24. (Pravda, sloboda i bezbjednost).<\/p>\n<p style=\"text-align: justify;\">Podr\u0161ka Italije evropskom putu Crne Gore izra\u017eava se i kroz pru\u017eanje <strong>tehni\u010dke pomo\u0107i<\/strong>, tako\u0111e i u okviru evropskih projekata, posebno u borbi protiv organizovanog kriminala i korupcije, kroz u\u010de\u0161\u0107e na\u0161eg Ministarstva unutra\u0161njih poslova\/Odjeljenja javne bezbjednosti. Trenutno, projekti u kojima u\u010destvuje Odjeljenje javne bezbjednosti su: <strong><a href=\"https:\/\/www.cilc.nl\/projects\/eu-support-to-strengthen-the-fight-against-migrant-smuggling-and-trafficking-in-human-beings-in-the-western-balkans\/?utm_source=chatgpt.com\">EU4FAST<\/a><\/strong><strong>&#8211; \u201c<u>EU support to strengthen the fight against migrant smuggling and trafficking in human beings in the Western Balkans\u201d <\/u><\/strong>\u00a0koji je regionalni projekat, i <strong>EU4LEM-<\/strong> <strong>\u201c<\/strong><strong>EU Support for Law Enforcement in Montenegro<\/strong><strong>\u201d<\/strong>, koji je zapo\u010deo u septembru 2025. godine.<\/p>\n<p style=\"text-align: justify;\">Tokom 2024. i 2025. godine bilo je nekoliko italijanskih posjeta na visokom nivou Crnoj Gori.<\/p>\n<p>&nbsp;<\/p>\n<p style=\"text-align: justify;\"><em>Posjeta Ministra Antonija Tajanija Crnoj Gori (Podgorica, 10. septembar 2024. god.)<\/em><\/p>\n<p style=\"text-align: justify;\"><img loading=\"lazy\" decoding=\"async\" class=\"alignnone wp-image-4575 img-fluid\" src=\"https:\/\/ambpodgorica.esteri.it\/wp-content\/uploads\/2025\/10\/foto-IM1-300x200.jpg\" alt=\"\" width=\"600\" height=\"400\" srcset=\"https:\/\/ambpodgorica.esteri.it\/wp-content\/uploads\/2025\/10\/foto-IM1-300x200.jpg 300w, https:\/\/ambpodgorica.esteri.it\/wp-content\/uploads\/2025\/10\/foto-IM1-1024x682.jpg 1024w, https:\/\/ambpodgorica.esteri.it\/wp-content\/uploads\/2025\/10\/foto-IM1-768x512.jpg 768w, https:\/\/ambpodgorica.esteri.it\/wp-content\/uploads\/2025\/10\/foto-IM1.jpg 1599w\" sizes=\"auto, (max-width: 600px) 100vw, 600px\" \/><\/p>\n<p style=\"text-align: justify;\"><img loading=\"lazy\" decoding=\"async\" class=\"alignnone wp-image-4578 img-fluid\" src=\"https:\/\/ambpodgorica.esteri.it\/wp-content\/uploads\/2025\/10\/foto-IM2-300x200.jpg\" alt=\"\" width=\"599\" height=\"399\" srcset=\"https:\/\/ambpodgorica.esteri.it\/wp-content\/uploads\/2025\/10\/foto-IM2-300x200.jpg 300w, https:\/\/ambpodgorica.esteri.it\/wp-content\/uploads\/2025\/10\/foto-IM2-1024x682.jpg 1024w, https:\/\/ambpodgorica.esteri.it\/wp-content\/uploads\/2025\/10\/foto-IM2-768x512.jpg 768w, https:\/\/ambpodgorica.esteri.it\/wp-content\/uploads\/2025\/10\/foto-IM2.jpg 1600w\" sizes=\"auto, (max-width: 599px) 100vw, 599px\" \/><\/p>\n<p style=\"text-align: justify;\">Tokom posjete, potpredsjednik vlade i ministar vanjskih poslova i me\u0111unarodne saradnje, Antonio Tajani, sastao se sa predsjednikom Jakovom Milatovic\u0301em, predsjednikom vlade Milojkom Spajic\u0301em, i potpredsjednikom vlade i ministrom vanjskih poslova Ervinom Ibrahimovic\u0301em.<\/p>\n<p style=\"text-align: justify;\">Tako\u0111e je, zajedno sa svojim crnogorskim kolegom, otvorio drugi sastanak \u201eOkruglog stola za energetiku Italija-Crna Gora\u201c, sa ciljem podsticanja dijaloga izme\u0111u Italije i Crne Gore i promocije \u201espajanja\u201c, odnosno integracije tr\u017ei\u0161ta elektri\u010dne energije dvije zemlje.<\/p>\n<p>&nbsp;<\/p>\n<p style=\"text-align: justify;\"><em>Posjeta gospodina Predsjednika Republike, Ser\u0111a Matarele Crnoj Gori (Podgorica, 17. i 18. <\/em><em>februar 2025. god.)<\/em><\/p>\n<p style=\"text-align: justify;\"><img loading=\"lazy\" decoding=\"async\" class=\"alignnone wp-image-4582 img-fluid\" src=\"https:\/\/ambpodgorica.esteri.it\/wp-content\/uploads\/2025\/10\/foto-IM4-300x202.jpg\" alt=\"\" width=\"600\" height=\"404\" srcset=\"https:\/\/ambpodgorica.esteri.it\/wp-content\/uploads\/2025\/10\/foto-IM4-300x202.jpg 300w, https:\/\/ambpodgorica.esteri.it\/wp-content\/uploads\/2025\/10\/foto-IM4-1024x688.jpg 1024w, https:\/\/ambpodgorica.esteri.it\/wp-content\/uploads\/2025\/10\/foto-IM4-768x516.jpg 768w, https:\/\/ambpodgorica.esteri.it\/wp-content\/uploads\/2025\/10\/foto-IM4.jpg 1186w\" sizes=\"auto, (max-width: 600px) 100vw, 600px\" \/><\/p>\n<p style=\"text-align: justify;\"><img loading=\"lazy\" decoding=\"async\" class=\"alignnone wp-image-4585 img-fluid\" src=\"https:\/\/ambpodgorica.esteri.it\/wp-content\/uploads\/2025\/10\/foto-IM5-300x212.jpg\" alt=\"\" width=\"601\" height=\"425\" srcset=\"https:\/\/ambpodgorica.esteri.it\/wp-content\/uploads\/2025\/10\/foto-IM5-300x212.jpg 300w, https:\/\/ambpodgorica.esteri.it\/wp-content\/uploads\/2025\/10\/foto-IM5-1024x725.jpg 1024w, https:\/\/ambpodgorica.esteri.it\/wp-content\/uploads\/2025\/10\/foto-IM5-768x544.jpg 768w, https:\/\/ambpodgorica.esteri.it\/wp-content\/uploads\/2025\/10\/foto-IM5.jpg 1218w\" sizes=\"auto, (max-width: 601px) 100vw, 601px\" \/><\/p>\n<p style=\"text-align: justify;\">Tokom posjete, predsjednik Republike Ser\u0111o Matarela sastao se sa kolegom Jakovom Milatovic\u0301em i predsjednikom vlade Milojkom Spajic\u0301em.<\/p>\n<p style=\"text-align: justify;\">Tokom posjete, predsjednik Republike je, zajedno sa predsjednikom Crne Gore i u prisustvu ministra kulture i medija, otvorio izlo\u017ebu \u201eCrna Gora i Italija: Susret dva naroda\u201c.<\/p>\n<p style=\"text-align: justify;\">Predsjednik se tako\u0111e sastao sa delegacijom sunarodnika Italijana koji \u017eive u Crnoj Gori.<\/p>\n<p>&nbsp;<\/p>\n<p style=\"text-align: justify;\"><em>Posjeta Crnoj Gori parlamentarne delegacije Odbora za vanjske poslove i odbranu Senata Italije (Podgorica, 17-19. mart 2025. god.)<\/em><\/p>\n<p style=\"text-align: justify;\"><img loading=\"lazy\" decoding=\"async\" class=\"alignnone wp-image-4587 img-fluid\" src=\"https:\/\/ambpodgorica.esteri.it\/wp-content\/uploads\/2025\/10\/foto-IM6-300x192.jpg\" alt=\"\" width=\"600\" height=\"384\" srcset=\"https:\/\/ambpodgorica.esteri.it\/wp-content\/uploads\/2025\/10\/foto-IM6-300x192.jpg 300w, https:\/\/ambpodgorica.esteri.it\/wp-content\/uploads\/2025\/10\/foto-IM6-1024x654.jpg 1024w, https:\/\/ambpodgorica.esteri.it\/wp-content\/uploads\/2025\/10\/foto-IM6-768x491.jpg 768w, https:\/\/ambpodgorica.esteri.it\/wp-content\/uploads\/2025\/10\/foto-IM6.jpg 1435w\" sizes=\"auto, (max-width: 600px) 100vw, 600px\" \/><\/p>\n<p style=\"text-align: justify;\"><img loading=\"lazy\" decoding=\"async\" class=\"alignnone wp-image-4591 img-fluid\" src=\"https:\/\/ambpodgorica.esteri.it\/wp-content\/uploads\/2025\/10\/foto-IM7.jpg-300x189.png\" alt=\"\" width=\"600\" height=\"378\" srcset=\"https:\/\/ambpodgorica.esteri.it\/wp-content\/uploads\/2025\/10\/foto-IM7.jpg-300x189.png 300w, https:\/\/ambpodgorica.esteri.it\/wp-content\/uploads\/2025\/10\/foto-IM7.jpg-768x483.png 768w, https:\/\/ambpodgorica.esteri.it\/wp-content\/uploads\/2025\/10\/foto-IM7.jpg.png 855w\" sizes=\"auto, (max-width: 600px) 100vw, 600px\" \/><\/p>\n<p style=\"text-align: justify;\">Tokom posjete Crnoj Gori parlamentarne delegacije Odbora za vanjske poslove i odbranu Senata koju je predvodila predsjednica Stefanija Kraksi, u pratnji senatora Lui\u0111ija Spanjolija, odr\u017eani su sastanci kako u Parlamentu, tako i sa predstavnicima vlade.<\/p>\n<p style=\"text-align: justify;\">Tokom posjete je potpisan Memorandum o razumijevanju o parlamentarnoj saradnji, a potpisali su ga predsjednica Kraksi, Miodrag Lakovic\u0301, predsjednik Parlamentarnog odbora za bezbjednost i odbranu, i Du\u0161ko Stjepovic\u0301, predsjednik Parlamentarnog odbora za me\u0111unarodne odnose i migracije.<\/p>\n<p>&nbsp;<\/p>\n<p style=\"text-align: justify;\"><em>Posjeta Crnoj Gori Ministra zdravlja , Prof. Oracija Skila\u010dija \u00a0(Podgorica, 5. i 6. maj \u00a02025. god.)<\/em><\/p>\n<p style=\"text-align: justify;\"><img loading=\"lazy\" decoding=\"async\" class=\"alignnone wp-image-4588 img-fluid\" src=\"https:\/\/ambpodgorica.esteri.it\/wp-content\/uploads\/2025\/10\/foto-IM7-225x300.jpg\" alt=\"\" width=\"451\" height=\"601\" srcset=\"https:\/\/ambpodgorica.esteri.it\/wp-content\/uploads\/2025\/10\/foto-IM7-225x300.jpg 225w, https:\/\/ambpodgorica.esteri.it\/wp-content\/uploads\/2025\/10\/foto-IM7-768x1024.jpg 768w, https:\/\/ambpodgorica.esteri.it\/wp-content\/uploads\/2025\/10\/foto-IM7.jpg 1114w\" sizes=\"auto, (max-width: 451px) 100vw, 451px\" \/><\/p>\n<p style=\"text-align: justify;\"><img loading=\"lazy\" decoding=\"async\" class=\"alignnone wp-image-4592 img-fluid\" src=\"https:\/\/ambpodgorica.esteri.it\/wp-content\/uploads\/2025\/10\/foto-IM8-300x187.jpg\" alt=\"\" width=\"600\" height=\"374\" srcset=\"https:\/\/ambpodgorica.esteri.it\/wp-content\/uploads\/2025\/10\/foto-IM8-300x187.jpg 300w, https:\/\/ambpodgorica.esteri.it\/wp-content\/uploads\/2025\/10\/foto-IM8-1024x639.jpg 1024w, https:\/\/ambpodgorica.esteri.it\/wp-content\/uploads\/2025\/10\/foto-IM8-768x479.jpg 768w, https:\/\/ambpodgorica.esteri.it\/wp-content\/uploads\/2025\/10\/foto-IM8.jpg 1492w\" sizes=\"auto, (max-width: 600px) 100vw, 600px\" \/><\/p>\n<p style=\"text-align: justify;\">Tokom posjete ministra zdravlja, profesora Oracija Skila\u010dija, njegovom crnogorskom kolegi Vojislavu \u0160imunu, razmatrane su perspektive za produbljivanje saradnje u sektoru zdravstva.<\/p>\n<p style=\"text-align: justify;\">Ministri su predstavili svoje programe za modernizaciju i pro\u0161irenje zdravstvenih mre\u017ea i posjetili Klini\u010dki centar Crne Gore, jedinu tercijarnu zdravstvenu ustanovu, koja slu\u017ei i kao sekundarni centar za pet op\u0161tina, u kojoj se nalazi jedino odjeljenje kardiohirurgije u Crnoj Gori.<\/p>\n<p>&nbsp;<\/p>\n<p style=\"text-align: justify;\"><em>Posjeta Crnoj Gori Ministra prosvjete i zasluga Republike Italije profesora \u0110uzepea Valditare (Podgorica,<\/em> <em>9. i 10. \u00a0jun 2025. god.)<\/em><\/p>\n<p style=\"text-align: justify;\"><img loading=\"lazy\" decoding=\"async\" class=\"alignnone wp-image-4594 img-fluid\" src=\"https:\/\/ambpodgorica.esteri.it\/wp-content\/uploads\/2025\/10\/foto-IM9-300x300.jpg\" alt=\"\" width=\"501\" height=\"501\" srcset=\"https:\/\/ambpodgorica.esteri.it\/wp-content\/uploads\/2025\/10\/foto-IM9-300x300.jpg 300w, https:\/\/ambpodgorica.esteri.it\/wp-content\/uploads\/2025\/10\/foto-IM9-1024x1024.jpg 1024w, https:\/\/ambpodgorica.esteri.it\/wp-content\/uploads\/2025\/10\/foto-IM9-150x150.jpg 150w, https:\/\/ambpodgorica.esteri.it\/wp-content\/uploads\/2025\/10\/foto-IM9-768x768.jpg 768w, https:\/\/ambpodgorica.esteri.it\/wp-content\/uploads\/2025\/10\/foto-IM9.jpg 1238w\" sizes=\"auto, (max-width: 501px) 100vw, 501px\" \/><\/p>\n<p style=\"text-align: justify;\"><img loading=\"lazy\" decoding=\"async\" class=\"alignnone wp-image-4595 img-fluid\" src=\"https:\/\/ambpodgorica.esteri.it\/wp-content\/uploads\/2025\/10\/foto-IM10-300x300.jpg\" alt=\"\" width=\"502\" height=\"502\" srcset=\"https:\/\/ambpodgorica.esteri.it\/wp-content\/uploads\/2025\/10\/foto-IM10-300x300.jpg 300w, https:\/\/ambpodgorica.esteri.it\/wp-content\/uploads\/2025\/10\/foto-IM10-1024x1024.jpg 1024w, https:\/\/ambpodgorica.esteri.it\/wp-content\/uploads\/2025\/10\/foto-IM10-150x150.jpg 150w, https:\/\/ambpodgorica.esteri.it\/wp-content\/uploads\/2025\/10\/foto-IM10-768x768.jpg 768w, https:\/\/ambpodgorica.esteri.it\/wp-content\/uploads\/2025\/10\/foto-IM10.jpg 1360w\" sizes=\"auto, (max-width: 502px) 100vw, 502px\" \/><\/p>\n<p style=\"text-align: justify;\">Tokom sastanka ministra \u0110uzepea Valditare i ministarke prosvjete, nauke i inovacija, An\u0111ele Jak\u0161ic\u0301-Stojanovic\u0301, razmatrani su predlozi za ja\u010danje saradnje u sektoru obrazovanja.<\/p>\n<p style=\"text-align: justify;\">Posebna pa\u017enja posve\u0107ena je tehni\u010dkom i stru\u010dnom obrazovanju i obuci u oblastima turizma, poljoprivredno-prehrambene industrije i odr\u017eivosti. Dva ministra su potpisala Memorandum o razumijevanju za saradnju u oblasti obrazovanja, i posjetili gimnaziju \u201eSlobodan \u0160kerovic\u0301\u201c u Podgorici.<\/p>\n<p style=\"text-align: justify;\">Ministar Valditara je imao priliku da se sastane sa grupom crnogorskih u\u010denika koji su bili me\u0111u pobjednicima najnovijeg izdanja \u201eGreen game\u201c.<\/p>\n<p><em>Posjeta Crnoj Gori Ministra odbrane Gvida Kroseta (Podgorica, 3. mart 2026. god)<\/em><\/p>\n<p><img loading=\"lazy\" decoding=\"async\" class=\"alignnone  wp-image-5374 img-fluid\" src=\"https:\/\/ambpodgorica.esteri.it\/wp-content\/uploads\/2026\/04\/visita-crosetto.png\" alt=\"\" width=\"584\" height=\"385\" srcset=\"https:\/\/ambpodgorica.esteri.it\/wp-content\/uploads\/2026\/04\/visita-crosetto.png 823w, https:\/\/ambpodgorica.esteri.it\/wp-content\/uploads\/2026\/04\/visita-crosetto-300x198.png 300w, https:\/\/ambpodgorica.esteri.it\/wp-content\/uploads\/2026\/04\/visita-crosetto-768x507.png 768w\" sizes=\"auto, (max-width: 584px) 100vw, 584px\" \/><\/p>\n<p><img loading=\"lazy\" decoding=\"async\" class=\"alignnone  wp-image-5375 img-fluid\" src=\"https:\/\/ambpodgorica.esteri.it\/wp-content\/uploads\/2026\/04\/crosetto-2.png\" alt=\"\" width=\"585\" height=\"404\" srcset=\"https:\/\/ambpodgorica.esteri.it\/wp-content\/uploads\/2026\/04\/crosetto-2.png 790w, https:\/\/ambpodgorica.esteri.it\/wp-content\/uploads\/2026\/04\/crosetto-2-300x207.png 300w, https:\/\/ambpodgorica.esteri.it\/wp-content\/uploads\/2026\/04\/crosetto-2-768x530.png 768w\" sizes=\"auto, (max-width: 585px) 100vw, 585px\" \/><\/p>\n<p><img loading=\"lazy\" decoding=\"async\" class=\"alignnone  wp-image-5377 img-fluid\" src=\"https:\/\/ambpodgorica.esteri.it\/wp-content\/uploads\/2026\/04\/Crosetto-3.png\" alt=\"\" width=\"582\" height=\"384\" srcset=\"https:\/\/ambpodgorica.esteri.it\/wp-content\/uploads\/2026\/04\/Crosetto-3.png 780w, https:\/\/ambpodgorica.esteri.it\/wp-content\/uploads\/2026\/04\/Crosetto-3-300x198.png 300w, https:\/\/ambpodgorica.esteri.it\/wp-content\/uploads\/2026\/04\/Crosetto-3-768x507.png 768w\" sizes=\"auto, (max-width: 582px) 100vw, 582px\" \/><\/p>\n<p style=\"text-align: justify;\">Ministar odbrane Republike Italije, Gvido Kroseto, boravio je u zvani\u010dnoj posjeti Crnoj Gori, gdje se susreo sa svojim crnogorskim kolegom, Draganom Krapovi\u0107em.<\/p>\n<p style=\"text-align: justify;\">Tokom susreta je potpisan Sporazum o saradnji u oblasti odbrane izme\u0111u Vlade Republike Italije i Vlade Crne Gore.<\/p>\n","protected":false},"excerpt":{"rendered":"Italija i Crna Gora Italija predstavlja strate\u0161ki va\u017enog partnera za Crnu Goru, s obzirom na odlu\u010dnu podr\u0161ku na\u0161e zemlje putu evropskih integracija Podgorice, a Crna Gora je, me\u0111u zemljama kandidatima, \u201epredvodnik\u201c u tom procesu. Crna Gora je tako\u0111e bila prva zemlja kandidat koja je dobila privremeni Benchmark Assessment Report (IBAR) od Evropske komisije u junu [&hellip;]","protected":false},"author":1,"featured_media":0,"parent":0,"menu_order":4,"comment_status":"closed","ping_status":"closed","template":"","meta":{"footnotes":""},"class_list":["post-168","page","type-page","status-publish","hentry"],"_links":{"self":[{"href":"https:\/\/ambpodgorica.esteri.it\/me\/wp-json\/wp\/v2\/pages\/168","targetHints":{"allow":["GET"]}}],"collection":[{"href":"https:\/\/ambpodgorica.esteri.it\/me\/wp-json\/wp\/v2\/pages"}],"about":[{"href":"https:\/\/ambpodgorica.esteri.it\/me\/wp-json\/wp\/v2\/types\/page"}],"author":[{"embeddable":true,"href":"https:\/\/ambpodgorica.esteri.it\/me\/wp-json\/wp\/v2\/users\/1"}],"replies":[{"embeddable":true,"href":"https:\/\/ambpodgorica.esteri.it\/me\/wp-json\/wp\/v2\/comments?post=168"}],"version-history":[{"count":6,"href":"https:\/\/ambpodgorica.esteri.it\/me\/wp-json\/wp\/v2\/pages\/168\/revisions"}],"predecessor-version":[{"id":5502,"href":"https:\/\/ambpodgorica.esteri.it\/me\/wp-json\/wp\/v2\/pages\/168\/revisions\/5502"}],"wp:attachment":[{"href":"https:\/\/ambpodgorica.esteri.it\/me\/wp-json\/wp\/v2\/media?parent=168"}],"curies":[{"name":"wp","href":"https:\/\/api.w.org\/{rel}","templated":true}]}}