{"id":169,"date":"2023-04-11T18:23:52","date_gmt":"2023-04-11T16:23:52","guid":{"rendered":"https:\/\/ambpodgorica.esteri.it\/italia-e-montenegro\/diplomazia-economica\/fare-affari-in-montenegro\/"},"modified":"2025-09-16T11:04:09","modified_gmt":"2025-09-16T09:04:09","slug":"fare-affari-in-montenegro","status":"publish","type":"page","link":"https:\/\/ambpodgorica.esteri.it\/me\/italia-e-montenegro\/diplomazia-economica\/fare-affari-in-montenegro\/","title":{"rendered":"Poslovanje u Crnoj Gori"},"content":{"rendered":"<p style=\"text-align: justify;\">Italijanske kompanije mogu iskoristiti \u0161irok spektar javnih alata za podr\u0161ku <strong>internacionalizaciji<\/strong>. <a href=\"https:\/\/www.mimit.gov.it\/it\/\">Ministero delle Imprese e del Made in Italy<\/a> (Ministarstvo za preduzetni\u0161tvo i \u201eProizvedeno u Italiji\u201d) razvilo je niz vodi\u010da \u010diji je cilj da operaterima <strong>pru\u017ei<\/strong> koncizan pregled podsticaja dostupnih italijanskim kompanijama kroz javni sektor, za podr\u0161ku njihovim projektima internacionalizacije. Pored \u201etradicionalnih\u201c alata osmi\u0161ljenih da podr\u017ee kompanije u takozvanoj \u201e<strong>komercijalnoj<\/strong>\u201c fazi internacionalizacije, koje karakteri\u0161e aktiviranje izvoznih tokova <strong>njihovih proizvoda na strana tr\u017ei\u0161ta<\/strong>, tako\u0111e se analiziraju novi podsticaji koji su stvoreni posljednjih godina za podr\u0161ku \u201e<strong>produktivnoj<\/strong>\u201c internacionalizaciji kompanija, tj. preseljenju \u010ditavih proizvodnih faza ili lanaca snabdijevanja u inostranstvo, po principu \u201evi\u0161estruke lokalizacije\u201c, \u0161to pozicionira kompanije na razli\u010ditim tr\u017ei\u0161tima i \u010dini ih sve konkurentnijim.<\/p>\n<p style=\"text-align: justify;\">Fondovi preduzetni\u010dkog kapitala su stvoreni da podr\u017ee investicije italijanskih kompanija u geografskim podru\u010djima koja se smatraju od izuzetnog strate\u0161kog zna\u010daja za razvoj na\u0161e zemlje. S obzirom da se radi o revolving kreditima, to omogu\u0107ava aktiviranje samoodr\u017eivog mehanizma za fondove, \u0161to garantuje stalnu dostupnost finansijskih sredstava namijenjenih u ovu svrhu.<\/p>\n","protected":false},"excerpt":{"rendered":"Italijanske kompanije mogu iskoristiti \u0161irok spektar javnih alata za podr\u0161ku internacionalizaciji. Ministero delle Imprese e del Made in Italy (Ministarstvo za preduzetni\u0161tvo i \u201eProizvedeno u Italiji\u201d) razvilo je niz vodi\u010da \u010diji je cilj da operaterima pru\u017ei koncizan pregled podsticaja dostupnih italijanskim kompanijama kroz javni sektor, za podr\u0161ku njihovim projektima internacionalizacije. Pored \u201etradicionalnih\u201c alata osmi\u0161ljenih da [&hellip;]","protected":false},"author":1,"featured_media":0,"parent":152,"menu_order":0,"comment_status":"closed","ping_status":"closed","template":"","meta":{"footnotes":""},"class_list":["post-169","page","type-page","status-publish","hentry"],"_links":{"self":[{"href":"https:\/\/ambpodgorica.esteri.it\/me\/wp-json\/wp\/v2\/pages\/169","targetHints":{"allow":["GET"]}}],"collection":[{"href":"https:\/\/ambpodgorica.esteri.it\/me\/wp-json\/wp\/v2\/pages"}],"about":[{"href":"https:\/\/ambpodgorica.esteri.it\/me\/wp-json\/wp\/v2\/types\/page"}],"author":[{"embeddable":true,"href":"https:\/\/ambpodgorica.esteri.it\/me\/wp-json\/wp\/v2\/users\/1"}],"replies":[{"embeddable":true,"href":"https:\/\/ambpodgorica.esteri.it\/me\/wp-json\/wp\/v2\/comments?post=169"}],"version-history":[{"count":6,"href":"https:\/\/ambpodgorica.esteri.it\/me\/wp-json\/wp\/v2\/pages\/169\/revisions"}],"predecessor-version":[{"id":4121,"href":"https:\/\/ambpodgorica.esteri.it\/me\/wp-json\/wp\/v2\/pages\/169\/revisions\/4121"}],"up":[{"embeddable":true,"href":"https:\/\/ambpodgorica.esteri.it\/me\/wp-json\/wp\/v2\/pages\/152"}],"wp:attachment":[{"href":"https:\/\/ambpodgorica.esteri.it\/me\/wp-json\/wp\/v2\/media?parent=169"}],"curies":[{"name":"wp","href":"https:\/\/api.w.org\/{rel}","templated":true}]}}