{"id":170,"date":"2023-04-11T18:12:24","date_gmt":"2023-04-11T16:12:24","guid":{"rendered":"https:\/\/ambpodgorica.esteri.it\/servizi-consolari-e-visti\/servizi-per-il-cittadino-italiano\/"},"modified":"2023-11-22T16:46:05","modified_gmt":"2023-11-22T15:46:05","slug":"servizi-per-il-cittadino-italiano","status":"publish","type":"page","link":"https:\/\/ambpodgorica.esteri.it\/me\/servizi-consolari-e-visti\/servizi-per-il-cittadino-italiano\/","title":{"rendered":"Usluge za italijanske dr\u017eavljane"},"content":{"rendered":"<p>Si raccomanda vivamente a tutti i connazionali che desiderino recarsi in Montenegro di consultare il sito web &#8220;<a href=\"https:\/\/www.viaggiaresicuri.it\/home\">Viaggiare Sicuri<\/a>&#8220;, a cura dell&#8217;Unit\u00e0 di Crisi del Ministero degli Affari Esteri , che reca informazioni aggiornate e consigli utili per il viaggiatore.<\/p>\n<p>Si raccomanda altres\u00ec di registrare i dati del proprio viaggio sul sito &#8220;<a href=\"https:\/\/www.dovesiamonelmondo.it\/home.html?1\">Dove Siamo nel Mondo<\/a>&#8220;, sempre a cura dell&#8217;Unit\u00e0 di Crisi del Ministero degli Affari Esteri. Grazie alla registrazione del viaggio, l&#8217;Unit\u00e0 di Crisi pu\u00f2 stimare in modo pi\u00f9 preciso il numero dei connazionali presenti in aree di crisi, individuarne l&#8217;identit\u00e0 e pianificare gli interventi di assistenza qualora sopraggiunga una grave situazione d&#8217;emergenza.<\/p>\n<p>Al fine di conoscere le prestazioni sanitarie cui possono avere titolo i cittadini italiani che si rechino in Montenegro, si invita a consultare l&#8217;apposita pagina web &#8220;<a href=\"https:\/\/www.dovesiamonelmondo.it\/home.html?1\">Se parto per<\/a>&#8221; predisposta dal Ministero della Salute.<\/p>\n<p>&nbsp;<\/p>\n<p><strong>NUOVO PORTALE DI PRENOTAZIONE CONSOLARE \u201cPRENOT@MI\u201d<\/strong><\/p>\n<p>Si informa che dal 1 marzo 2023 gli appuntamenti per l\u2019Ufficio Consolare dell\u2019Ambasciata d\u2019Italia in Podgorica potranno essere prenotati solo tramite il <strong>sito <a href=\"https:\/\/prenotami.esteri.it\/\">Prenot@mi<\/a><\/strong>.<\/p>\n<p>Il servizio Prenot@mi dell\u2019Ambasciata d\u2019Italia a Podgorica sar\u00e0 disponibile per <strong>tutte le tipologie di servizi consolari<\/strong>, per appuntamenti con decorrenza dal 1 marzo 2023.<\/p>\n<p>Prima di prenotare l&#8217;appuntamento si consiglia l\u2019attenta lettura del manuale utente, disponibile a questo <a href=\"https:\/\/ambpodgorica.esteri.it\/wp-content\/uploads\/2023\/11\/ALL-Manuale-utente-prenotami.docx\">link<\/a>.<\/p>\n<p>&nbsp;<\/p>\n<p><strong>ELENCO DEI PROFESSIONISTI<\/strong><\/p>\n<p>Si fornisce a seguire un elenco recante nominativi e recapiti di alcuni professionisti di riferimento di cui potersi avvalere in caso di necessit\u00e0, ferma restando naturalmente la possibilit\u00e0 di rivolgersi ad altri professionisti di propria fiducia: <a href=\"https:\/\/ambpodgorica.esteri.it\/wp-content\/uploads\/2023\/11\/ALL-Elenco-avvocati.pdf\">ELENCO AVVOCATI<\/a>.<\/p>\n<p>Si precisa che detto elenco \u00e8 stato definito in base alle richieste d\u2019inserimento avanzate dagli stessi professionisti e deve quindi considerarsi aperto e non esaustivo, nel senso che potr\u00e0 in futuro annoverare altri nominativi. Si precisa anche che questa Sede non risponde della qualit\u00e0 del servizio prestato dagli stessi, dell&#8217;operato e delle tariffe praticate.<\/p>\n<p>&nbsp;<\/p>\n<p>&nbsp;<\/p>\n","protected":false},"excerpt":{"rendered":"Si raccomanda vivamente a tutti i connazionali che desiderino recarsi in Montenegro di consultare il sito web &#8220;Viaggiare Sicuri&#8220;, a cura dell&#8217;Unit\u00e0 di Crisi del Ministero degli Affari Esteri , che reca informazioni aggiornate e consigli utili per il viaggiatore. Si raccomanda altres\u00ec di registrare i dati del proprio viaggio sul sito &#8220;Dove Siamo nel [&hellip;]","protected":false},"author":1,"featured_media":0,"parent":162,"menu_order":0,"comment_status":"closed","ping_status":"closed","template":"","meta":{"footnotes":""},"class_list":["post-170","page","type-page","status-publish","hentry"],"_links":{"self":[{"href":"https:\/\/ambpodgorica.esteri.it\/me\/wp-json\/wp\/v2\/pages\/170","targetHints":{"allow":["GET"]}}],"collection":[{"href":"https:\/\/ambpodgorica.esteri.it\/me\/wp-json\/wp\/v2\/pages"}],"about":[{"href":"https:\/\/ambpodgorica.esteri.it\/me\/wp-json\/wp\/v2\/types\/page"}],"author":[{"embeddable":true,"href":"https:\/\/ambpodgorica.esteri.it\/me\/wp-json\/wp\/v2\/users\/1"}],"replies":[{"embeddable":true,"href":"https:\/\/ambpodgorica.esteri.it\/me\/wp-json\/wp\/v2\/comments?post=170"}],"version-history":[{"count":2,"href":"https:\/\/ambpodgorica.esteri.it\/me\/wp-json\/wp\/v2\/pages\/170\/revisions"}],"predecessor-version":[{"id":731,"href":"https:\/\/ambpodgorica.esteri.it\/me\/wp-json\/wp\/v2\/pages\/170\/revisions\/731"}],"up":[{"embeddable":true,"href":"https:\/\/ambpodgorica.esteri.it\/me\/wp-json\/wp\/v2\/pages\/162"}],"wp:attachment":[{"href":"https:\/\/ambpodgorica.esteri.it\/me\/wp-json\/wp\/v2\/media?parent=170"}],"curies":[{"name":"wp","href":"https:\/\/api.w.org\/{rel}","templated":true}]}}