{"id":178,"date":"2023-04-11T18:19:45","date_gmt":"2023-04-11T16:19:45","guid":{"rendered":"https:\/\/ambpodgorica.esteri.it\/servizi-consolari-e-visti\/servizi-per-il-cittadino-italiano\/traduzione-e-legalizzazione-dei-documenti\/"},"modified":"2025-11-13T10:51:45","modified_gmt":"2025-11-13T09:51:45","slug":"traduzione-e-legalizzazione-dei-documenti","status":"publish","type":"page","link":"https:\/\/ambpodgorica.esteri.it\/me\/servizi-consolari-e-visti\/servizi-per-il-cittadino-italiano\/traduzione-e-legalizzazione-dei-documenti\/","title":{"rendered":"Prevod i legalizacija dokumenata"},"content":{"rendered":"<p>Obavje\u0161tavamo vas da Konzularna kancelarija ne vr\u0161i prevode, niti izdaje potvrde (ovjerenja) o uskla\u0111enosti prevoda.<\/p>\n<p>Za prevod dokumenta sa crnogorskog na italijanski mo\u017eete se obratiti sudskom tuma\u010du.<\/p>\n<p>Spisak sudskih tuma\u010da za sve jezike, uklju\u010dujuc\u0301i italijanski, redovno a\u017eurira Ministarstvo pravde Crne Gore, a dostupan je na <a href=\"https:\/\/www.gov.me\/clanak\/azurirani-spisak-tumaca-azuriran-na-dan-17-jul-2024-godine\">ovom<\/a> linku.<\/p>\n<p>Prevod mora da bude ovijeren i ha\u0161kim <strong>Apostilom.<\/strong><\/p>\n","protected":false},"excerpt":{"rendered":"Obavje\u0161tavamo vas da Konzularna kancelarija ne vr\u0161i prevode, niti izdaje potvrde (ovjerenja) o uskla\u0111enosti prevoda. Za prevod dokumenta sa crnogorskog na italijanski mo\u017eete se obratiti sudskom tuma\u010du. Spisak sudskih tuma\u010da za sve jezike, uklju\u010dujuc\u0301i italijanski, redovno a\u017eurira Ministarstvo pravde Crne Gore, a dostupan je na ovom linku. Prevod mora da bude ovijeren i ha\u0161kim Apostilom.","protected":false},"author":1,"featured_media":0,"parent":170,"menu_order":14,"comment_status":"closed","ping_status":"closed","template":"","meta":{"footnotes":""},"class_list":["post-178","page","type-page","status-publish","hentry"],"_links":{"self":[{"href":"https:\/\/ambpodgorica.esteri.it\/me\/wp-json\/wp\/v2\/pages\/178","targetHints":{"allow":["GET"]}}],"collection":[{"href":"https:\/\/ambpodgorica.esteri.it\/me\/wp-json\/wp\/v2\/pages"}],"about":[{"href":"https:\/\/ambpodgorica.esteri.it\/me\/wp-json\/wp\/v2\/types\/page"}],"author":[{"embeddable":true,"href":"https:\/\/ambpodgorica.esteri.it\/me\/wp-json\/wp\/v2\/users\/1"}],"replies":[{"embeddable":true,"href":"https:\/\/ambpodgorica.esteri.it\/me\/wp-json\/wp\/v2\/comments?post=178"}],"version-history":[{"count":4,"href":"https:\/\/ambpodgorica.esteri.it\/me\/wp-json\/wp\/v2\/pages\/178\/revisions"}],"predecessor-version":[{"id":4609,"href":"https:\/\/ambpodgorica.esteri.it\/me\/wp-json\/wp\/v2\/pages\/178\/revisions\/4609"}],"up":[{"embeddable":true,"href":"https:\/\/ambpodgorica.esteri.it\/me\/wp-json\/wp\/v2\/pages\/170"}],"wp:attachment":[{"href":"https:\/\/ambpodgorica.esteri.it\/me\/wp-json\/wp\/v2\/media?parent=178"}],"curies":[{"name":"wp","href":"https:\/\/api.w.org\/{rel}","templated":true}]}}