{"id":179,"date":"2023-04-11T18:20:09","date_gmt":"2023-04-11T16:20:09","guid":{"rendered":"https:\/\/ambpodgorica.esteri.it\/servizi-consolari-e-visti\/servizi-per-il-cittadino-italiano\/autoveicoli-e-patenti-di-guida\/"},"modified":"2024-05-16T16:24:12","modified_gmt":"2024-05-16T14:24:12","slug":"autoveicoli-e-patenti-di-guida","status":"publish","type":"page","link":"https:\/\/ambpodgorica.esteri.it\/me\/servizi-consolari-e-visti\/servizi-per-il-cittadino-italiano\/autoveicoli-e-patenti-di-guida\/","title":{"rendered":"Motorna vozila i voza\u010dke dozvole"},"content":{"rendered":"<p><strong>VOZA\u010cKE DOZVOLE<\/strong><\/p>\n<p>Ambasada <strong>ne izdaje voza\u010dke dozvole<\/strong> ali izdaje potvrdu <strong>o validnosti italijanskih voza\u010dkih dozvola<\/strong> na osnovu Cirkularnog pisma Ministarstva saobra\u0107aja br. 107\/1997, kojim se nala\u017ee da ovu potvrdu u inostranstvu izdaje diplomatsko-konzularno predstavni\u0161tvo.<\/p>\n<p>U tu svrhu, italijanski dr\u017eavljani koji borave u inostranstvu i koji su upisani u <strong>AIRE<\/strong> u na\u0161em konzularnom okrugu treba da:<\/p>\n<ul>\n<li>pi\u0161u na mejl consolare.podgorica@esteri.it  da dobiju poja\u0161njenje u vezi sa procedurom, a zatim da zaka\u017eu termin preko portala <a href=\"https:\/\/prenotami.esteri.it\/\">Prenotami<\/a>;<\/li>\n<li><strong>zatra\u017ee izdavanje ljekarskog uvjerenja od ljekara od povjerenja ambasade kojim se potvr\u0111uje postojanje psihofizi\u010dkih uslova predvi\u0111enih zakonom<\/strong>. Tro\u0161kove izdavanja uvjerenja snosi zainteresovano lice;<\/li>\n<li>Nakon obavljene posjete ljekaru, zaka\u017eu termin u ambasadi i ponesu <strong>dokumentaciju<\/strong> potrebnu za potvrdu valjanosti voza\u010dke dozvole: ljekarsko uvjerenje izdato od ljekara od povjerenja, isteklu voza\u010dku dozvolu (koja nije starija od tri godine) i noviju fotografiju formata za paso\u0161.<\/li>\n<\/ul>\n<p>Ljekar od povjerenja na\u0161e ambasade je dr. <strong>Sanja Medenica<\/strong>. Doktorka c\u0301e primati italijanske dr\u017eavljane u <strong>Poliklinici MojLab<\/strong>, po dogovoru, uglavnom <strong>\u010detvrtkom<\/strong> od <strong>16.00<\/strong> do <strong>20.00<\/strong> \u010dasova. Da zaka\u017eete termin, mo\u017eete pisati na mejl medenicasanja@gmail.com.<\/p>\n<p>&nbsp;<\/p>\n<p>Prilikom ponovnog uspostavljanja prebivali\u0161ta ili boravi\u0161ta u Italiji, voza\u010dku dozvolu mora potvrditi nadle\u017ena centralna kancelarija Odjeljenja za saobrac\u0301aj, navigaciju i informacione i statisti\u010dke sisteme.<\/p>\n<p>Za dalje informacije o zakonskoj normativi mo\u017eete konsultovati veb <a href=\"https:\/\/www.esteri.it\/it\/servizi-consolari-e-visti\/italiani-all-estero\/autoveicoli_e_patenti\/patenteguida\/\">stranicu<\/a> Ministarstva vanjskih poslova i me\u0111unarodne saradnje.<\/p>\n<p>&nbsp;<\/p>\n<p><strong>BRISANJE IZ JAVNOG REGISTRA AUTOMOBILA (PRA)<\/strong><\/p>\n<p>Prema odredbama izmijenjenog\u00a0 \u010dlana 103. Zakonika o putevima od 1. januara 2020. godine, da biste trajno izvezli vozilo u inostranstvo prvo morate da <strong>zatra\u017eite brisanje<\/strong> vozila iz javnog registra automobila (PRA).<\/p>\n<p>Nakon brisanja, to izbrisano vozilo c\u0301e moc\u0301i da se kre\u0107e do grani\u010dnih prelaza za izvoz samo ako ima putnu dozvolu i privremenu registarsku tablicu.<\/p>\n<p>Stoga, da bi zatra\u017eili brisanje iz PRA izvezenih vozila, po\u010dev\u0161i od 1. januara 2020. godine, italijanski dr\u017eavljani vi\u0161e nec\u0301e moc\u0301i da se obra\u0107aju konzularnim predstavni\u0161tvima u zemlji u koju trajno izvoze vozilo.<\/p>\n<p>&nbsp;<\/p>\n<p><a href=\"https:\/\/www.aci.it\/i-servizi\/guide-utili\/guida-pratiche-auto\/esportazione.html\">Za vi\u0161e informacija<\/a><\/p>\n","protected":false},"excerpt":{"rendered":"VOZA\u010cKE DOZVOLE Ambasada ne izdaje voza\u010dke dozvole ali izdaje potvrdu o validnosti italijanskih voza\u010dkih dozvola na osnovu Cirkularnog pisma Ministarstva saobra\u0107aja br. 107\/1997, kojim se nala\u017ee da ovu potvrdu u inostranstvu izdaje diplomatsko-konzularno predstavni\u0161tvo. U tu svrhu, italijanski dr\u017eavljani koji borave u inostranstvu i koji su upisani u AIRE u na\u0161em konzularnom okrugu treba da: [&hellip;]","protected":false},"author":1,"featured_media":0,"parent":170,"menu_order":6,"comment_status":"closed","ping_status":"closed","template":"","meta":{"footnotes":""},"class_list":["post-179","page","type-page","status-publish","hentry"],"_links":{"self":[{"href":"https:\/\/ambpodgorica.esteri.it\/me\/wp-json\/wp\/v2\/pages\/179","targetHints":{"allow":["GET"]}}],"collection":[{"href":"https:\/\/ambpodgorica.esteri.it\/me\/wp-json\/wp\/v2\/pages"}],"about":[{"href":"https:\/\/ambpodgorica.esteri.it\/me\/wp-json\/wp\/v2\/types\/page"}],"author":[{"embeddable":true,"href":"https:\/\/ambpodgorica.esteri.it\/me\/wp-json\/wp\/v2\/users\/1"}],"replies":[{"embeddable":true,"href":"https:\/\/ambpodgorica.esteri.it\/me\/wp-json\/wp\/v2\/comments?post=179"}],"version-history":[{"count":3,"href":"https:\/\/ambpodgorica.esteri.it\/me\/wp-json\/wp\/v2\/pages\/179\/revisions"}],"predecessor-version":[{"id":2110,"href":"https:\/\/ambpodgorica.esteri.it\/me\/wp-json\/wp\/v2\/pages\/179\/revisions\/2110"}],"up":[{"embeddable":true,"href":"https:\/\/ambpodgorica.esteri.it\/me\/wp-json\/wp\/v2\/pages\/170"}],"wp:attachment":[{"href":"https:\/\/ambpodgorica.esteri.it\/me\/wp-json\/wp\/v2\/media?parent=179"}],"curies":[{"name":"wp","href":"https:\/\/api.w.org\/{rel}","templated":true}]}}