{"id":180,"date":"2023-04-11T18:20:20","date_gmt":"2023-04-11T16:20:20","guid":{"rendered":"https:\/\/ambpodgorica.esteri.it\/servizi-consolari-e-visti\/servizi-per-il-cittadino-italiano\/codice-fiscale\/"},"modified":"2026-02-16T10:00:06","modified_gmt":"2026-02-16T09:00:06","slug":"codice-fiscale","status":"publish","type":"page","link":"https:\/\/ambpodgorica.esteri.it\/me\/servizi-consolari-e-visti\/servizi-per-il-cittadino-italiano\/codice-fiscale\/","title":{"rendered":"Poreski broj"},"content":{"rendered":"<p style=\"text-align: justify;\">Fiskalni kod je alfanumeri\u010dki kod koji izdaje Poreska uprava (Agenzia delle Entrate) i koji identifikuje gra\u0111ane (italijanske ili strane) u njihovim odnosima sa javnim administracijama, organizacijama i fizi\u010dkim licima u Italiji.<\/p>\n<p style=\"text-align: justify;\">Potreban je za ispunjavanje poreskih i administrativnih obaveza (pla\u0107anje poreza, zaklju\u010divanje ugovora, naslje\u0111ivanje, kupovina ili zakup nekretnina, podno\u0161enje zahtjeva za finansiranje, za studiranje itd.).<\/p>\n<p style=\"text-align: justify;\">Usluga je besplatna i rezervisana je za fizi\u010dka lica. Preduze\u0107a ili korporacije moraju direktno kontaktirati Poresku upravu u Italiji.<\/p>\n<p style=\"text-align: center;\"><strong>Postupak podno\u0161enja zahtjeva<\/strong><\/p>\n<p style=\"text-align: justify;\"><strong>Punoljetni italijanski dr\u017eavljani koji borave u inostranstvu i upisani su u AIRE<\/strong> mogu da zatra\u017ee fiskalni kod za sebe i svoju maloljetnu djecu putem portala <strong>Fast It<\/strong> (odjeljak \u201eKonzularni registar i AIRE\u201c \u2192 \u201eDodjeljivanje fiskalnog koda\u201c).<\/p>\n<p style=\"text-align: justify;\">Nakon \u0161to je postupak zavr\u0161en, potvrda se mo\u017ee preuzeti onlajn. Oni koji vec\u0301 imaju poreski kod mogu preuzeti potvrdu bez potrebe za intervencijom konzulata.<\/p>\n<p style=\"text-align: justify;\"><strong>Po\u010dev od 15. jula 2024. godine<\/strong>, oni koji su upisani u AIRE u okrugu koji je u nadle\u017enosti na\u0161e ambasade mogu direktno preuzeti sertifikat putem <a href=\"https:\/\/serviziconsolari.esteri.it\/ScoFE\/index.sco\">Fast It-a.<\/a><\/p>\n<p style=\"text-align: justify;\">Plasti\u010dna kartica se mo\u017ee zatra\u017eiti podno\u0161enjem odgovaraju\u0107eg obrasca i kopije va\u0161eg li\u010dnog dokumenta. U slu\u010daju gubitka, mo\u017ee se zatra\u017eiti duplikat.<\/p>\n<p style=\"text-align: justify;\"><strong>Italijanski dr\u017eavljani koji nijesu upisani u AIRE<\/strong> mogu da podnesu zahtjev za fiskalni kod preko nadle\u017enog konzularnog predstavni\u0161tva ili kancelarije Poreske uprave u Italiji.<\/p>\n<p style=\"text-align: justify;\">Uz zahtev koji se popunjava na odgovaraju\u0107em obrascu, treba prilo\u017eiti:<\/p>\n<ul style=\"text-align: justify;\">\n<li>va\u017ee\u0107i li\u010dni dokument;<\/li>\n<li>dokaz o prebivali\u0161tu;<\/li>\n<li>razlog zahtjeva.<\/li>\n<\/ul>\n<p style=\"text-align: justify;\">Zahtjevi se obra\u0111uju po redosljedu pristizanja, generalno u roku od 30. dana.<\/p>\n<p style=\"text-align: justify;\">U slu\u010daju gre\u0161ke u fiskalnom kodu izdatom u Italiji, obratite se nadle\u017enoj Poreskoj upravi.<\/p>\n<p style=\"text-align: justify;\"><strong>Strani dr\u017eavljani koji nemaju prebivali\u0161te u Italiji<\/strong> mogu podnijeti zahtev za fiskalni kod:<\/p>\n<ul style=\"text-align: justify;\">\n<li>preko konzularnog predstavni\u0161tva nadle\u017enog za njihovo prebivali\u0161te;<\/li>\n<li>delegiranjem svog predstavnika u Poresku upravu u Italiji;<\/li>\n<li>direktno u kancelariji Poreske uprave, po ulasku u Italiju.<\/li>\n<\/ul>\n<p style=\"text-align: justify;\"><strong>Posebni slu\u010dajevi:<\/strong><\/p>\n<ul style=\"text-align: justify;\">\n<li>Dr\u017eavljani EU: prijavite se Poreskoj upravi koriste\u0107i obrazac AA4\/8 i va\u017ee\u0107i li\u010dni dokument.<\/li>\n<li>Dr\u017eavljani van EU: prijavite se preko slu\u017ebe za imigraciju ili Policijske uprave, u zavisnosti od vrste dozvole boravka.<\/li>\n<li>Za studiranje:\n<ul>\n<li>Boravak krac\u0301i od 90 dana \u2192 prijavite se Poreskoj upravi;<\/li>\n<li>Boravak du\u017ei od 90 dana \u2192 prijavite se preko Policijske uprave, prilikom predavanja zahtjeva za izdavanje dozvole boravka.<\/li>\n<\/ul>\n<\/li>\n<\/ul>\n<p style=\"text-align: justify;\">Za vi\u0161e informacija mo\u017eete konsultovati<a href=\"https:\/\/ambpodgorica.esteri.it\/me\/news\/dall_ambasciata\/2024\/08\/poreski-broj-codice-fiscale-novo\/\"> internet stranicu<\/a> nadle\u017ene konzularne kancelarije ili mini vodi\u010d <a href=\"https:\/\/www.agenziaentrate.gov.it\/portale\/documents\/20143\/233505\/Folder_CodiceFiscaleStranieri_08+03+23.pdf\/218dc638-ced1-3b2d-f5f2-912686b1f7fe?t=1682082253716\">Mini Guida al codice fiscale per stranieri<\/a>\u00a0Uprave prihoda (Agenzia delle entrate) koji je dostupan na vi\u0161e jezika.<\/p>\n","protected":false},"excerpt":{"rendered":"Fiskalni kod je alfanumeri\u010dki kod koji izdaje Poreska uprava (Agenzia delle Entrate) i koji identifikuje gra\u0111ane (italijanske ili strane) u njihovim odnosima sa javnim administracijama, organizacijama i fizi\u010dkim licima u Italiji. Potreban je za ispunjavanje poreskih i administrativnih obaveza (pla\u0107anje poreza, zaklju\u010divanje ugovora, naslje\u0111ivanje, kupovina ili zakup nekretnina, podno\u0161enje zahtjeva za finansiranje, za studiranje itd.). [&hellip;]","protected":false},"author":1,"featured_media":0,"parent":170,"menu_order":7,"comment_status":"closed","ping_status":"closed","template":"","meta":{"footnotes":""},"class_list":["post-180","page","type-page","status-publish","hentry"],"_links":{"self":[{"href":"https:\/\/ambpodgorica.esteri.it\/me\/wp-json\/wp\/v2\/pages\/180","targetHints":{"allow":["GET"]}}],"collection":[{"href":"https:\/\/ambpodgorica.esteri.it\/me\/wp-json\/wp\/v2\/pages"}],"about":[{"href":"https:\/\/ambpodgorica.esteri.it\/me\/wp-json\/wp\/v2\/types\/page"}],"author":[{"embeddable":true,"href":"https:\/\/ambpodgorica.esteri.it\/me\/wp-json\/wp\/v2\/users\/1"}],"replies":[{"embeddable":true,"href":"https:\/\/ambpodgorica.esteri.it\/me\/wp-json\/wp\/v2\/comments?post=180"}],"version-history":[{"count":4,"href":"https:\/\/ambpodgorica.esteri.it\/me\/wp-json\/wp\/v2\/pages\/180\/revisions"}],"predecessor-version":[{"id":4988,"href":"https:\/\/ambpodgorica.esteri.it\/me\/wp-json\/wp\/v2\/pages\/180\/revisions\/4988"}],"up":[{"embeddable":true,"href":"https:\/\/ambpodgorica.esteri.it\/me\/wp-json\/wp\/v2\/pages\/170"}],"wp:attachment":[{"href":"https:\/\/ambpodgorica.esteri.it\/me\/wp-json\/wp\/v2\/media?parent=180"}],"curies":[{"name":"wp","href":"https:\/\/api.w.org\/{rel}","templated":true}]}}