{"id":185,"date":"2023-04-11T18:22:23","date_gmt":"2023-04-11T16:22:23","guid":{"rendered":"https:\/\/ambpodgorica.esteri.it\/servizi-consolari-e-visti\/servizi-per-il-cittadino-straniero\/cittadinanza\/"},"modified":"2025-09-16T11:25:12","modified_gmt":"2025-09-16T09:25:12","slug":"cittadinanza","status":"publish","type":"page","link":"https:\/\/ambpodgorica.esteri.it\/me\/servizi-consolari-e-visti\/servizi-per-il-cittadino-straniero\/cittadinanza\/","title":{"rendered":"Dr\u017eavljanstvo i usvajanje"},"content":{"rendered":"<p style=\"text-align: justify;\">Zakonska uredba br. 36 od 28. marta 2025. godine pretvorena je, izmjenama i dopunama, u Zakon br. 74 od 23. maja 2025. godine, sa primjenom od 24. maja 2025. godine.<\/p>\n<p style=\"text-align: justify;\">Zakon o konverziji reformi\u0161e <strong>Zakon br. 91 od 5. februara 1992. godine<\/strong>, \u010diji je puni tekst dostupan na sledec\u0301em <strong><a href=\"https:\/\/www.normattiva.it\/uri-res\/N2Ls?urn:nir:stato:legge:1992-02-05;91!vig=\">linku<\/a>.<\/strong><\/p>\n<p style=\"text-align: justify;\">Posebna pa\u017enja se skre\u0107e na <strong>novi \u010dlan 3-bis<\/strong>:<\/p>\n<p style=\"text-align: justify;\">Odstupaju\u0107i od \u010dlanova 1, 2, 3, 14 i 20 ovog zakona, \u010dlana 5. Zakona br. 123 od 21. aprila 1983. godine i \u010dlanova 1, 2, 7, 10, 12 i 19 Zakona od 13.\u00a0 juna 1912. godine. Br. 555, kao i \u010dlanova 4, 5, 7, 8 i 9 Gra\u0111anskog zakonika odobrenog Kraljevskim dekretom br. 2358 od 25. juna 1865. godine, svako ko je ro\u0111en u inostranstvu, smatra se da nikada nije stekao italijansko dr\u017eavljanstvo ko je ro\u0111en u inostranstvu \u010dak i prije datuma stupanja na snagu ovog \u010dlana a posjeduje drugo dr\u017eavljanstvo, osim ako se ne primjenjuje jedan od sljede\u0107ih preduslova:<\/p>\n<ol style=\"text-align: justify;\">\n<li>a) dr\u017eavljanstvo zainteresovane strane je priznato u skladu sa zakonima koji se primjenjuju od 27. marta 2025. godine, na osnovu podnijetog zahtjeva i potrebne dokumentacije nadle\u017enom konzularnom predstavni\u0161tvu ili gradona\u010delniku najkasnije do 23:59 \u010dasova, po rimskom vremenu, navedenog datuma;<\/li>\n<\/ol>\n<p style=\"text-align: justify;\">a-bis) dr\u017eavljanstvo zainteresovane strane je priznato u skladu sa zakonima koji se primjenjuju od 27. marta 2025. godine, na osnovu podnijetog zahtjeva i potrebne dokumentacije, nadle\u017enom konzularnom predstavni\u0161tvu ili gradona\u010delniku na dan zakazanog termina koji je nadle\u017ena slu\u017eba zakazala zainteresovanoj strani, do 23:59 \u010dasova, po rimskom vremenu, navedenog datuma, 27. marta 2025. godine;<\/p>\n<ol style=\"text-align: justify;\">\n<li>b) dr\u017eavljanstvo zainteresovane strane je sudski potvr\u0111eno, u skladu sa zakonima koji se primjenjuju od 27. marta 2025. godine, nakon sudskog zahtjeva podnijetog najkasnije do 23:59 \u010dasova, po rimskom vremenu, istog datuma;<\/li>\n<li>c) srodnik prvog ili drugog stepena osobe koja posjeduje, ili je posjedovala u vrijeme smrti, isklju\u010divo italijansko dr\u017eavljanstvo;<\/li>\n<li>d) roditelj ili usvojitelj je \u017eivio u Italiji najmanje dvije uzastopne godine nakon sticanja italijanskog dr\u017eavljanstva i prije ro\u0111enja ili usvajanja djeteta.<\/li>\n<\/ol>\n<p style=\"text-align: justify;\">\u2014 \u2014 \u2014<\/p>\n<p style=\"text-align: justify;\">Stoga, prema novom Zakonu br. 91 iz 1992. godine, priznaju se kao italijanski dr\u017eavljani po pravu krvi (iure sanguinis) (od ro\u0111enja):<\/p>\n<ul style=\"text-align: justify;\">\n<li>podnosilac zahtjeva <strong>ro\u0111en u Italiji<\/strong> bilo kog datuma;<\/li>\n<li>podnosilac zahtjeva koji posjeduje isklju\u010divo italijansko dr\u017eavljanstvo, <strong>\u0161to zna\u010di da nema i ne mo\u017ee imati nijedno drugo dr\u017eavljanstvo<\/strong>;<\/li>\n<li>podnosilac zahtjeva koji spada u <strong>jedan od slu\u010dajeva<\/strong> navedenih u <strong>slovima a), a-bis), b), c) i d) \u010dlana 3-bis<\/strong><\/li>\n<\/ul>\n<p style=\"text-align: justify;\">\u2014 \u2014 \u2014<\/p>\n<p style=\"text-align: justify;\">Uzimaju\u0107i u obzir novi zakon, precizira se da:<\/p>\n<p style=\"text-align: justify;\"><strong>1) Samo zahtjevi, upotpunjeni potrebnom dokumentacijom, podnijeti prije 27. marta 2025. godine, do 23:59 \u010dasova, po italijanskom vremenu, prati\u0107e prethodne propise.<\/strong><\/p>\n<p style=\"text-align: justify;\">Pod \u201ePodnijetim\u201c zahtjevima se podrazumijevaju:<\/p>\n<ul style=\"text-align: justify;\">\n<li>zahtjevi dostavljeni Konzularnoj kancelariji prije gore navedenog datuma i vremena;<\/li>\n<li>zahtjevi poslati po\u0161tom sa pra\u0107enjem datuma i vremena prije gore navedenog roka;<\/li>\n<li>zahtjevi poslati po\u0161tom bez pra\u0107enja datuma i vremena, a primljeni od strane Konzularne kancelarije prije gore navedenog roka;<\/li>\n<li>zahtjevi primljeni putem Fast-It-a, prije gore navedenog roka.<\/li>\n<\/ul>\n<p style=\"text-align: justify;\">\n<p style=\"text-align: justify;\"><strong>2) Samo zahtjevi, upotpunjeni potrebnom dokumentacijom, koji su podnijeti Konzularnoj kancelariji na dan zakazanog termina koji je zainteresovanoj strani zakazala nadle\u017ena kancelarija, do 23:59 \u010dasova, po rimskom vremenu, do 27. marta 2025. godine, prati\u0107e prethodne propise.<\/strong><\/p>\n<p style=\"text-align: justify;\">Pod \u201ezakazanim terminom koji je zainteresovanoj strani saop\u0161tila nadle\u017ena slu\u017eba\u201c podrazumijeva se potvrda putem e-po\u0161te koju je zainteresovana strana primila sa portala Prenot@mi ili sa institucionalne e-adrese nadle\u017enog Konzularnog odjeljenja.<\/p>\n<p style=\"text-align: justify;\">\n<p style=\"text-align: justify;\"><strong>3) U svim ostalim okolnostima, na zahtjeve \u0107e se primjenjivati novi propisi. <\/strong><\/p>\n<p style=\"text-align: justify;\">Konzularne takse koje se primjenjuju su dostupne na <strong>ovoj <a href=\"https:\/\/www.esteri.it\/it\/servizi-consolari-e-visti\/normativa_consolare\/tariffa-consolare\/\">stranici<\/a><\/strong>.<\/p>\n<p style=\"text-align: justify;\">\n<p style=\"text-align: justify;\"><strong>Potrebna dokumentacija koju zainteresovana strana treba da dostavi je<\/strong>:<\/p>\n<ol style=\"text-align: justify;\">\n<li>Kao \u0161to je predvi\u0111eno cirkularnim aktom K.28.1 od 8. aprila 1991. godine, koji je izdalo Ministarstvo unutra\u0161njih poslova:<\/li>\n<li>Izvod iz mati\u010dne knjige ro\u0111enih italijanskog pretka koji je emigrirao u inostranstvo, izdat od strane italijanske op\u0161tine u kojoj je ro\u0111en;<\/li>\n<li>Izvodi iz mati\u010dne knjige ro\u0111enih, uz zvani\u010dni prevod na italijanski jezik, svih njegovih direktnih potomaka, uklju\u010duju\u0107i i osobu koja podnosi zahtjev za italijansko dr\u017eavljanstvo;<\/li>\n<li>Vjen\u010dani list italijanskog pretka koji je emigrirao u inostranstvo, uz zvani\u010dni prevod na italijanski jezik, ukoliko je sklopljen u inostranstvu;<\/li>\n<li>Vjen\u010dani listovi njegovih direktnih potomaka, uklju\u010duju\u0107i i roditelja osobe koja podnosi zahtjev za italijansko dr\u017eavljanstvo;<\/li>\n<li>Uvjerenje izdato od strane nadle\u017enih organa strane zemlje u koju je emigrirao, uz zvani\u010dni prevod na italijanski jezik, kojim se potvr\u0111uje da italijanski predak koji je emigrirao iz Italije nije stekao dr\u017eavljanstvo strane zemlje emigracije prije ro\u0111enja pretka zainteresovanog lica;<\/li>\n<li>Uvjerenje izdato od strane nadle\u017enog italijanskog konzularnog organa kojim se potvr\u0111uje da se ni direktni preci niti osoba koja podnosi zahtjev za italijansko dr\u017eavljanstvo nikada nijesu odrekli istog, u skladu sa \u010dlanom 7 Zakona br. 555 od 13. juna 1912. godine;<\/li>\n<li>Potvrda o prebivali\u0161tu.<\/li>\n<li>Da bi se primijenio <strong>novi zakon<\/strong>, potrebno je dostaviti i sljede\u0107e:<\/li>\n<\/ol>\n<ul style=\"text-align: justify;\">\n<li>U svrhu dokazivanja isklju\u010divog posjedovanja italijanskog dr\u017eavljanstva (na primjer):\n<ul>\n<li>Uvjerene o ne posjedovanju dr\u017eavljanstva;<\/li>\n<li>Uvjerenje o odricanju od dr\u017eavljanstva;<\/li>\n<li>Uvjerenje da nije upisan u bira\u010dki spisak;<\/li>\n<\/ul>\n<\/li>\n<\/ul>\n<ul style=\"text-align: justify;\">\n<li>Da bi se dokazalo prebivali\u0161te u Italiji najmanje dvije uzastopne godine;\n<ul>\n<li>Uvjerenje o istorijatu dr\u017eavljanstva.<\/li>\n<\/ul>\n<\/li>\n<\/ul>\n<p style=\"text-align: justify;\">\n<p style=\"text-align: justify;\">\u2014 \u2014 \u2014<\/p>\n<p style=\"text-align: justify;\">Putem linkova sa desne strane, mo\u017eete pristupiti informacijama o drugim specifi\u010dnim na\u010dinima sticanja italijanskog dr\u017eavljanstva:<\/p>\n<ul>\n<li style=\"text-align: justify;\"><a href=\"https:\/\/ambpodgorica.esteri.it\/me\/servizi-consolari-e-visti\/servizi-per-il-cittadino-straniero\/cittadinanza\/sticanje-drzavljanstva-po-zakonu-maloljetna-djeca-rodena-u-inostranstvu\/\">Sticanje dr\u017eavljanstva \u201epo zakonu\u201c (maloljetna djeca)<\/a><\/li>\n<li style=\"text-align: justify;\"><a href=\"https:\/\/ambpodgorica.esteri.it\/me\/servizi-consolari-e-visti\/servizi-per-il-cittadino-straniero\/cittadinanza\/sticanje-drzavljanstva-za-maloljetnu-decu-koja-zive-sa-roditeljom-koji-nije-drzavljanin-po-rodenju\/\">Sticanje dr\u017eavljanstva za maloljetnu djecu koja \u017eive sa roditeljom koji nije dr\u017eavljanin po ro\u0111enju<\/a><\/li>\n<li style=\"text-align: justify;\"><a href=\"https:\/\/ambpodgorica.esteri.it\/me\/servizi-consolari-e-visti\/servizi-per-il-cittadino-straniero\/cittadinanza\/ponovno-sticanje-drzavljanstva\/\">Ponovno sticanje dr\u017eavljanstva<\/a><\/li>\n<li style=\"text-align: justify;\"><a href=\"https:\/\/ambpodgorica.esteri.it\/me\/servizi-consolari-e-visti\/servizi-per-il-cittadino-straniero\/cittadinanza\/italijansko-drzavljanstvo-putem-braka-gradanske-zajednice\/\">Naturalizacija brakom<\/a><\/li>\n<li style=\"text-align: justify;\"><a href=\"https:\/\/ambpodgorica.esteri.it\/me\/servizi-consolari-e-visti\/servizi-per-il-cittadino-straniero\/cittadinanza\/priznavanje-po-posebnim-zakonima\/\">Priznavanje po posebnim zakonima<\/a><\/li>\n<li style=\"text-align: justify;\"><a href=\"https:\/\/ambpodgorica.esteri.it\/me\/servizi-consolari-e-visti\/servizi-per-il-cittadino-straniero\/cittadinanza\/potvrda-o-neodricanju\/\">Uvjerenje o \u201eneodricanju\u201c<\/a><\/li>\n<li style=\"text-align: justify;\"><a href=\"https:\/\/ambpodgorica.esteri.it\/me\/servizi-consolari-e-visti\/servizi-per-il-cittadino-straniero\/cittadinanza\/odricanje-od-drzavljanstva\/\">Odricanje od dr\u017eavljanstva<\/a><\/li>\n<\/ul>\n","protected":false},"excerpt":{"rendered":"Zakonska uredba br. 36 od 28. marta 2025. godine pretvorena je, izmjenama i dopunama, u Zakon br. 74 od 23. maja 2025. godine, sa primjenom od 24. maja 2025. godine. Zakon o konverziji reformi\u0161e Zakon br. 91 od 5. februara 1992. godine, \u010diji je puni tekst dostupan na sledec\u0301em linku. Posebna pa\u017enja se skre\u0107e na [&hellip;]","protected":false},"author":1,"featured_media":0,"parent":183,"menu_order":2,"comment_status":"closed","ping_status":"closed","template":"","meta":{"footnotes":""},"class_list":["post-185","page","type-page","status-publish","hentry"],"_links":{"self":[{"href":"https:\/\/ambpodgorica.esteri.it\/me\/wp-json\/wp\/v2\/pages\/185","targetHints":{"allow":["GET"]}}],"collection":[{"href":"https:\/\/ambpodgorica.esteri.it\/me\/wp-json\/wp\/v2\/pages"}],"about":[{"href":"https:\/\/ambpodgorica.esteri.it\/me\/wp-json\/wp\/v2\/types\/page"}],"author":[{"embeddable":true,"href":"https:\/\/ambpodgorica.esteri.it\/me\/wp-json\/wp\/v2\/users\/1"}],"replies":[{"embeddable":true,"href":"https:\/\/ambpodgorica.esteri.it\/me\/wp-json\/wp\/v2\/comments?post=185"}],"version-history":[{"count":7,"href":"https:\/\/ambpodgorica.esteri.it\/me\/wp-json\/wp\/v2\/pages\/185\/revisions"}],"predecessor-version":[{"id":4142,"href":"https:\/\/ambpodgorica.esteri.it\/me\/wp-json\/wp\/v2\/pages\/185\/revisions\/4142"}],"up":[{"embeddable":true,"href":"https:\/\/ambpodgorica.esteri.it\/me\/wp-json\/wp\/v2\/pages\/183"}],"wp:attachment":[{"href":"https:\/\/ambpodgorica.esteri.it\/me\/wp-json\/wp\/v2\/media?parent=185"}],"curies":[{"name":"wp","href":"https:\/\/api.w.org\/{rel}","templated":true}]}}