{"id":3008,"date":"2024-02-06T15:44:09","date_gmt":"2024-02-06T14:44:09","guid":{"rendered":"https:\/\/ambpodgorica.esteri.it\/?page_id=3008"},"modified":"2025-12-03T10:41:34","modified_gmt":"2025-12-03T09:41:34","slug":"elektronske-licne-karte","status":"publish","type":"page","link":"https:\/\/ambpodgorica.esteri.it\/me\/servizi-consolari-e-visti\/servizi-per-il-cittadino-italiano\/elektronske-licne-karte\/","title":{"rendered":"Elektronske li\u010dne karte"},"content":{"rendered":"<p style=\"text-align: justify;\">Po\u010dev <strong>od 4. marta 2024.<\/strong> <strong>godine<\/strong> mogu\u0107e je kod Ambasade Italije u Podgorici zatra\u017eiti izdavanje elektronske li\u010dne karte (<strong>CIE<\/strong>) nakon \u0161to prethodno zaka\u017eete termin putem aplikacije <a href=\"https:\/\/prenotami.esteri.it\/\"><strong>Prenot@Mi<\/strong><\/a>.<\/p>\n<p style=\"text-align: justify;\">Nova elektronska li\u010dna karta je multi funkcionalni dokument: potvr\u0111uje identitet gra\u0111anina, to je putna isprava koja sadr\u017ei poreski broj, i mo\u017ee se koristiti za podno\u0161enje zahtjeva za digitalni identitet (<a href=\"https:\/\/www.esteri.it\/it\/servizi-consolari-e-visti\/italiani-all-estero\/spid\/\">SPID<\/a>) ili za pristup uslugama koje pru\u017ea italijanska javna uprava.<\/p>\n<p style=\"text-align: justify;\">Elektronska li\u010dna karta va\u017ei za putovanja u inostranstvo u dr\u017eave \u010dlanice Evropske unije, u dr\u017eave \u0160engena (EU + Island, Norve\u0161ka, \u0160vajcarska, Lihten\u0161tajn) i u one zemlje u kojima su na snazi posebni me\u0111unarodni ugovori. S tim u vezi, za dalje i detaljnije informacije mo\u017eete konsultovati veb stranicu <a href=\"https:\/\/www.viaggiaresicuri.it\/approfondimenti-insights\/documentidiviaggio\">VIAGGIARE SICURI<\/a>.<\/p>\n<p style=\"text-align: justify;\">Za vi\u0161e detalja o uslugama koje nudi C.I.E., kako da je aktivirate i kako da je koristite, posjetite <a href=\"https:\/\/www.cartaidentita.interno.gov.it\/\">sajt<\/a> Ministarstva unutra\u0161njih poslova.<\/p>\n<p>Model:<\/p>\n<ul>\n<li><a href=\"https:\/\/ambpodgorica.esteri.it\/wp-content\/uploads\/2024\/02\/1.mod_cie_richiesta_carta_identita_maggiorenni-Amb.-Podgorica.pdf\">Model\u00a0<\/a>zahtjeva za izdavanje elektronske li\u010dne karte za punoljetne osobe<\/li>\n<li><a href=\"https:\/\/ambpodgorica.esteri.it\/wp-content\/uploads\/2024\/02\/3.Atto_di_assenso_in_favore_dei_figli_minori.pdf\">Model<\/a>zahtjeva za izdavanje elektronske li\u010dne karte za maloljetne osobe<\/li>\n<li><a href=\"https:\/\/ambpodgorica.esteri.it\/wp-content\/uploads\/2024\/02\/3.Modulo-denuncia-smarrimento-furto-passaporto.pdf\">Model<\/a>prijave gubitka\/kra\u0111e elektronske li\u010dne karte<\/li>\n<li><a href=\"https:\/\/ambpodgorica.esteri.it\/wp-content\/uploads\/2024\/02\/3.Atto_di_assenso_in_favore_dei_figli_minori.pdf\">Saglasnost <\/a>za izdavanje elektronske li\u010dne karte maloljetnim licima<\/li>\n<\/ul>\n<p>&nbsp;<\/p>\n<p>&nbsp;<\/p>\n","protected":false},"excerpt":{"rendered":"Po\u010dev od 4. marta 2024. godine mogu\u0107e je kod Ambasade Italije u Podgorici zatra\u017eiti izdavanje elektronske li\u010dne karte (CIE) nakon \u0161to prethodno zaka\u017eete termin putem aplikacije Prenot@Mi. Nova elektronska li\u010dna karta je multi funkcionalni dokument: potvr\u0111uje identitet gra\u0111anina, to je putna isprava koja sadr\u017ei poreski broj, i mo\u017ee se koristiti za podno\u0161enje zahtjeva za digitalni [&hellip;]","protected":false},"author":4,"featured_media":0,"parent":170,"menu_order":1,"comment_status":"closed","ping_status":"closed","template":"","meta":{"footnotes":""},"class_list":["post-3008","page","type-page","status-publish","hentry"],"_links":{"self":[{"href":"https:\/\/ambpodgorica.esteri.it\/me\/wp-json\/wp\/v2\/pages\/3008","targetHints":{"allow":["GET"]}}],"collection":[{"href":"https:\/\/ambpodgorica.esteri.it\/me\/wp-json\/wp\/v2\/pages"}],"about":[{"href":"https:\/\/ambpodgorica.esteri.it\/me\/wp-json\/wp\/v2\/types\/page"}],"author":[{"embeddable":true,"href":"https:\/\/ambpodgorica.esteri.it\/me\/wp-json\/wp\/v2\/users\/4"}],"replies":[{"embeddable":true,"href":"https:\/\/ambpodgorica.esteri.it\/me\/wp-json\/wp\/v2\/comments?post=3008"}],"version-history":[{"count":3,"href":"https:\/\/ambpodgorica.esteri.it\/me\/wp-json\/wp\/v2\/pages\/3008\/revisions"}],"predecessor-version":[{"id":4657,"href":"https:\/\/ambpodgorica.esteri.it\/me\/wp-json\/wp\/v2\/pages\/3008\/revisions\/4657"}],"up":[{"embeddable":true,"href":"https:\/\/ambpodgorica.esteri.it\/me\/wp-json\/wp\/v2\/pages\/170"}],"wp:attachment":[{"href":"https:\/\/ambpodgorica.esteri.it\/me\/wp-json\/wp\/v2\/media?parent=3008"}],"curies":[{"name":"wp","href":"https:\/\/api.w.org\/{rel}","templated":true}]}}