{"id":3956,"date":"2025-08-04T15:21:23","date_gmt":"2025-08-04T13:21:23","guid":{"rendered":"https:\/\/ambpodgorica.esteri.it\/?page_id=3956"},"modified":"2025-09-16T12:30:57","modified_gmt":"2025-09-16T10:30:57","slug":"turizam-u-crnoj-gori-2","status":"publish","type":"page","link":"https:\/\/ambpodgorica.esteri.it\/me\/italia-e-montenegro\/diplomazia-culturale\/turizam-2\/turizam-u-crnoj-gori-2\/","title":{"rendered":"U Crnoj Gori"},"content":{"rendered":"<p style=\"text-align: justify;\"><strong><u>Dokumenti<\/u><\/strong><\/p>\n<p style=\"text-align: justify;\">Da biste saznali koja su dokumenta potrebna za ulazak u Crnu Goru, posjetite stranicu \u201ePutujmo bezbjedno\u201c na: <a href=\"https:\/\/www.viaggiaresicuri.it\/find-country\/country\/MNE\">https:\/\/www.viaggiaresicuri.it\/find-country\/country\/MNE<\/a><\/p>\n<p>&nbsp;<\/p>\n<p style=\"text-align: justify;\"><strong><u>Telefonija<\/u><\/strong><\/p>\n<p style=\"text-align: justify;\">Po\u0161to Crna Gora nije dio EU, tro\u0161kovi rominga mogu biti vi\u0161i nego u drugim evropskim zemljama. Ve\u0107ina me\u0111unarodnih operatera nudi roming pakete, ali cijene mogu da variraju u zavisnosti od mobilnog operatera i kori\u0161\u0107enog paketa. Preporu\u010dujemo da provjerite cijene svog operatera prije putovanja, ili razmislite o kupovini <strong>eSIM<\/strong> ili <strong>lokalne SIM<\/strong> kartice, koje su \u010desto jeftinije alternative.<\/p>\n<p style=\"text-align: justify;\">Me\u0111unarodni pozivni broj za Crnu Goru je 00382 (<strong>+382<\/strong>).<\/p>\n<p>&nbsp;<\/p>\n<p style=\"text-align: justify;\"><strong><u>Hitni slu\u010dajevi<\/u><\/strong><\/p>\n<p style=\"text-align: justify;\"><strong>Jedinstveni broj za hitne slu\u010dajeve je 112 koje je aktivan 24. sata 7. dana u nedjelji i besplatan je.<\/strong><\/p>\n<p style=\"text-align: justify;\">Mo\u017eete pozvati sa bilo kog telefona, \u010dak i bez kredita ili signala, da biste zatra\u017eili pomo\u0107\u0301 od hitne pomo\u0107i, vatrogasaca, policije, gorske slu\u017ebe spasavanja ili bilo koje slu\u017ebe hitne pomo\u0107i povezane sa sistemom civilne za\u0161tite i spasavanja. Centar za operacije i komunikacije 112 (OCC112) slu\u017ei i kao Nacionalni centar za koordinaciju potrage i spasavanja (RCC), tako da ga mo\u017ee koristiti svako kome je potrebna pomoc\u0301, \u010dak i u planinama ili na nepristupa\u010dnom terenu.<\/p>\n<p style=\"text-align: justify;\">Tako\u0111e mo\u017eete pozvati pojedina\u010dne jedinice na sljede\u0107e brojeve:<\/p>\n<ul style=\"text-align: justify;\">\n<li style=\"text-align: justify;\">Policija: <strong>122<\/strong><\/li>\n<li style=\"text-align: justify;\">Vatrogasci: <strong>123<\/strong><\/li>\n<li style=\"text-align: justify;\">Hitna pomo\u0107\u0301: <strong>124<\/strong><\/li>\n<li style=\"text-align: justify;\">Pomo\u0107 na moru: <strong>129<\/strong><\/li>\n<li>Pomo\u0107\u0301 na putu: <strong>19807<\/strong><\/li>\n<li style=\"text-align: justify;\">Informacije o stanju na putevima: <strong>020 234999<\/strong><\/li>\n<\/ul>\n<p>&nbsp;<\/p>\n<p style=\"text-align: justify;\"><strong><u>Radno vrijeme<\/u><\/strong><\/p>\n<ul style=\"text-align: justify;\">\n<li><strong>Banke<\/strong>: ponedjeljak &#8211; petak 8:30 &#8211; 15:30. <strong>Zatvorene subotom, nedjeljom i svim dr\u017eavnim praznicima.<\/strong><\/li>\n<li><strong>Tr\u017eni centri i prodavnice<\/strong>: ponedjeljak &#8211; subota 10:00 &#8211; 22:00. <strong>Nedeljom zatvoreno<\/strong>.<\/li>\n<li><strong>Po\u0161te<\/strong>: ponedjeljak &#8211; petak 8:00 &#8211; 18:00, subota 8:00 \u2013 12:00<\/li>\n<li><strong>Prodavnice<\/strong>: ponedjeljak &#8211; subota 9:00 &#8211; 21:00. <strong>Nedeljom zatvoreno.<\/strong><\/li>\n<\/ul>\n<p>&nbsp;<\/p>\n<p><strong><u>Kada posjetiti Crnu Goru<\/u><\/strong><\/p>\n<p>Klima du\u017e obale je mediteranska, sa vru\u0107im, suvim ljetima, dok je u unutra\u0161njosti kontinentalna, sa ki\u0161nim, hladnim zimama.<\/p>\n<p>&nbsp;<\/p>\n<p><strong><u>Vi\u0161e od samog mora&#8230;<\/u><\/strong><\/p>\n<p>Na ne\u0161to vi\u0161e od dva sata vo\u017enje od Podgorice nalazi se <strong>Nacionalni park Durmitor<\/strong>, prirodno blago u srcu Crne Gore, za\u0161ti\u0107eno od strane UNESCO-a. Park je nezaobilazna stanica prilikom putovanja u Crnu Goru, posebno za ljubitelje planinarenja. Ovdje \u0107ete, pored visokih vrhova, rijeka i jezera, prona\u0107i i <strong>kanjon Tare<\/strong>, koji je, sa dubinom od 1.300 metara, najdublji kanjon u Evropi.<\/p>\n<p>Za vi\u0161e informacija o aktivnostima i avanturama u parku, posjetite veb stranicu: <a href=\"https:\/\/www.durmitornp.com\/\">https:\/\/www.durmitornp.com\/<\/a><\/p>\n<p>&nbsp;<\/p>\n<p style=\"text-align: justify;\"><strong><u>UNESCO<\/u><\/strong><\/p>\n<p style=\"text-align: justify;\">Pored Nacionalnog parka Durmitor, Crna Gora se mo\u017ee pohvaliti sa jo\u0161 tri lokaliteta kulturne ba\u0161tine UNESCO-a.<\/p>\n<ul>\n<li style=\"text-align: justify;\"><strong>Prirodni i kulturno-istorijski region Kotora<\/strong>: Prirodna luka na jadranskoj obali, slu\u017eila je kao va\u017ean umjetni\u010dki i trgova\u010dki centar u srednjem vijeku, sa svojim poznatim \u0161kolama zidarstva i ikonografije. Lokalitet obuhvata pejza\u017e od dva me\u0111usobno povezana zaliva okru\u017eena planinama koje se strmo uzdi\u017eu do skoro 1.500 metara.<\/li>\n<li style=\"text-align: justify;\"><strong>Srednjovekovna groblja ste\u0107ci<\/strong>: Ovaj trans-nacionalni lokalitet obuhvata 28. lokacija koje se nalaze u Bosni i Hercegovini, zapadnoj Srbiji, zapadnoj Crnoj Gori i centralnoj i ju\u017enoj Hrvatskoj, predstavljaju\u0107i groblja i karakteristi\u010dne srednjovekovne nadgrobne spomenike regiona, ili ste\u0107ke. Groblja, koja datiraju od 12. do 16. vijeka nove ere, raspore\u0111ena su u redove, kao \u0161to je to bio obi\u010daj u Evropi u srednjem vijeku.<\/li>\n<li style=\"text-align: justify;\"><strong>Venecijanske odbrambene tvr\u0111ave izme\u0111u 16. i 17. vijeka: <em>Stato da Terra \u2013 Stato di Mare Occidentale<\/em><\/strong>. Ovaj trans-nacionalni lokalitet obuhvata, pored lokaliteta u Italiji i Hrvatskoj, i utvr\u0111eni grad Kotor. Utvr\u0111enja <em>Stato da Terra<\/em> \u0161titila su Mleta\u010dku republiku od drugih evropskih sila na sjeverozapadu, dok su utvr\u0111enja <em>Stato da Mare Occidentale<\/em> \u0161titila jadranske morske puteve i luke prema Levantu.<\/li>\n<\/ul>\n<p style=\"text-align: justify;\">Za vi\u0161e informacija posetite zvani\u010dnu veb stranicu UNESCO-a: <a href=\"https:\/\/whc.unesco.org\/en\/statesparties\/me\">https:\/\/whc.unesco.org\/en\/statesparties\/me<\/a><\/p>\n<p>&nbsp;<\/p>\n<p style=\"text-align: justify;\"><strong><u>Korisni veb-sajtovi<\/u><\/strong><\/p>\n<p style=\"text-align: justify;\"><strong>Veb-sajt Nacionalne turisti\u010dke organizacije Crne Gore<\/strong>: <a href=\"http:\/\/www.montenegro.travel\">www.montenegro.travel<\/a>\u00a0 Imajte u vidu da svaka op\u0161tina ima svoju <strong>lokalnu turisti\u010dku organizaciju<\/strong> sa sopstvenim veb-sajtom.<\/p>\n<p style=\"text-align: justify;\">Veb-sajtovi nekih od op\u0161tina su:<\/p>\n<ul>\n<li style=\"text-align: justify;\">Budva: <a href=\"https:\/\/budva.travel\/\">https:\/\/budva.travel\/<\/a><\/li>\n<li style=\"text-align: justify;\">Bar: <a href=\"https:\/\/visitbar.org\/index.php?lang=en\">https:\/\/visitbar.org\/index.php?lang=en<\/a><\/li>\n<li style=\"text-align: justify;\">Kotor: <a href=\"https:\/\/kotor.ca\/index.html\">https:\/\/kotor.ca\/index.html<\/a><\/li>\n<li style=\"text-align: justify;\">Podgorica: <a href=\"https:\/\/podgorica.travel\/en\/homepage\/\">https:\/\/podgorica.travel\/en\/homepage\/<\/a><\/li>\n<li style=\"text-align: justify;\">Tivat: <a href=\"https:\/\/tivat.travel\/en\/\">https:\/\/tivat.travel\/en\/<\/a><\/li>\n<li style=\"text-align: justify;\">Ulcinj: <a href=\"https:\/\/ulcinj.travel\/\">https:\/\/ulcinj.travel\/<\/a><\/li>\n<\/ul>\n","protected":false},"excerpt":{"rendered":"Dokumenti Da biste saznali koja su dokumenta potrebna za ulazak u Crnu Goru, posjetite stranicu \u201ePutujmo bezbjedno\u201c na: https:\/\/www.viaggiaresicuri.it\/find-country\/country\/MNE &nbsp; Telefonija Po\u0161to Crna Gora nije dio EU, tro\u0161kovi rominga mogu biti vi\u0161i nego u drugim evropskim zemljama. Ve\u0107ina me\u0111unarodnih operatera nudi roming pakete, ali cijene mogu da variraju u zavisnosti od mobilnog operatera i kori\u0161\u0107enog [&hellip;]","protected":false},"author":4,"featured_media":0,"parent":3969,"menu_order":0,"comment_status":"closed","ping_status":"closed","template":"","meta":{"footnotes":""},"class_list":["post-3956","page","type-page","status-publish","hentry"],"_links":{"self":[{"href":"https:\/\/ambpodgorica.esteri.it\/me\/wp-json\/wp\/v2\/pages\/3956","targetHints":{"allow":["GET"]}}],"collection":[{"href":"https:\/\/ambpodgorica.esteri.it\/me\/wp-json\/wp\/v2\/pages"}],"about":[{"href":"https:\/\/ambpodgorica.esteri.it\/me\/wp-json\/wp\/v2\/types\/page"}],"author":[{"embeddable":true,"href":"https:\/\/ambpodgorica.esteri.it\/me\/wp-json\/wp\/v2\/users\/4"}],"replies":[{"embeddable":true,"href":"https:\/\/ambpodgorica.esteri.it\/me\/wp-json\/wp\/v2\/comments?post=3956"}],"version-history":[{"count":6,"href":"https:\/\/ambpodgorica.esteri.it\/me\/wp-json\/wp\/v2\/pages\/3956\/revisions"}],"predecessor-version":[{"id":4235,"href":"https:\/\/ambpodgorica.esteri.it\/me\/wp-json\/wp\/v2\/pages\/3956\/revisions\/4235"}],"up":[{"embeddable":true,"href":"https:\/\/ambpodgorica.esteri.it\/me\/wp-json\/wp\/v2\/pages\/3969"}],"wp:attachment":[{"href":"https:\/\/ambpodgorica.esteri.it\/me\/wp-json\/wp\/v2\/media?parent=3956"}],"curies":[{"name":"wp","href":"https:\/\/api.w.org\/{rel}","templated":true}]}}