{"id":3958,"date":"2025-08-04T15:23:11","date_gmt":"2025-08-04T13:23:11","guid":{"rendered":"https:\/\/ambpodgorica.esteri.it\/?page_id=3958"},"modified":"2025-09-16T12:43:00","modified_gmt":"2025-09-16T10:43:00","slug":"turizam-u-italiji","status":"publish","type":"page","link":"https:\/\/ambpodgorica.esteri.it\/me\/italia-e-montenegro\/diplomazia-culturale\/turizam-2\/turizam-u-italiji\/","title":{"rendered":"U Italiji"},"content":{"rendered":"<p><strong><u>Dokumenti<\/u><\/strong><\/p>\n<p>Da biste saznali koja su dokumenta potrebna za ulazak u Italiju, posjetite sajt: <a href=\"https:\/\/ambpodgorica.esteri.it\/it\/servizi-consolari-e-visti\/servizi-per-il-cittadino-straniero\/visti\/tipologie-di-visti\/\">https:\/\/ambpodgorica.esteri.it\/it\/servizi-consolari-e-visti\/servizi-per-il-cittadino-straniero\/visti\/tipologie-di-visti\/<\/a><\/p>\n<p>&nbsp;<\/p>\n<p><span style=\"text-decoration: underline;\"><strong>Telefonija<\/strong><\/span><\/p>\n<p>U zavisnosti od du\u017eine va\u0161eg boravka, preporu\u010duje se kupovina <strong>italijanske SIM<\/strong> kartice. Me\u0111unarodni pozivni broj za Italiju je 0039 (<strong>+39<\/strong>), \u0161to je potrebno samo kada pozivate italijanski broj iz inostranstva. Za pozive unutar Italije, jednostavno birajte broj telefona bez pozivnog broja.<\/p>\n<p>&nbsp;<\/p>\n<p><strong><u>Hitni slu\u010dajevi<\/u><\/strong><\/p>\n<p>Jedinstveni evropski broj za hitne slu\u010dajeve je <strong>112<\/strong>, besplatni broj koji se mo\u017ee birati bez ikakvih prefiksa. Operator \u0107e vas povezati sa odgovaraju\u0107im organom ili slu\u017ebom.<\/p>\n<p>Tako\u0111e mo\u017eete pozvati pojedina\u010dne jedinice na sljede\u0107e brojeve:<\/p>\n<ul>\n<li style=\"text-align: justify;\">Policija: <strong>113<\/strong><\/li>\n<li style=\"text-align: justify;\">Vatrogasci: <strong>115<\/strong><\/li>\n<li style=\"text-align: justify;\">Hitna medicinska slu\u017eba: <strong>118<\/strong>. Ovaj broj je tako\u0111e va\u017ean za slu\u010dajeve spasavanja u planinama ili pe\u0107inama.<\/li>\n<li style=\"text-align: justify;\">Pomo\u0107\u0301 na putu: <strong>803.116<\/strong>. Pomo\u0107\u0301 voza\u010dima u hitnim situacijama 24\/7 pru\u017ea <a href=\"https:\/\/www.aci.it\/laci\/sicurezza-stradale\/servizi-di-assistenza.html\">Automobilski klub Italije<\/a> (ACI), udru\u017eenje koje broji 106. pokrajinskih automobilskih klubova i zastupa i \u0161titi interese italijanskog automobilizma. Mo\u017eete pozvati taj broj ili posjetiti zvani\u010dnu veb stranicu ACI-ja.<\/li>\n<li style=\"text-align: justify;\">\u0160umarska slu\u017eba: <strong>1515<\/strong><\/li>\n<li style=\"text-align: justify;\">Informacije o putovanju: <strong>1518<\/strong><\/li>\n<li style=\"text-align: justify;\">Pomo\u0107 na moru: <strong>1530<\/strong><\/li>\n<\/ul>\n<p>&nbsp;<\/p>\n<p><span style=\"text-decoration: underline;\"><strong>UNESCO<\/strong><\/span><\/p>\n<p>Italija je zemlja sa najve\u0107im brojem UNESCO lokaliteta, sa <strong>ukupno 61<\/strong>, uklju\u010duju\u0107i <strong>6. prirodnih lokaliteta<\/strong> i <strong>8. kulturnih pejza\u017ea<\/strong>.<\/p>\n<p>Da bi bili progla\u0161eni za UNESCO-vu svjetsku ba\u0161tinu, spomenici, lokaliteti ili aglomeracije moraju biti djelo \u010dovjeka ili kombinacija \u010dovjeka i prirode, i moraju imati izuzetnu univerzalnu vrijednost sa istorijske, umjetni\u010dke, estetske, nau\u010dne ili antropolo\u0161ke ta\u010dke gledi\u0161ta. Prvi italijanski lokaliteti koji su uvr\u0161teni na UNESCO-vu listu svjetske ba\u0161tine bili su kameni crte\u017e doline Kamonika 1979. godine i istorijski centar Rima 1980. godine.<\/p>\n<p>Lista prirodnih lokaliteta obuhvata geolo\u0161ke formacije i prirodna podru\u010dja visoke univerzalne estetske, konzervatorske ili nau\u010dne vrijednosti. U Italiji je priznato \u0161est prirodnih lokaliteta:<\/p>\n<ul>\n<li><strong>Eolska ostrva;<\/strong><\/li>\n<li><strong>planina San \u0110or\u0111o;<\/strong><\/li>\n<li><strong>Dolomiti;<\/strong><\/li>\n<li><strong>planina Etna;<\/strong><\/li>\n<li><strong>drevne bukove \u0161ume Karpata;<\/strong><\/li>\n<li><strong>karstifikacija evaporita i pe\u0107ine Sjevernih Apenina.<\/strong><\/li>\n<\/ul>\n<p>Osim toga, Italija ima osam priznatih kulturnih pejza\u017ea:<\/p>\n<ul>\n<li><strong>Amalfijska obala;<\/strong><\/li>\n<li><strong>Portovenere, \u010cinkve Tere i ostrva Palmarija, Tino i Tineto;<\/strong><\/li>\n<li><strong>Nacionalni park \u010cilento i Valo di Dijano (sa arheolo\u0161kim lokalitetima Pestum, Velija i \u010certoza di Padula);<\/strong><\/li>\n<li><strong>Svete planine Pijemonta i Lombardije;<\/strong><\/li>\n<li><strong>Val d&#8217;Or\u010da;<\/strong><\/li>\n<li><strong>12. Medi\u010dijevih vila i 2. Medi\u010dijeva vrta u Toskani;<\/strong><\/li>\n<li><strong>Vinogradarski pejza\u017ei Pijemonta: Lange-Roero i Monferato;<\/strong><\/li>\n<li><strong>vinogradarska brda za proizvodnju pjenu\u0161ca Koneljano i Valdobijadene.<\/strong><\/li>\n<\/ul>\n<p>Godine 2003, UNESCO je odobrio Konvenciju o za\u0161titi nematerijalnog kulturnog nasle\u0111a, kako bi se za\u0161titila tradicionalna kultura i folklor iz cijelog svijeta. U Italiji je trenutno za\u0161ti\u0107eno <strong>17. tradicija<\/strong>, uklju\u010duju\u0107i izra\u017eajni <strong><em>Canto a Tenore<\/em> sa Sardinije<\/strong>, <strong>raznovrsnu mediteransku ishranu i umjetnost napolitanskih pica majstora<\/strong>.<\/p>\n<p>Za vi\u0161e informacija o svim prirodnim i kulturnim lokalitetima Italije, posjetite zvani\u010dnu veb stranicu UNESCO-a: : <a href=\"https:\/\/whc.unesco.org\/en\/statesparties\/it\">https:\/\/whc.unesco.org\/en\/statesparties\/it<\/a><\/p>\n<p>&nbsp;<\/p>\n<p><strong><span style=\"text-decoration: underline;\">Muzeji i arheolo\u0161ka nalazi\u0161ta<\/span><\/strong><\/p>\n<p>Za posjete dr\u017eavnim muzejima, imajte na umu da je <strong>ulaz besplatan prve nedjelje u mjesecu<\/strong>. Sni\u017eena cijena je obi\u010dno dostupna za grupe, studente, maloljetnike i osobe starije od 70. godina. Kada su u pitanju turisti\u010dki vodi\u010di, preporu\u010dujemo da se uvijek obratite zvani\u010dnim insitucijama. Imajte na umu da su licencirani vodi\u010di prepoznatljivi po kartici koju nose istaknutu oko vrata.<\/p>\n<p>Spisak, radno vrijeme i cijene se mogu na\u0107i na sljede\u0107im linkovima:<\/p>\n<ul>\n<li>Muzeji: <a href=\"https:\/\/www.museiitaliani.it\/\">https:\/\/www.museiitaliani.it\/<\/a><\/li>\n<li>Arheolo\u0161ka nalazi\u0161ta: <a href=\"https:\/\/www.sitiarcheologiciditalia.it\/\">https:\/\/www.sitiarcheologiciditalia.it\/<\/a><\/li>\n<\/ul>\n<p>&nbsp;<\/p>\n<p><span style=\"text-decoration: underline;\"><strong>Ostali korisni veb-sajtovi:<\/strong><\/span><\/p>\n<ul>\n<li>Ministarstvo turizma: <a href=\"https:\/\/www.ministeroturismo.gov.it\/viaggiatori\/\">https:\/\/www.ministeroturismo.gov.it\/viaggiatori\/<\/a><\/li>\n<li>Turizam u Italiji: <a href=\"https:\/\/www.italia.it\/it#:~:text=Sito%20Ufficiale%20del%20Turismo%20%2D%20Italia.it\">Sito Ufficiale del Turismo &#8211; Italia.it<\/a><\/li>\n<li>Nacionalna agencija za turizam: <a href=\"https:\/\/www.enit.it\/\">https:\/\/www.enit.it\/<\/a><\/li>\n<\/ul>\n","protected":false},"excerpt":{"rendered":"Dokumenti Da biste saznali koja su dokumenta potrebna za ulazak u Italiju, posjetite sajt: https:\/\/ambpodgorica.esteri.it\/it\/servizi-consolari-e-visti\/servizi-per-il-cittadino-straniero\/visti\/tipologie-di-visti\/ &nbsp; Telefonija U zavisnosti od du\u017eine va\u0161eg boravka, preporu\u010duje se kupovina italijanske SIM kartice. Me\u0111unarodni pozivni broj za Italiju je 0039 (+39), \u0161to je potrebno samo kada pozivate italijanski broj iz inostranstva. Za pozive unutar Italije, jednostavno birajte broj telefona [&hellip;]","protected":false},"author":4,"featured_media":0,"parent":3969,"menu_order":0,"comment_status":"closed","ping_status":"closed","template":"","meta":{"footnotes":""},"class_list":["post-3958","page","type-page","status-publish","hentry"],"_links":{"self":[{"href":"https:\/\/ambpodgorica.esteri.it\/me\/wp-json\/wp\/v2\/pages\/3958","targetHints":{"allow":["GET"]}}],"collection":[{"href":"https:\/\/ambpodgorica.esteri.it\/me\/wp-json\/wp\/v2\/pages"}],"about":[{"href":"https:\/\/ambpodgorica.esteri.it\/me\/wp-json\/wp\/v2\/types\/page"}],"author":[{"embeddable":true,"href":"https:\/\/ambpodgorica.esteri.it\/me\/wp-json\/wp\/v2\/users\/4"}],"replies":[{"embeddable":true,"href":"https:\/\/ambpodgorica.esteri.it\/me\/wp-json\/wp\/v2\/comments?post=3958"}],"version-history":[{"count":4,"href":"https:\/\/ambpodgorica.esteri.it\/me\/wp-json\/wp\/v2\/pages\/3958\/revisions"}],"predecessor-version":[{"id":4239,"href":"https:\/\/ambpodgorica.esteri.it\/me\/wp-json\/wp\/v2\/pages\/3958\/revisions\/4239"}],"up":[{"embeddable":true,"href":"https:\/\/ambpodgorica.esteri.it\/me\/wp-json\/wp\/v2\/pages\/3969"}],"wp:attachment":[{"href":"https:\/\/ambpodgorica.esteri.it\/me\/wp-json\/wp\/v2\/media?parent=3958"}],"curies":[{"name":"wp","href":"https:\/\/api.w.org\/{rel}","templated":true}]}}