{"id":3969,"date":"2025-08-04T15:18:02","date_gmt":"2025-08-04T13:18:02","guid":{"rendered":"https:\/\/ambpodgorica.esteri.it\/?page_id=3969"},"modified":"2025-09-16T12:23:44","modified_gmt":"2025-09-16T10:23:44","slug":"turizam-2","status":"publish","type":"page","link":"https:\/\/ambpodgorica.esteri.it\/me\/italia-e-montenegro\/diplomazia-culturale\/turizam-2\/","title":{"rendered":"Turizam"},"content":{"rendered":"<p style=\"text-align: justify;\"><strong><u>Op\u0161te informacije<\/u><\/strong><\/p>\n<p style=\"text-align: justify;\">Turizam izme\u0111u Italije i Crne Gore je u porastu, sa dvosmjernim protokom posjetilaca i rastu\u0107im ekonomskim i kulturnim interesovanjem. Italija je va\u017ean trgovinski partner Crne Gore, a turizam igra zna\u010dajnu ulogu u ovoj razmjeni.<\/p>\n<p>&nbsp;<\/p>\n<p style=\"text-align: justify;\"><strong><u>Aktuelni doga\u0111aji<\/u><\/strong><\/p>\n<p style=\"text-align: justify;\"><strong>19. februara 2025<\/strong>. godine je u <strong>Rimu<\/strong> odr\u017ean sastanak izme\u0111u ministarke turizma Republike Italije, <strong>Danijele Santanke<\/strong>, i njene crnogorske koleginice, <strong>Simonide Kordic\u0301<\/strong>. Sastanak je bio posebno fokusiran na razmenu iskustava izme\u0111u Italije i Crne Gore u vezi sa upravljanjem turisti\u010dkim tokovima i promocijom ruralnog i kulturnog turizma, sa ciljem diversifikacije i produ\u017eenja ponude van glavne turisti\u010dke sezone. Ministri su tako\u0111e razgovarali o razvoju turisti\u010dke saradnje u regionalnom kontekstu, sa ciljem zajedni\u010dkog rada na izradi memoranduma o razumijevanju.<\/p>\n<p style=\"text-align: justify;\"><strong>19. i 18. jula 2025.<\/strong> godine u <strong>Rimu<\/strong> je odr\u017ean \u201e<strong>Bridging Destinations<\/strong>\u201c: prvi turisti\u010dki forum izme\u0111u Italije i balkanskih zemalja, koji je organizovalo Ministarstvo turizma u saradnji sa ENIT-om. Ovom doga\u0111aju, koji je otvorio potpredsjednik Antonio Tajani, prisustvovala je, izme\u0111u ostalih, i ministarka turizma Crne Gore, <strong>Simonida Kordic\u0301<\/strong>.<\/p>\n<p style=\"text-align: justify;\">Ovom prilikom, ministarka Santanke je najavila osnivanje <strong>stalne radne grupe Italija-Balkan<\/strong> radi ja\u010danja saradnje izme\u0111u Italije i balkanskih zemalja, sa ciljem razvoja integrisane turisti\u010dke ponude u jadransko-jonskom podru\u010dju.<\/p>\n<p style=\"text-align: justify;\">Saop\u0161tenje za \u0161tampu Ministarstva turizma Republike Italije mo\u017eete pro\u010ditati ovdje: <a href=\"https:\/\/www.ministeroturismo.gov.it\/turismo-italia-balcani-santanche-e-inizio-tavolo-permanente-per-europa-dellest-sempre-piu-competitiva\/\">https:\/\/www.ministeroturismo.gov.it\/turismo-italia-balcani-santanche-e-inizio-tavolo-permanente-per-europa-dellest-sempre-piu-competitiva\/<\/a>)<\/p>\n<p>&nbsp;<\/p>\n<p style=\"text-align: justify;\"><strong><u>Veze izme\u0111u Italije i Crne Gore<\/u><\/strong><\/p>\n<p style=\"text-align: justify;\">Kako sti\u0107i do Crne Gore iz Italije:<\/p>\n<ul style=\"text-align: justify;\">\n<li>Trajekt Bari &#8211; Bar: dnevna linija saobra\u0107a svakog utorka, sa polaskom u 11:00 \u010dasova i prosje\u010dnim vremenom putovanja od 7 sati (saobra\u0107a tokom ljetnje sezone); <strong>PRIVREMENO OBUSTAVLJENO<\/strong><\/li>\n<li>Trajekt Ankona &#8211; Bar: no\u0107na linija koja saobra\u0107a tri dana u nedjelji, sa polaskom u 17:00 \u010dasova i prosje\u010dnim vremenom putovanja od 13 sati (saobra\u0107a tokom ljetnje sezone);<\/li>\n<li>Let Milano &#8211; Podgorica: sa nisko tarifnom avio-kompanijom Wizzair, 3 puta nedjeljno;<\/li>\n<li>Let Rim &#8211; Podgorica: sa Air Montenegro, 3. puta nedjeljno ljeti, i 2. Puta nedjeljno zimi.<\/li>\n<\/ul>\n<p>&nbsp;<\/p>\n<p style=\"text-align: justify;\"><a href=\"https:\/\/ambpodgorica.esteri.it\/me\/italia-e-montenegro\/diplomazia-culturale\/turizam\/turizam-u-crnoj-gori\/\">Turizam u Crnoj Gori<\/a><\/p>\n<p style=\"text-align: justify;\"><a href=\"https:\/\/ambpodgorica.esteri.it\/me\/italia-e-montenegro\/diplomazia-culturale\/turizam\/3864-2\/\">Turizam u Italiji<\/a><\/p>\n","protected":false},"excerpt":{"rendered":"Op\u0161te informacije Turizam izme\u0111u Italije i Crne Gore je u porastu, sa dvosmjernim protokom posjetilaca i rastu\u0107im ekonomskim i kulturnim interesovanjem. Italija je va\u017ean trgovinski partner Crne Gore, a turizam igra zna\u010dajnu ulogu u ovoj razmjeni. &nbsp; Aktuelni doga\u0111aji 19. februara 2025. godine je u Rimu odr\u017ean sastanak izme\u0111u ministarke turizma Republike Italije, Danijele Santanke, [&hellip;]","protected":false},"author":4,"featured_media":0,"parent":155,"menu_order":0,"comment_status":"closed","ping_status":"closed","template":"","meta":{"footnotes":""},"class_list":["post-3969","page","type-page","status-publish","hentry"],"_links":{"self":[{"href":"https:\/\/ambpodgorica.esteri.it\/me\/wp-json\/wp\/v2\/pages\/3969","targetHints":{"allow":["GET"]}}],"collection":[{"href":"https:\/\/ambpodgorica.esteri.it\/me\/wp-json\/wp\/v2\/pages"}],"about":[{"href":"https:\/\/ambpodgorica.esteri.it\/me\/wp-json\/wp\/v2\/types\/page"}],"author":[{"embeddable":true,"href":"https:\/\/ambpodgorica.esteri.it\/me\/wp-json\/wp\/v2\/users\/4"}],"replies":[{"embeddable":true,"href":"https:\/\/ambpodgorica.esteri.it\/me\/wp-json\/wp\/v2\/comments?post=3969"}],"version-history":[{"count":2,"href":"https:\/\/ambpodgorica.esteri.it\/me\/wp-json\/wp\/v2\/pages\/3969\/revisions"}],"predecessor-version":[{"id":3973,"href":"https:\/\/ambpodgorica.esteri.it\/me\/wp-json\/wp\/v2\/pages\/3969\/revisions\/3973"}],"up":[{"embeddable":true,"href":"https:\/\/ambpodgorica.esteri.it\/me\/wp-json\/wp\/v2\/pages\/155"}],"wp:attachment":[{"href":"https:\/\/ambpodgorica.esteri.it\/me\/wp-json\/wp\/v2\/media?parent=3969"}],"curies":[{"name":"wp","href":"https:\/\/api.w.org\/{rel}","templated":true}]}}