{"id":3999,"date":"2025-07-09T13:21:10","date_gmt":"2025-07-09T11:21:10","guid":{"rendered":"https:\/\/ambpodgorica.esteri.it\/?page_id=3999"},"modified":"2025-09-16T11:28:37","modified_gmt":"2025-09-16T09:28:37","slug":"sticanje-drzavljanstva-za-maloljetnu-decu-koja-zive-sa-roditeljom-koji-nije-drzavljanin-po-rodenju-2","status":"publish","type":"page","link":"https:\/\/ambpodgorica.esteri.it\/me\/servizi-consolari-e-visti\/servizi-per-il-cittadino-straniero\/cittadinanza\/sticanje-drzavljanstva-za-maloljetnu-decu-koja-zive-sa-roditeljom-koji-nije-drzavljanin-po-rodenju-2\/","title":{"rendered":"Sticanje dr\u017eavljanstva za maloljetnu decu koja \u017eive sa roditeljom koji nije dr\u017eavljanin po ro\u0111enju"},"content":{"rendered":"<header class=\"entry-header\"><\/header>\n<div class=\"entry-content\">\n<p style=\"text-align: justify;\">\u010clan 14 Zakona br. 91\/1992, izmijenjen Zakonodavnim dekretom br. 36\/2025 i konvertovan u Zakon br. 74\/2025, predvi\u0111a da, da bi se steklo dr\u017eavljanstvo putem ovog postupka, dijete italijanskih dr\u017eavljana koji nijesu dr\u017eavljani po ro\u0111enju,\u00a0<strong>mora legalno da boravi u Italiji najmanje dvije uzastopne godine u vrijeme sticanja ili ponovnog sticanja italijanskog dr\u017eavljanstva od strane roditelja<\/strong>\u00a0(ako je dijete mla\u0111e od dvije godine, mora da boravi u Italiji od ro\u0111enja).<\/p>\n<p style=\"text-align: justify;\">Precizira se da:<\/p>\n<ul>\n<li style=\"text-align: justify;\">Ako zahtjev za priznavanje dr\u017eavljanstva po \u201e<em>iure communicatione<\/em>\u201c spada, u smislu postupka podno\u0161enja, me\u0111u izuzetke navedene u slovima a), a-bis) ili b) \u010dlana 3-bis Zakona br. 91\/1992 (tj. zahtjev \u2013 upravni ili sudski \u2013 podnijet do 27. marta 2025. godine, ili je zahtjev podnijet do nazna\u010denog termina, do 27. marta 2025. godine), primjenjiva\u0107e se prethodna regulativa.<\/li>\n<li style=\"text-align: justify;\">Ako je zahtjev za priznavanje dr\u017eavljanstva po \u201e<em>iure communicatione<\/em>\u201c podnijet 28. marta 2025. godine ili kasnije, roditelj koji prenosi dr\u017eavljanstvo mora biti isklju\u010divo italijanski dr\u017eavljanin ili je \u017eivio u Italiji dvije godine prije ro\u0111enja djeteta.<\/li>\n<li style=\"text-align: justify;\">Ako\u00a0<strong>roditelj stekne ili ponovo stekne dr\u017eavljanstvo 24. maja 2025. godine ili kasnije<\/strong>, dijete koje \u017eivi sa roditeljom koji sti\u010de ili ponovo sti\u010de italijansko dr\u017eavljanstvo moralo je \u017eivjeti u Italiji najmanje dvije godine prije naturalizacije roditelja.\u00a0<strong>U ovom slu\u010daju, italijanska op\u0161tina prebivali\u0161ta bi\u0107e odgovorna za provjeru sticanja dr\u017eavljanstva maloljetnog lica.<\/strong><\/li>\n<\/ul>\n<\/div>\n","protected":false},"excerpt":{"rendered":"\u010clan 14 Zakona br. 91\/1992, izmijenjen Zakonodavnim dekretom br. 36\/2025 i konvertovan u Zakon br. 74\/2025, predvi\u0111a da, da bi se steklo dr\u017eavljanstvo putem ovog postupka, dijete italijanskih dr\u017eavljana koji nijesu dr\u017eavljani po ro\u0111enju,\u00a0mora legalno da boravi u Italiji najmanje dvije uzastopne godine u vrijeme sticanja ili ponovnog sticanja italijanskog dr\u017eavljanstva od strane roditelja\u00a0(ako je [&hellip;]","protected":false},"author":8,"featured_media":0,"parent":185,"menu_order":0,"comment_status":"closed","ping_status":"closed","template":"","meta":{"footnotes":""},"class_list":["post-3999","page","type-page","status-publish","hentry"],"_links":{"self":[{"href":"https:\/\/ambpodgorica.esteri.it\/me\/wp-json\/wp\/v2\/pages\/3999","targetHints":{"allow":["GET"]}}],"collection":[{"href":"https:\/\/ambpodgorica.esteri.it\/me\/wp-json\/wp\/v2\/pages"}],"about":[{"href":"https:\/\/ambpodgorica.esteri.it\/me\/wp-json\/wp\/v2\/types\/page"}],"author":[{"embeddable":true,"href":"https:\/\/ambpodgorica.esteri.it\/me\/wp-json\/wp\/v2\/users\/8"}],"replies":[{"embeddable":true,"href":"https:\/\/ambpodgorica.esteri.it\/me\/wp-json\/wp\/v2\/comments?post=3999"}],"version-history":[{"count":3,"href":"https:\/\/ambpodgorica.esteri.it\/me\/wp-json\/wp\/v2\/pages\/3999\/revisions"}],"predecessor-version":[{"id":4154,"href":"https:\/\/ambpodgorica.esteri.it\/me\/wp-json\/wp\/v2\/pages\/3999\/revisions\/4154"}],"up":[{"embeddable":true,"href":"https:\/\/ambpodgorica.esteri.it\/me\/wp-json\/wp\/v2\/pages\/185"}],"wp:attachment":[{"href":"https:\/\/ambpodgorica.esteri.it\/me\/wp-json\/wp\/v2\/media?parent=3999"}],"curies":[{"name":"wp","href":"https:\/\/api.w.org\/{rel}","templated":true}]}}