{"id":4002,"date":"2025-07-09T13:22:16","date_gmt":"2025-07-09T11:22:16","guid":{"rendered":"https:\/\/ambpodgorica.esteri.it\/?page_id=4002"},"modified":"2025-09-16T11:29:02","modified_gmt":"2025-09-16T09:29:02","slug":"ponovno-sticanje-drzavljanstva-2","status":"publish","type":"page","link":"https:\/\/ambpodgorica.esteri.it\/me\/servizi-consolari-e-visti\/servizi-per-il-cittadino-straniero\/cittadinanza\/ponovno-sticanje-drzavljanstva-2\/","title":{"rendered":"Ponovno sticanje dr\u017eavljanstva"},"content":{"rendered":"<p style=\"text-align: justify;\">Zakonom br. 74 od 23. maja 2025. godine ponovo su otvoreni uslovi za ponovno sticanje dr\u017eavljanstva za biv\u0161e dr\u017eavljane\u00a0<strong>ro\u0111ene u Italiji ili koji su \u017eivjeli u Italiji najmanje dvije uzastopne godine i koji su izgubili dr\u017eavljanstvo najkasnije do 15. avgusta 1992. godine<\/strong>, primjenom \u010dlana 8, br. 1 i 2, ili \u010dlana 12 Zakona br. 555 iz 1912. godine (naturalizacija u stranoj zemlji, odricanje od dr\u017eavljanstva nakon prisilnog sticanja stranog dr\u017eavljanstva, maloljetna deca koja \u017eive sa roditeljom koji je izgubio dr\u017eavljanstvo). Mogu\u0107nost ponovnog sticanja\u00a0<strong>ne odnosi se na one koji su se odrekli italijanskog dr\u017eavljanstva<\/strong>\u00a0(ili su ga izgubili iz drugih razloga)\u00a0<strong>po\u010dev\u0161i od 16. avgusta 1992. godine ili kasnije<\/strong>.<\/p>\n<p style=\"text-align: justify;\">Izjave o ponovnom sticanju mogu se podnijeti izme\u0111u\u00a0<strong>1. jula 2025. i 31. decembra 2027. godine<\/strong>.<\/p>\n<p style=\"text-align: justify;\">Lice zainteresovano za ponovno sticanje mora podnijeti:<\/p>\n<ol style=\"text-align: justify;\">\n<li>Va\u017ee\u0107i li\u010dni dokument izdat od strane vlasti zemlje trenutnog dr\u017eavljanstva;<\/li>\n<li>Izvod iz mati\u010dne knjige ro\u0111enih: ako je ro\u0111en u inostranstvu, mora biti podnijet u propisanom obliku za registraciju u Italiji, ovjeren i preveden;<\/li>\n<li>Za one ro\u0111ene u inostranstvu, potvrda o prebivali\u0161tu izdata od strane nadle\u017ene italijanske op\u0161tine;<\/li>\n<li>Uvjerenje o dr\u017eavljanstvu;<\/li>\n<li>Dokumentacija koja dokazuje razlog i datum gubitka dr\u017eavljanstva (mora se dostaviti dokaz o sticanju stranog dr\u017eavljanstva i, ukoliko je mogu\u0107e, odricanju od italijanskog dr\u017eavljanstva:\u00a0<strong>uvjerenje o naturalizaciji<\/strong>\u00a0ili, ako je to predvi\u0111eno na lokalnom nivou, izvod iz mati\u010dne knjige ro\u0111enih uz uvjerenje o dr\u017eavljanstvu i na kojem osnovu je ste\u010deno; dokumentacija koju izdaju strane vlasti mora biti propisno ovjerena i prevedena).<\/li>\n<\/ol>\n<p style=\"text-align: justify;\">Za izjave o ponovnom sticanju italijanskog dr\u017eavljanstva pla\u0107a se taksa od 250 evra, koja se upla\u0107uje u Konzularnoj kancelariji.<\/p>\n<p style=\"text-align: justify;\">Izjavu mora podnijeti zainteresovano lice\u00a0<u>li\u010dno<\/u>.<\/p>\n<p style=\"text-align: justify;\">U skladu sa \u010dlanom 15. Zakona br. 91\/1992, zainteresovano lice ne sti\u010de dr\u017eavljanstvo od dana ro\u0111enja, vec\u0301 od sljede\u0107eg dana od dana davanja izjave.<\/p>\n","protected":false},"excerpt":{"rendered":"Zakonom br. 74 od 23. maja 2025. godine ponovo su otvoreni uslovi za ponovno sticanje dr\u017eavljanstva za biv\u0161e dr\u017eavljane\u00a0ro\u0111ene u Italiji ili koji su \u017eivjeli u Italiji najmanje dvije uzastopne godine i koji su izgubili dr\u017eavljanstvo najkasnije do 15. avgusta 1992. godine, primjenom \u010dlana 8, br. 1 i 2, ili \u010dlana 12 Zakona br. 555 [&hellip;]","protected":false},"author":8,"featured_media":0,"parent":185,"menu_order":0,"comment_status":"closed","ping_status":"closed","template":"","meta":{"footnotes":""},"class_list":["post-4002","page","type-page","status-publish","hentry"],"_links":{"self":[{"href":"https:\/\/ambpodgorica.esteri.it\/me\/wp-json\/wp\/v2\/pages\/4002","targetHints":{"allow":["GET"]}}],"collection":[{"href":"https:\/\/ambpodgorica.esteri.it\/me\/wp-json\/wp\/v2\/pages"}],"about":[{"href":"https:\/\/ambpodgorica.esteri.it\/me\/wp-json\/wp\/v2\/types\/page"}],"author":[{"embeddable":true,"href":"https:\/\/ambpodgorica.esteri.it\/me\/wp-json\/wp\/v2\/users\/8"}],"replies":[{"embeddable":true,"href":"https:\/\/ambpodgorica.esteri.it\/me\/wp-json\/wp\/v2\/comments?post=4002"}],"version-history":[{"count":3,"href":"https:\/\/ambpodgorica.esteri.it\/me\/wp-json\/wp\/v2\/pages\/4002\/revisions"}],"predecessor-version":[{"id":4155,"href":"https:\/\/ambpodgorica.esteri.it\/me\/wp-json\/wp\/v2\/pages\/4002\/revisions\/4155"}],"up":[{"embeddable":true,"href":"https:\/\/ambpodgorica.esteri.it\/me\/wp-json\/wp\/v2\/pages\/185"}],"wp:attachment":[{"href":"https:\/\/ambpodgorica.esteri.it\/me\/wp-json\/wp\/v2\/media?parent=4002"}],"curies":[{"name":"wp","href":"https:\/\/api.w.org\/{rel}","templated":true}]}}