{"id":4007,"date":"2025-07-09T13:23:44","date_gmt":"2025-07-09T11:23:44","guid":{"rendered":"https:\/\/ambpodgorica.esteri.it\/?page_id=4007"},"modified":"2025-09-16T11:32:49","modified_gmt":"2025-09-16T09:32:49","slug":"priznavanje-po-posebnim-zakonima-2","status":"publish","type":"page","link":"https:\/\/ambpodgorica.esteri.it\/me\/servizi-consolari-e-visti\/servizi-per-il-cittadino-straniero\/cittadinanza\/priznavanje-po-posebnim-zakonima-2\/","title":{"rendered":"Priznavanje po posebnim zakonima"},"content":{"rendered":"<p style=\"text-align: justify;\">Zakon br. 379 od 14. decembra 2000. godine predvi\u0111a priznavanje italijanskog dr\u017eavljanstva za lica koja su ro\u0111ena i koja imaju prebivali\u0161te na teritorijama biv\u0161eg Austrougarskog carstva i njihove potomke koji ispunjavaju potrebne uslove.<\/p>\n<p style=\"text-align: justify;\">Rok za sprovo\u0111enje Zakona br. 379\/2000 istekao je 19. decembra 2010. godine.<\/p>\n<p style=\"text-align: justify;\">Zakon br. 124 od 8. marta 2006. godine predvi\u0111a priznavanje italijanskog dr\u017eavljanstva za sunarodnike koji su ga izgubili iz razloga \u0161to su imali prebivali\u0161te u Istri, Rijeci i Dalmaciji od 1940. do 1947. godine.<\/p>\n<p style=\"text-align: justify;\">Priznavanje italijanskog dr\u017eavljanstva po posebnim zakonima predstavlja sticanje po zakonu: stoga, nije mogu\u0107e da roditelj dr\u017eavljanin da izjavu o namjeri za sticanje dr\u017eavljanstva za svoje maloljetno dijete kako je to propisano \u010dlanom 4, stav 1-bis, Zakona br. 91\/1992, jer priznati roditelj nije italijanski dr\u017eavljanin po ro\u0111enju.<\/p>\n","protected":false},"excerpt":{"rendered":"Zakon br. 379 od 14. decembra 2000. godine predvi\u0111a priznavanje italijanskog dr\u017eavljanstva za lica koja su ro\u0111ena i koja imaju prebivali\u0161te na teritorijama biv\u0161eg Austrougarskog carstva i njihove potomke koji ispunjavaju potrebne uslove. Rok za sprovo\u0111enje Zakona br. 379\/2000 istekao je 19. decembra 2010. godine. Zakon br. 124 od 8. marta 2006. godine predvi\u0111a priznavanje [&hellip;]","protected":false},"author":8,"featured_media":0,"parent":185,"menu_order":0,"comment_status":"closed","ping_status":"closed","template":"","meta":{"footnotes":""},"class_list":["post-4007","page","type-page","status-publish","hentry"],"_links":{"self":[{"href":"https:\/\/ambpodgorica.esteri.it\/me\/wp-json\/wp\/v2\/pages\/4007","targetHints":{"allow":["GET"]}}],"collection":[{"href":"https:\/\/ambpodgorica.esteri.it\/me\/wp-json\/wp\/v2\/pages"}],"about":[{"href":"https:\/\/ambpodgorica.esteri.it\/me\/wp-json\/wp\/v2\/types\/page"}],"author":[{"embeddable":true,"href":"https:\/\/ambpodgorica.esteri.it\/me\/wp-json\/wp\/v2\/users\/8"}],"replies":[{"embeddable":true,"href":"https:\/\/ambpodgorica.esteri.it\/me\/wp-json\/wp\/v2\/comments?post=4007"}],"version-history":[{"count":3,"href":"https:\/\/ambpodgorica.esteri.it\/me\/wp-json\/wp\/v2\/pages\/4007\/revisions"}],"predecessor-version":[{"id":4160,"href":"https:\/\/ambpodgorica.esteri.it\/me\/wp-json\/wp\/v2\/pages\/4007\/revisions\/4160"}],"up":[{"embeddable":true,"href":"https:\/\/ambpodgorica.esteri.it\/me\/wp-json\/wp\/v2\/pages\/185"}],"wp:attachment":[{"href":"https:\/\/ambpodgorica.esteri.it\/me\/wp-json\/wp\/v2\/media?parent=4007"}],"curies":[{"name":"wp","href":"https:\/\/api.w.org\/{rel}","templated":true}]}}