{"id":4013,"date":"2025-07-09T13:24:26","date_gmt":"2025-07-09T11:24:26","guid":{"rendered":"https:\/\/ambpodgorica.esteri.it\/?page_id=4013"},"modified":"2025-09-16T11:30:18","modified_gmt":"2025-09-16T09:30:18","slug":"potvrda-o-neodricanju-2","status":"publish","type":"page","link":"https:\/\/ambpodgorica.esteri.it\/me\/servizi-consolari-e-visti\/servizi-per-il-cittadino-straniero\/cittadinanza\/potvrda-o-neodricanju-2\/","title":{"rendered":"Potvrda o \u201eneodricanju\u201c"},"content":{"rendered":"<p style=\"text-align: justify;\">Ako je zainteresovana strana odlu\u010dila da uspostavi prebivali\u0161te u Italiji, nadle\u017eni organi italijanske op\u0161tine su odgovorni za priznavanje italijanskog dr\u017eavljanstva. Nakon upisa u registar stanovnika, strani dr\u017eavljanin mo\u017ee pokrenuti postupak za priznavanje dr\u017eavljanstva po krvnom pravu \u2013\u00a0<em>iure sanguinis<\/em>\u00a0\u00a0(\u010diji je rok utvr\u0111en zakonom, ukupno 180 dana), podno\u0161enjem dokumentacije navedene u Cirkularnom pismu K.28.1\/1991. Zainteresovana strana ne mo\u017ee koristiti zakonskog zastupnika ili nekog drugog za zastupanje; zainteresovana strana mora biti prisutna u zemlji.<\/p>\n<p style=\"text-align: justify;\">Zahtjev za izdavanje Potvrde o neodustajanju\/neodricanju podnosi direktno italijanska op\u0161tina konzulatu, isklju\u010divo putem sertifikovane e-po\u0161te (PEC). Odgovor konzulata op\u0161tini (ne zainteresovanoj strani) se uvijek \u0161alje samo putem sertifikovane e-po\u0161te, pod uslovom da je zahtjev pravilno formulisan.<\/p>\n<p style=\"text-align: justify;\">Zainteresovana strana ne mo\u017ee direktno kontaktirati Konzularnu kancelariju u vezi sa postupcima koje sprovode op\u0161tine ili druga konzularna predstavni\u0161tva, jer status postupaka nije poznat izvan njihove sopstvene nadle\u017enosti.<\/p>\n","protected":false},"excerpt":{"rendered":"Ako je zainteresovana strana odlu\u010dila da uspostavi prebivali\u0161te u Italiji, nadle\u017eni organi italijanske op\u0161tine su odgovorni za priznavanje italijanskog dr\u017eavljanstva. Nakon upisa u registar stanovnika, strani dr\u017eavljanin mo\u017ee pokrenuti postupak za priznavanje dr\u017eavljanstva po krvnom pravu \u2013\u00a0iure sanguinis\u00a0\u00a0(\u010diji je rok utvr\u0111en zakonom, ukupno 180 dana), podno\u0161enjem dokumentacije navedene u Cirkularnom pismu K.28.1\/1991. Zainteresovana strana ne [&hellip;]","protected":false},"author":8,"featured_media":0,"parent":185,"menu_order":0,"comment_status":"closed","ping_status":"closed","template":"","meta":{"footnotes":""},"class_list":["post-4013","page","type-page","status-publish","hentry"],"_links":{"self":[{"href":"https:\/\/ambpodgorica.esteri.it\/me\/wp-json\/wp\/v2\/pages\/4013","targetHints":{"allow":["GET"]}}],"collection":[{"href":"https:\/\/ambpodgorica.esteri.it\/me\/wp-json\/wp\/v2\/pages"}],"about":[{"href":"https:\/\/ambpodgorica.esteri.it\/me\/wp-json\/wp\/v2\/types\/page"}],"author":[{"embeddable":true,"href":"https:\/\/ambpodgorica.esteri.it\/me\/wp-json\/wp\/v2\/users\/8"}],"replies":[{"embeddable":true,"href":"https:\/\/ambpodgorica.esteri.it\/me\/wp-json\/wp\/v2\/comments?post=4013"}],"version-history":[{"count":3,"href":"https:\/\/ambpodgorica.esteri.it\/me\/wp-json\/wp\/v2\/pages\/4013\/revisions"}],"predecessor-version":[{"id":4164,"href":"https:\/\/ambpodgorica.esteri.it\/me\/wp-json\/wp\/v2\/pages\/4013\/revisions\/4164"}],"up":[{"embeddable":true,"href":"https:\/\/ambpodgorica.esteri.it\/me\/wp-json\/wp\/v2\/pages\/185"}],"wp:attachment":[{"href":"https:\/\/ambpodgorica.esteri.it\/me\/wp-json\/wp\/v2\/media?parent=4013"}],"curies":[{"name":"wp","href":"https:\/\/api.w.org\/{rel}","templated":true}]}}