{"id":4018,"date":"2025-07-09T13:27:30","date_gmt":"2025-07-09T11:27:30","guid":{"rendered":"https:\/\/ambpodgorica.esteri.it\/?page_id=4018"},"modified":"2025-09-16T11:30:41","modified_gmt":"2025-09-16T09:30:41","slug":"odricanje-od-drzavljanstva-2","status":"publish","type":"page","link":"https:\/\/ambpodgorica.esteri.it\/me\/servizi-consolari-e-visti\/servizi-per-il-cittadino-straniero\/cittadinanza\/odricanje-od-drzavljanstva-2\/","title":{"rendered":"Odricanje od dr\u017eavljanstva"},"content":{"rendered":"<p style=\"text-align: justify;\">Italijanski dr\u017eavljani mogu se dobrovoljno odrec\u0301i italijanskog dr\u017eavljanstva pod uslovom da se presele, ili su se preselili, u inostranstvo i imaju neko drugo dr\u017eavljanstvo ili neka druga dr\u017eavljanstva (Zakon 91\/1992, \u010dlan 11). Pravo na odricanje od italijanskog dr\u017eavljanstva u ovom slu\u010daju mogu ostvariti samo punoljetni. Oni koji su stekli italijansko dr\u017eavljanstvo dok su bilu maloljetni, kao deca koja \u017eive sa roditeljem koji je stekao ili ponovo stekao dr\u017eavljanstvo, imaju pravo da ga se odreknu (bez vremenskog ograni\u010denja) kada dostignu punoljetstvo, pod uslovom da imaju drugo dr\u017eavljanstvo.<\/p>\n<p style=\"text-align: justify;\">Potrebna dokumenta koja treba podnijeti su:<\/p>\n<ol style=\"text-align: justify;\">\n<li><strong>IZVOD IZ MATI\u010cNE KNJIGE RO\u0110ENIH<\/strong> koji izdaje op\u0161tina u kojoj je ro\u0111enje registrovano (ako je ro\u0111en u Italiji) ili prepisano (ako je ro\u0111en u inostranstvu);<\/li>\n<li><strong>UKAZ O NATURALIZACIJI ILI UVJERENJE KOJIM SE DOKAZUJE NA\u010cIN I DATUM STICANJA STRANOG DR\u017dAVLJANSTVA, ili INDIVIDUALNO UVJERENJE O GRA\u0110ANSKOM STANJU<\/strong> ako je strani dr\u017eavljanin po ro\u0111enju;<\/li>\n<li><strong>POTVRDA O PREBIVALI\u0160TU<\/strong>, izdata od strane crnogorske op\u0161tine prebivali\u0161ta;<\/li>\n<li><strong>ORIGINALNA BANKOVNA ILI PO\u0160TANSKA POTVRDA O UPLATI<\/strong> u iznosu od 250 \u20ac:<\/li>\n<\/ol>\n<p style=\"text-align: justify;\">Korisnik: <strong>MINISTARSTVO UNUTRA\u0160NJIH POSLOVA D.L.C.I. \u2013 Dr\u017eavljanstvo<\/strong>;<\/p>\n<p style=\"text-align: justify;\">Razlog plac\u0301anja: \u201e<strong>Taksa za odricanje od italijanskog dr\u017eavljanstva<\/strong>\u201c sa li\u010dnim podacima podnosioca zahtjeva (<strong>prezime, ime, datum i mjesto ro\u0111enja<\/strong>);<\/p>\n<p style=\"text-align: justify;\">IBAN ra\u010duna Ministarstva unutra\u0161njih poslova: <strong>IT54D0760103200000000809020<\/strong>;<\/p>\n<p style=\"text-align: justify;\">BIC\/SWIFT KOD: <strong>BPPIITRRXXX.<\/strong><\/p>\n<ol start=\"5\">\n<li style=\"text-align: justify;\"><strong>UPLATU konzularne takse \u201eUvjerenje o odricanju od dr\u017eavljanstva\u201c (\u010dlan 4, ta\u010dka b),<\/strong> izvr\u0161iti gotovinom na dan zakazivanja.<\/li>\n<\/ol>\n","protected":false},"excerpt":{"rendered":"Italijanski dr\u017eavljani mogu se dobrovoljno odrec\u0301i italijanskog dr\u017eavljanstva pod uslovom da se presele, ili su se preselili, u inostranstvo i imaju neko drugo dr\u017eavljanstvo ili neka druga dr\u017eavljanstva (Zakon 91\/1992, \u010dlan 11). Pravo na odricanje od italijanskog dr\u017eavljanstva u ovom slu\u010daju mogu ostvariti samo punoljetni. Oni koji su stekli italijansko dr\u017eavljanstvo dok su bilu maloljetni, [&hellip;]","protected":false},"author":8,"featured_media":0,"parent":185,"menu_order":0,"comment_status":"closed","ping_status":"closed","template":"","meta":{"footnotes":""},"class_list":["post-4018","page","type-page","status-publish","hentry"],"_links":{"self":[{"href":"https:\/\/ambpodgorica.esteri.it\/me\/wp-json\/wp\/v2\/pages\/4018","targetHints":{"allow":["GET"]}}],"collection":[{"href":"https:\/\/ambpodgorica.esteri.it\/me\/wp-json\/wp\/v2\/pages"}],"about":[{"href":"https:\/\/ambpodgorica.esteri.it\/me\/wp-json\/wp\/v2\/types\/page"}],"author":[{"embeddable":true,"href":"https:\/\/ambpodgorica.esteri.it\/me\/wp-json\/wp\/v2\/users\/8"}],"replies":[{"embeddable":true,"href":"https:\/\/ambpodgorica.esteri.it\/me\/wp-json\/wp\/v2\/comments?post=4018"}],"version-history":[{"count":2,"href":"https:\/\/ambpodgorica.esteri.it\/me\/wp-json\/wp\/v2\/pages\/4018\/revisions"}],"predecessor-version":[{"id":4165,"href":"https:\/\/ambpodgorica.esteri.it\/me\/wp-json\/wp\/v2\/pages\/4018\/revisions\/4165"}],"up":[{"embeddable":true,"href":"https:\/\/ambpodgorica.esteri.it\/me\/wp-json\/wp\/v2\/pages\/185"}],"wp:attachment":[{"href":"https:\/\/ambpodgorica.esteri.it\/me\/wp-json\/wp\/v2\/media?parent=4018"}],"curies":[{"name":"wp","href":"https:\/\/api.w.org\/{rel}","templated":true}]}}