{"id":4085,"date":"2025-08-04T14:56:09","date_gmt":"2025-08-04T12:56:09","guid":{"rendered":"https:\/\/ambpodgorica.esteri.it\/?page_id=4085"},"modified":"2026-02-16T11:02:42","modified_gmt":"2026-02-16T10:02:42","slug":"studiranje-na-italijanskim-univerzitetima","status":"publish","type":"page","link":"https:\/\/ambpodgorica.esteri.it\/me\/italia-e-montenegro\/diplomazia-culturale\/missioni-archeologiche\/studiranje-na-italijanskim-univerzitetima\/","title":{"rendered":"Studiranje na italijanskim univerzitetima"},"content":{"rendered":"<p><img loading=\"lazy\" decoding=\"async\" class=\" wp-image-5008 img-fluid aligncenter\" src=\"https:\/\/ambpodgorica.esteri.it\/wp-content\/uploads\/2026\/02\/Study-in-Italy-300x184.jpg\" alt=\"\" width=\"512\" height=\"314\" srcset=\"https:\/\/ambpodgorica.esteri.it\/wp-content\/uploads\/2026\/02\/Study-in-Italy-300x184.jpg 300w, https:\/\/ambpodgorica.esteri.it\/wp-content\/uploads\/2026\/02\/Study-in-Italy-768x470.jpg 768w, https:\/\/ambpodgorica.esteri.it\/wp-content\/uploads\/2026\/02\/Study-in-Italy.jpg 867w\" sizes=\"auto, (max-width: 512px) 100vw, 512px\" \/><\/p>\n<p style=\"text-align: justify;\">Da biste ispunili uslove za upis na italijanske univerzitete, morate <strong>imati zavr\u0161eno najmanje 12. godina \u0161kolovanja<\/strong> i polo\u017eiti test iz jezika. Me\u0111utim, mo\u017eete studirati u Italiji \u010dak iako ne govorite italijanski jezik, ako ste upisani na jedan od mnogih univerziteta koji nude kurseve na engleskom jeziku. Za neke programe, kako osnovne tako i postdiplomske, pola\u017ee se prijemni ispit.<\/p>\n<p>\u0160kolarine se kre\u0107u od <strong>900<\/strong> <strong>do 4.000<\/strong> <strong>eura<\/strong> godi\u0161nje za <strong>dr\u017eavne univerzitete<\/strong>, i od <strong>6.000 do 20.000 eura<\/strong> godi\u0161nje za <strong>privatne univerzitete<\/strong>. <strong>Stipendije<\/strong> su dostupne na osnovu prihoda i akademskih zasluga, a studenti mogu da konkuri\u0161u i\/ili za sobu u studentskom domu. Pored toga, italijanska vlada nudi godi\u0161nje stipendije stranim dr\u017eavljanima i Italijanima koji borave u inostranstvu, za studiranje u Italiji.<\/p>\n<p>Za vi\u0161e informacija posjetite sljede\u0107e veb stranice:<\/p>\n<ul>\n<li><a href=\"https:\/\/www.universitaly.it\/studenti-stranieri\">https:\/\/www.universitaly.it\/studenti-stranieri<\/a><\/li>\n<li><a href=\"https:\/\/studyinitaly.esteri.it\/\">https:\/\/studyinitaly.esteri.it\/<\/a><\/li>\n<li><a href=\"https:\/\/uni-italia.it\/\">Homepage Studenti &#8211; Uni-Italia<\/a><\/li>\n<li><a href=\"https:\/\/www.esteri.it\/it\/opportunita\/borse-di-studio\/per-cittadini-stranieri\/borsestudio_stranieri\/\">https:\/\/www.esteri.it\/it\/opportunita\/borse-di-studio\/per-cittadini-stranieri\/borsestudio_stranieri\/<\/a><\/li>\n<\/ul>\n<p><strong>Aktuelno<\/strong><\/p>\n<p><a href=\"https:\/\/ambpodgorica.esteri.it\/me\/news\/dall_ambasciata\/2025\/05\/predupisne-prijave-za-medunarodne-studente-za-univerzitetske-programe-u-italiji-akademska-2025-2026-god\/\">Apertura delle pre-iscrizioni degli studenti internazionali ai corsi universitari in Italia \u2013 Anno accademico 2025-2026<\/a><\/p>\n","protected":false},"excerpt":{"rendered":"Da biste ispunili uslove za upis na italijanske univerzitete, morate imati zavr\u0161eno najmanje 12. godina \u0161kolovanja i polo\u017eiti test iz jezika. Me\u0111utim, mo\u017eete studirati u Italiji \u010dak iako ne govorite italijanski jezik, ako ste upisani na jedan od mnogih univerziteta koji nude kurseve na engleskom jeziku. Za neke programe, kako osnovne tako i postdiplomske, pola\u017ee [&hellip;]","protected":false},"author":8,"featured_media":0,"parent":157,"menu_order":0,"comment_status":"closed","ping_status":"closed","template":"","meta":{"footnotes":""},"class_list":["post-4085","page","type-page","status-publish","hentry"],"_links":{"self":[{"href":"https:\/\/ambpodgorica.esteri.it\/me\/wp-json\/wp\/v2\/pages\/4085","targetHints":{"allow":["GET"]}}],"collection":[{"href":"https:\/\/ambpodgorica.esteri.it\/me\/wp-json\/wp\/v2\/pages"}],"about":[{"href":"https:\/\/ambpodgorica.esteri.it\/me\/wp-json\/wp\/v2\/types\/page"}],"author":[{"embeddable":true,"href":"https:\/\/ambpodgorica.esteri.it\/me\/wp-json\/wp\/v2\/users\/8"}],"replies":[{"embeddable":true,"href":"https:\/\/ambpodgorica.esteri.it\/me\/wp-json\/wp\/v2\/comments?post=4085"}],"version-history":[{"count":4,"href":"https:\/\/ambpodgorica.esteri.it\/me\/wp-json\/wp\/v2\/pages\/4085\/revisions"}],"predecessor-version":[{"id":5038,"href":"https:\/\/ambpodgorica.esteri.it\/me\/wp-json\/wp\/v2\/pages\/4085\/revisions\/5038"}],"up":[{"embeddable":true,"href":"https:\/\/ambpodgorica.esteri.it\/me\/wp-json\/wp\/v2\/pages\/157"}],"wp:attachment":[{"href":"https:\/\/ambpodgorica.esteri.it\/me\/wp-json\/wp\/v2\/media?parent=4085"}],"curies":[{"name":"wp","href":"https:\/\/api.w.org\/{rel}","templated":true}]}}