{"id":4180,"date":"2025-08-04T15:03:03","date_gmt":"2025-08-04T13:03:03","guid":{"rendered":"https:\/\/ambpodgorica.esteri.it\/?page_id=4180"},"modified":"2025-09-16T11:47:03","modified_gmt":"2025-09-16T09:47:03","slug":"u-crnoj-gori","status":"publish","type":"page","link":"https:\/\/ambpodgorica.esteri.it\/me\/italia-e-montenegro\/diplomazia-culturale\/ucenje-italijanskog-jezika\/u-crnoj-gori\/","title":{"rendered":"U Crnoj Gori"},"content":{"rendered":"<p style=\"text-align: justify;\"><strong>Univerzitet Crne Gore<\/strong>, Filolo\u0161ki fakultet u Nik\u0161ic\u0301u, ima Odsjek za italijanski jezik i knji\u017eevnost koji nudi \u010detvorogodi\u0161nji studijski program iz italijanskog jezika i knji\u017eevnosti, specijalisti\u010dke studije (master studije) i doktorske studije. Osim odsjeka u Nik\u0161ic\u0301u, postoji odsjek na <strong>Fakultetu za turizam u Kotoru<\/strong> koji nudi program italijanskog jezika, a u Podgorici <strong>privatni Univerzitet \u201eMediteran\u201c<\/strong>, koji nudi mogu\u0107nost studiranja \u201eItalijanskog poslovnog jezika\u201c kao dvogodi\u0161nji ili trogodi\u0161nji program, u okviru programa \u201eEngleski jezik\u201c i \u201eTurizam\u201c. Italijanski jezik se predaje i na dva privatna univerziteta, oba u Budvi: <strong>Fakultet za poslovanje i turizam<\/strong> i <strong>HEC<\/strong> (Centar za hotelsko obrazovanje). <strong>Univerzitet Donja Gorica<\/strong>, kao najva\u017eniji privatni univerzitet, tako\u0111e je pokrenuo kurs italijanskog jezika po\u010dev od akademske 2021-22. godine, poma\u017eu\u0107i izu\u010davanje italijanskog jezika i u ovom privatnom akademskom sektoru.<\/p>\n<p style=\"text-align: justify;\">U <strong>osnovnim i srednjim \u0161kolama<\/strong> \u0161irom Crne Gore (Podgorica, Kotor, Cetinje, Budva, Bar, Nik\u0161ic\u0301, Tivat, Herceg Novi) barem 15.000 u\u010denika u\u010de italijanski jezik.<\/p>\n<p style=\"text-align: justify;\"><strong>Zajednica Italijana u Crnoj Gori<\/strong> nudi besplatne kurseve italijanskog jezika (nivoi od A1 do B2 Zajedni\u010dkog evropskog okvira za italijanski jezik). Kursevi se odr\u017eavaju u razli\u010ditim crnogorskim gradovima u dva ciklusa (mart-jun i septembar-decembar). Za vi\u0161e informacija posjetite sajt <a href=\"https:\/\/www.comunitamontenegro.org\/it\/\">https:\/\/www.comunitamontenegro.org\/it\/<\/a> .<\/p>\n<p style=\"text-align: justify;\">U Podgorici je aktivna nevladina organizacija <strong>Cult.it<\/strong>, Italijanski kulturni centar, koja je 2006. godine preuzela ulogu takozvane \u201eItalijanske kulturne antene\u201c, osnovane 2005. godine kao predstavnika u Crnoj Gori Italijanskog kulturnog instituta u Beogradu. Ova organizacija organizuje kulturne doga\u0111aje (\u010desto u saradnji sa ovom ambasadom) i nudi kurseve italijanskog jezika na tri razli\u010dita nivoa (A1-B2), prilago\u0111ene evropskim standardima. Da biste kontaktirali Cult.it, po\u0161aljite imejl na <a href=\"mailto:antennapg@t-com.mne\">antennapg@t-com.mne<\/a><\/p>\n","protected":false},"excerpt":{"rendered":"Univerzitet Crne Gore, Filolo\u0161ki fakultet u Nik\u0161ic\u0301u, ima Odsjek za italijanski jezik i knji\u017eevnost koji nudi \u010detvorogodi\u0161nji studijski program iz italijanskog jezika i knji\u017eevnosti, specijalisti\u010dke studije (master studije) i doktorske studije. Osim odsjeka u Nik\u0161ic\u0301u, postoji odsjek na Fakultetu za turizam u Kotoru koji nudi program italijanskog jezika, a u Podgorici privatni Univerzitet \u201eMediteran\u201c, koji [&hellip;]","protected":false},"author":8,"featured_media":0,"parent":4171,"menu_order":0,"comment_status":"closed","ping_status":"closed","template":"","meta":{"footnotes":""},"class_list":["post-4180","page","type-page","status-publish","hentry"],"_links":{"self":[{"href":"https:\/\/ambpodgorica.esteri.it\/me\/wp-json\/wp\/v2\/pages\/4180","targetHints":{"allow":["GET"]}}],"collection":[{"href":"https:\/\/ambpodgorica.esteri.it\/me\/wp-json\/wp\/v2\/pages"}],"about":[{"href":"https:\/\/ambpodgorica.esteri.it\/me\/wp-json\/wp\/v2\/types\/page"}],"author":[{"embeddable":true,"href":"https:\/\/ambpodgorica.esteri.it\/me\/wp-json\/wp\/v2\/users\/8"}],"replies":[{"embeddable":true,"href":"https:\/\/ambpodgorica.esteri.it\/me\/wp-json\/wp\/v2\/comments?post=4180"}],"version-history":[{"count":2,"href":"https:\/\/ambpodgorica.esteri.it\/me\/wp-json\/wp\/v2\/pages\/4180\/revisions"}],"predecessor-version":[{"id":4189,"href":"https:\/\/ambpodgorica.esteri.it\/me\/wp-json\/wp\/v2\/pages\/4180\/revisions\/4189"}],"up":[{"embeddable":true,"href":"https:\/\/ambpodgorica.esteri.it\/me\/wp-json\/wp\/v2\/pages\/4171"}],"wp:attachment":[{"href":"https:\/\/ambpodgorica.esteri.it\/me\/wp-json\/wp\/v2\/media?parent=4180"}],"curies":[{"name":"wp","href":"https:\/\/api.w.org\/{rel}","templated":true}]}}