{"id":4190,"date":"2025-08-04T15:03:56","date_gmt":"2025-08-04T13:03:56","guid":{"rendered":"https:\/\/ambpodgorica.esteri.it\/?page_id=4190"},"modified":"2026-04-16T16:11:15","modified_gmt":"2026-04-16T14:11:15","slug":"u-italiji","status":"publish","type":"page","link":"https:\/\/ambpodgorica.esteri.it\/me\/italia-e-montenegro\/diplomazia-culturale\/ucenje-italijanskog-jezika\/u-italiji\/","title":{"rendered":"U Italiji"},"content":{"rendered":"<p><img loading=\"lazy\" decoding=\"async\" class=\"alignnone  wp-image-5402 img-fluid\" src=\"https:\/\/ambpodgorica.esteri.it\/wp-content\/uploads\/2026\/04\/italiano.png\" alt=\"\" width=\"530\" height=\"308\" srcset=\"https:\/\/ambpodgorica.esteri.it\/wp-content\/uploads\/2026\/04\/italiano.png 914w, https:\/\/ambpodgorica.esteri.it\/wp-content\/uploads\/2026\/04\/italiano-300x174.png 300w, https:\/\/ambpodgorica.esteri.it\/wp-content\/uploads\/2026\/04\/italiano-768x446.png 768w\" sizes=\"auto, (max-width: 530px) 100vw, 530px\" \/><\/p>\n<p style=\"text-align: justify;\">U Italiji postoje <strong>brojne \u0161kole italijanskog jezika<\/strong> u kojima stranci mogu da u\u010de italijanski jezik i kulturu. Ve\u0107ina tih \u0161kola je, me\u0111utim, <strong>privatna<\/strong>. Univerziteti uglavnom nude <strong>besplatne kurseve italijanskog jezika upisanim stranim studentima<\/strong>.<\/p>\n<p style=\"text-align: justify;\">Pored toga, u Italiji postoje <strong>tri univerziteta za strance<\/strong>:<\/p>\n<p style=\"text-align: justify;\">&#8211; <strong>Univerzitet za strance u Peru\u0111i<\/strong> <a href=\"https:\/\/www.unistrapg.it\/\">https:\/\/www.unistrapg.it\/<\/a><\/p>\n<p style=\"text-align: justify;\">&#8211; <strong>Univerzitet za strance u Sijeni<\/strong> <a href=\"https:\/\/www.unistrasi.it\/\">https:\/\/www.unistrasi.it\/<\/a><\/p>\n<p style=\"text-align: justify;\">&#8211; <strong>Univerzitet za strance Dante Alighieri u Re\u0111o Kalabriji<\/strong> <a href=\"https:\/\/www.unidarc.it\/\">https:\/\/www.unidarc.it\/<\/a><\/p>\n","protected":false},"excerpt":{"rendered":"U Italiji postoje brojne \u0161kole italijanskog jezika u kojima stranci mogu da u\u010de italijanski jezik i kulturu. Ve\u0107ina tih \u0161kola je, me\u0111utim, privatna. Univerziteti uglavnom nude besplatne kurseve italijanskog jezika upisanim stranim studentima. Pored toga, u Italiji postoje tri univerziteta za strance: &#8211; Univerzitet za strance u Peru\u0111i https:\/\/www.unistrapg.it\/ &#8211; Univerzitet za strance u Sijeni [&hellip;]","protected":false},"author":8,"featured_media":0,"parent":4171,"menu_order":0,"comment_status":"closed","ping_status":"closed","template":"","meta":{"footnotes":""},"class_list":["post-4190","page","type-page","status-publish","hentry"],"_links":{"self":[{"href":"https:\/\/ambpodgorica.esteri.it\/me\/wp-json\/wp\/v2\/pages\/4190","targetHints":{"allow":["GET"]}}],"collection":[{"href":"https:\/\/ambpodgorica.esteri.it\/me\/wp-json\/wp\/v2\/pages"}],"about":[{"href":"https:\/\/ambpodgorica.esteri.it\/me\/wp-json\/wp\/v2\/types\/page"}],"author":[{"embeddable":true,"href":"https:\/\/ambpodgorica.esteri.it\/me\/wp-json\/wp\/v2\/users\/8"}],"replies":[{"embeddable":true,"href":"https:\/\/ambpodgorica.esteri.it\/me\/wp-json\/wp\/v2\/comments?post=4190"}],"version-history":[{"count":2,"href":"https:\/\/ambpodgorica.esteri.it\/me\/wp-json\/wp\/v2\/pages\/4190\/revisions"}],"predecessor-version":[{"id":5514,"href":"https:\/\/ambpodgorica.esteri.it\/me\/wp-json\/wp\/v2\/pages\/4190\/revisions\/5514"}],"up":[{"embeddable":true,"href":"https:\/\/ambpodgorica.esteri.it\/me\/wp-json\/wp\/v2\/pages\/4171"}],"wp:attachment":[{"href":"https:\/\/ambpodgorica.esteri.it\/me\/wp-json\/wp\/v2\/media?parent=4190"}],"curies":[{"name":"wp","href":"https:\/\/api.w.org\/{rel}","templated":true}]}}