{"id":4199,"date":"2025-08-04T15:06:39","date_gmt":"2025-08-04T13:06:39","guid":{"rendered":"https:\/\/ambpodgorica.esteri.it\/?page_id=4199"},"modified":"2025-09-16T11:57:25","modified_gmt":"2025-09-16T09:57:25","slug":"potvrda-o-poznavanju-italijanskog-jezika","status":"publish","type":"page","link":"https:\/\/ambpodgorica.esteri.it\/me\/italia-e-montenegro\/diplomazia-culturale\/ucenje-italijanskog-jezika\/potvrda-o-poznavanju-italijanskog-jezika\/","title":{"rendered":"Potvrda o poznavanju Italijanskog jezika"},"content":{"rendered":"<p style=\"text-align: justify;\">Od oktobra 2019. godine, zahvaljuju\u0107i i podr\u0161ci na\u0161e Ambasade, Odsjek za italijanski jezik i knji\u017eevnost na Filolo\u0161kom fakultetu <strong>Univerziteta Crne Gore<\/strong> je akreditovan za provjeru znanja italijanskog jezika za me\u0111unarodno priznati <strong>CELI sertifikat<\/strong> koji izdaje Univerzitet za strance u Peru\u0111i.<\/p>\n<p style=\"text-align: justify;\">Za vi\u0161e informacija posjetite sajt:<\/p>\n<p style=\"text-align: justify;\"><a href=\"https:\/\/www.ucg.ac.me\/skladiste\/blog_1247\/objava_171532\/fajlovi\/CELI%20-%20osnovne%20nformacije.pdf\">https:\/\/www.ucg.ac.me\/skladiste\/blog_1247\/objava_171532\/fajlovi\/CELI%20-%20osnovne%20nformacije.pdf<\/a><\/p>\n","protected":false},"excerpt":{"rendered":"Od oktobra 2019. godine, zahvaljuju\u0107i i podr\u0161ci na\u0161e Ambasade, Odsjek za italijanski jezik i knji\u017eevnost na Filolo\u0161kom fakultetu Univerziteta Crne Gore je akreditovan za provjeru znanja italijanskog jezika za me\u0111unarodno priznati CELI sertifikat koji izdaje Univerzitet za strance u Peru\u0111i. Za vi\u0161e informacija posjetite sajt: https:\/\/www.ucg.ac.me\/skladiste\/blog_1247\/objava_171532\/fajlovi\/CELI%20-%20osnovne%20nformacije.pdf","protected":false},"author":8,"featured_media":0,"parent":4171,"menu_order":0,"comment_status":"closed","ping_status":"closed","template":"","meta":{"footnotes":""},"class_list":["post-4199","page","type-page","status-publish","hentry"],"_links":{"self":[{"href":"https:\/\/ambpodgorica.esteri.it\/me\/wp-json\/wp\/v2\/pages\/4199","targetHints":{"allow":["GET"]}}],"collection":[{"href":"https:\/\/ambpodgorica.esteri.it\/me\/wp-json\/wp\/v2\/pages"}],"about":[{"href":"https:\/\/ambpodgorica.esteri.it\/me\/wp-json\/wp\/v2\/types\/page"}],"author":[{"embeddable":true,"href":"https:\/\/ambpodgorica.esteri.it\/me\/wp-json\/wp\/v2\/users\/8"}],"replies":[{"embeddable":true,"href":"https:\/\/ambpodgorica.esteri.it\/me\/wp-json\/wp\/v2\/comments?post=4199"}],"version-history":[{"count":2,"href":"https:\/\/ambpodgorica.esteri.it\/me\/wp-json\/wp\/v2\/pages\/4199\/revisions"}],"predecessor-version":[{"id":4201,"href":"https:\/\/ambpodgorica.esteri.it\/me\/wp-json\/wp\/v2\/pages\/4199\/revisions\/4201"}],"up":[{"embeddable":true,"href":"https:\/\/ambpodgorica.esteri.it\/me\/wp-json\/wp\/v2\/pages\/4171"}],"wp:attachment":[{"href":"https:\/\/ambpodgorica.esteri.it\/me\/wp-json\/wp\/v2\/media?parent=4199"}],"curies":[{"name":"wp","href":"https:\/\/api.w.org\/{rel}","templated":true}]}}