{"id":4203,"date":"2023-04-11T18:24:48","date_gmt":"2023-04-11T16:24:48","guid":{"rendered":"https:\/\/ambpodgorica.esteri.it\/?page_id=4203"},"modified":"2025-09-16T12:01:19","modified_gmt":"2025-09-16T10:01:19","slug":"izjave-o-nivou-skolske-spreme","status":"publish","type":"page","link":"https:\/\/ambpodgorica.esteri.it\/me\/italia-e-montenegro\/diplomazia-culturale\/izjave-o-nivou-skolske-spreme\/","title":{"rendered":"Izjave o nivou \u0161kolske spreme"},"content":{"rendered":"<p style=\"text-align: justify;\">Ambasada izdaje izjave o nivou \u0161kolske spreme za diplome ste\u010dene u \u0161kolama i univerzitetima u na\u0161em konzularnom okrugu (Crna Gora) u svrhu priznavanja istovjetnosti diploma osnovnih i srednjih \u0161kola sa sli\u010dnim italijanskim diplomama, upisa u italijanske \u0161kole i univerzitete, priznavanja univerzitetskih studija u Italiji, dodjele stipendija i sli\u010dno.<\/p>\n<p style=\"text-align: justify;\"><strong>Za dodatne informacije, po\u0161aljite mejl na<\/strong> <a href=\"mailto:consolare.podgorica@esteri.it\">consolare.podgorica@esteri.it<\/a><\/p>\n","protected":false},"excerpt":{"rendered":"Ambasada izdaje izjave o nivou \u0161kolske spreme za diplome ste\u010dene u \u0161kolama i univerzitetima u na\u0161em konzularnom okrugu (Crna Gora) u svrhu priznavanja istovjetnosti diploma osnovnih i srednjih \u0161kola sa sli\u010dnim italijanskim diplomama, upisa u italijanske \u0161kole i univerzitete, priznavanja univerzitetskih studija u Italiji, dodjele stipendija i sli\u010dno. Za dodatne informacije, po\u0161aljite mejl na consolare.podgorica@esteri.it","protected":false},"author":8,"featured_media":0,"parent":155,"menu_order":0,"comment_status":"closed","ping_status":"closed","template":"","meta":{"footnotes":""},"class_list":["post-4203","page","type-page","status-publish","hentry"],"_links":{"self":[{"href":"https:\/\/ambpodgorica.esteri.it\/me\/wp-json\/wp\/v2\/pages\/4203","targetHints":{"allow":["GET"]}}],"collection":[{"href":"https:\/\/ambpodgorica.esteri.it\/me\/wp-json\/wp\/v2\/pages"}],"about":[{"href":"https:\/\/ambpodgorica.esteri.it\/me\/wp-json\/wp\/v2\/types\/page"}],"author":[{"embeddable":true,"href":"https:\/\/ambpodgorica.esteri.it\/me\/wp-json\/wp\/v2\/users\/8"}],"replies":[{"embeddable":true,"href":"https:\/\/ambpodgorica.esteri.it\/me\/wp-json\/wp\/v2\/comments?post=4203"}],"version-history":[{"count":1,"href":"https:\/\/ambpodgorica.esteri.it\/me\/wp-json\/wp\/v2\/pages\/4203\/revisions"}],"predecessor-version":[{"id":4205,"href":"https:\/\/ambpodgorica.esteri.it\/me\/wp-json\/wp\/v2\/pages\/4203\/revisions\/4205"}],"up":[{"embeddable":true,"href":"https:\/\/ambpodgorica.esteri.it\/me\/wp-json\/wp\/v2\/pages\/155"}],"wp:attachment":[{"href":"https:\/\/ambpodgorica.esteri.it\/me\/wp-json\/wp\/v2\/media?parent=4203"}],"curies":[{"name":"wp","href":"https:\/\/api.w.org\/{rel}","templated":true}]}}