{"id":4212,"date":"2025-08-04T15:13:12","date_gmt":"2025-08-04T13:13:12","guid":{"rendered":"https:\/\/ambpodgorica.esteri.it\/?page_id=4212"},"modified":"2025-09-16T12:16:47","modified_gmt":"2025-09-16T10:16:47","slug":"dogadaji-promocije","status":"publish","type":"page","link":"https:\/\/ambpodgorica.esteri.it\/me\/italia-e-montenegro\/diplomazia-culturale\/italijanska-kultura-2\/dogadaji-promocije\/","title":{"rendered":"Doga\u0111aji\/Promocije"},"content":{"rendered":"<p style=\"text-align: justify;\"><strong><u>Doga\u0111aji u 2024. godini<\/u><\/strong><\/p>\n<ul>\n<li style=\"text-align: justify;\">U\u010de\u0161\u0107e na <strong>Festivalu poezije u Bijelom Polju \u201eRatkovi\u0107eve ve\u010deri poezije\u201c<\/strong>, koji je odr\u017ean po 54. put, i najzna\u010dajniji je festival poezije u regionu.<\/li>\n<li style=\"text-align: justify;\">U\u010de\u0161\u0107e na <strong>Festivalu stripa u Herceg Novom<\/strong>, koji godi\u0161nje okuplja preko 150. gostiju, uklju\u010duju\u0107i lokalne, regionalne i me\u0111unarodne karikaturiste.<\/li>\n<li style=\"text-align: justify;\">U\u010de\u0161\u0107e na <strong>Festivalu stripa u Podgorici<\/strong>, koji je 2024. godine bio u potpunosti posve\u0107en italijanskom stripu.<\/li>\n<li style=\"text-align: justify;\">U\u010de\u0161\u0107e na <a href=\"https:\/\/ambpodgorica.esteri.it\/it\/news\/dall_ambasciata\/2024\/10\/x-fiera-del-libro-di-podgorica-2-6-ottobre-2024\/\">Me\u0111unarodnom sajmu knjiga u Podgorici<\/a>, koji godi\u0161nje okuplja lokalne, regionalne i me\u0111unarodne izdava\u010de i autore tokom vi\u0161e od 40. kulturnih doga\u0111aja, uklju\u010duju\u0107i predstavljanje knjiga, autora i filmova, kao i koncerte.<\/li>\n<li style=\"text-align: justify;\">Pokretanje programa <strong>RAI COM na crnogorskoj televiziji<\/strong> RTCG, koji nudi mnoge novije zabavne programa RAI-ja, koji se emituju na italijanskom jeziku sa titlom na crnogorskom jeziku.<\/li>\n<li style=\"text-align: justify;\">Organizacija drugog izdanja \u201e<a href=\"https:\/\/ambpodgorica.esteri.it\/it\/news\/dall_ambasciata\/2024\/12\/cinema-made-in-italy-giornate-del-cinema-italiano-dal-7-all11-dicembre-a-podgorica\/\">Dana italijanskog filma<\/a>\u201c, doga\u0111aja koji, u saradnji sa Italijanskim institutom za kulturu iz Beograda, uklju\u010duje projekcije nekih od najnovijih savremenih italijanskih filmova, titlovanih na crnogorski jezik.<\/li>\n<\/ul>\n<p style=\"text-align: justify;\">Ambasada tako\u0111e aktivno u\u010destvuje svake godine u <strong>Nedjelji italijanskog jezika u svijetu (SLIM)<\/strong>.<\/p>\n<p style=\"text-align: justify;\"><strong><u>Doga\u0111aji tokom SLIM-a 2024:<\/u><\/strong><\/p>\n<ul>\n<li style=\"text-align: justify;\"><strong>Pozori\u0161na predstava \u201eMarko Polo\u201c<\/strong> u Gimnaziji Slobodan \u0160kerovic\u0301 u Podgorici.<\/li>\n<li style=\"text-align: justify;\"><strong>Susret sa autorkom Mariolinom Venecijom<\/strong>, poznatom po pisanju knjiga koje su inspirisale seriju Rai-ja \u201eImma Tataranni\u201c, odr\u017ean je na Odsjeku za italijanistiku u Nik\u0161ic\u0301u, sa oko trideset univerzitetskih studenata koji studiraju italijanski jezik i knji\u017eevnost. Drugi susret je organizovan u Gimnaziji Slobodan \u0160kerovic\u0301, gdje je autorka razgovarala sa oko 60. studenata italijanskog jezika.<\/li>\n<li style=\"text-align: justify;\"><strong>Prezentacija knjige \u201ePredsjednik Republike u Italiji\u201c<\/strong>, profesora \u0110anluke Pasarelija, i njenog prevoda na crnogorski jezik, koji je priredilo Udru\u017eenje politi\u010dkih nauka Crne Gore, uz podr\u0161ku nevladine organizacije CEMI, na Fakultetu politi\u010dkih nauka Univerziteta Crne Gore. Polaze\u0107i od sadr\u017eaja knjige, ovaj doga\u0111aj je tako\u0111e omogu\u0107io diskusiju izme\u0111u italijanskih i crnogorskih akademika o ulozi i funkcijama \u0161efa dr\u017eave u Italiji i Crnoj Gori.<\/li>\n<li style=\"text-align: justify;\"><strong>Takmi\u010denje u recitovanju italijanske poezije<\/strong> koje je organizovalo Udru\u017eenje italijanskih nastavnika, u saradnji sa Odsjekom za italijanistiku u Nik\u0161ic\u0301u, uz u\u010de\u0161\u0107e oko 75 studenata italijanskog jezika.<\/li>\n<li style=\"text-align: justify;\"><strong>Predstava \u201eLa lezione di teatro &#8211; \u010cas glume\u201c,<\/strong> autora Fran\u010deske Bizari i Gofreda Pu\u010detija, u izvo\u0111enju Fran\u010dke Bizari i Klaudija Grilija, u pozori\u0161tu \u201eKIC Budo Tomovic\u0301\u201c u Podgorici.<\/li>\n<\/ul>\n<p style=\"text-align: justify;\"><strong><u>SLIM 2025<\/u><\/strong><\/p>\n<p>Izdanje Nedjelje italijanskog jezika u svijetu odr\u017ea\u0107e se od 13. do 19. oktobra 2025. godine, pod nazivom \u201e<strong>Italofonija: jezik izvan granic<\/strong>a\u201c. Izabrana tema ima za cilj da obilje\u017ei jezi\u010dki, kulturni i dru\u0161tveni prostor italijanskog jezika, zami\u0161ljaju\u0107i novu zajednicu ljudi \u0161irom svijeta koje ujedinjuje strast prema italijanskom jeziku i, kroz njega, bliskost sa Italijom.<\/p>\n","protected":false},"excerpt":{"rendered":"Doga\u0111aji u 2024. godini U\u010de\u0161\u0107e na Festivalu poezije u Bijelom Polju \u201eRatkovi\u0107eve ve\u010deri poezije\u201c, koji je odr\u017ean po 54. put, i najzna\u010dajniji je festival poezije u regionu. U\u010de\u0161\u0107e na Festivalu stripa u Herceg Novom, koji godi\u0161nje okuplja preko 150. gostiju, uklju\u010duju\u0107i lokalne, regionalne i me\u0111unarodne karikaturiste. U\u010de\u0161\u0107e na Festivalu stripa u Podgorici, koji je 2024. [&hellip;]","protected":false},"author":8,"featured_media":0,"parent":4208,"menu_order":0,"comment_status":"closed","ping_status":"closed","template":"","meta":{"footnotes":""},"class_list":["post-4212","page","type-page","status-publish","hentry"],"_links":{"self":[{"href":"https:\/\/ambpodgorica.esteri.it\/me\/wp-json\/wp\/v2\/pages\/4212","targetHints":{"allow":["GET"]}}],"collection":[{"href":"https:\/\/ambpodgorica.esteri.it\/me\/wp-json\/wp\/v2\/pages"}],"about":[{"href":"https:\/\/ambpodgorica.esteri.it\/me\/wp-json\/wp\/v2\/types\/page"}],"author":[{"embeddable":true,"href":"https:\/\/ambpodgorica.esteri.it\/me\/wp-json\/wp\/v2\/users\/8"}],"replies":[{"embeddable":true,"href":"https:\/\/ambpodgorica.esteri.it\/me\/wp-json\/wp\/v2\/comments?post=4212"}],"version-history":[{"count":3,"href":"https:\/\/ambpodgorica.esteri.it\/me\/wp-json\/wp\/v2\/pages\/4212\/revisions"}],"predecessor-version":[{"id":4222,"href":"https:\/\/ambpodgorica.esteri.it\/me\/wp-json\/wp\/v2\/pages\/4212\/revisions\/4222"}],"up":[{"embeddable":true,"href":"https:\/\/ambpodgorica.esteri.it\/me\/wp-json\/wp\/v2\/pages\/4208"}],"wp:attachment":[{"href":"https:\/\/ambpodgorica.esteri.it\/me\/wp-json\/wp\/v2\/media?parent=4212"}],"curies":[{"name":"wp","href":"https:\/\/api.w.org\/{rel}","templated":true}]}}