{"id":4223,"date":"2025-08-04T15:14:27","date_gmt":"2025-08-04T13:14:27","guid":{"rendered":"https:\/\/ambpodgorica.esteri.it\/?page_id=4223"},"modified":"2025-09-16T12:19:06","modified_gmt":"2025-09-16T10:19:06","slug":"saradnja-sporazumi","status":"publish","type":"page","link":"https:\/\/ambpodgorica.esteri.it\/me\/italia-e-montenegro\/diplomazia-culturale\/italijanska-kultura-2\/saradnja-sporazumi\/","title":{"rendered":"Saradnja\/Sporazumi"},"content":{"rendered":"<p style=\"text-align: justify;\"><strong>Sporazum o kulturnoj i obrazovnoj saradnji izme\u0111u Vlade Republike Italije i Vlade Crne Gore<\/strong>, potpisan u Rimu 15. aprila 2014. godine, ima za cilj promociju i podsticanje inicijativa, razmene i saradnje u oblasti kulture i obrazovanja sa Crnom Gorom. Ovaj sporazum je zamijenio Sporazum o kulturnoj saradnji izme\u0111u Italije i Jugoslavije zaklju\u010den u Rimu 3. decembra 1960. godine, Zakon br. 1865 od 31. decembra 1962. godine. Svrha Sporazuma iz 2014. godine je ja\u010danje i harmonizacija me\u0111usobnih kulturnih veza, odgovaraju\u0107i istovremeno na veliku potra\u017enju za italijanskim jezikom i kulturom u Crnoj Gori.<\/p>\n<p style=\"text-align: justify;\">Do danas je <strong>stupilo na snagu 16. sporazuma<\/strong> izme\u0111u italijanskih univerziteta i visoko\u0161kolskih ustanova u oblasti umjetnosti i muzike sa odgovaraju\u0107im crnogorskim ustanovama.<\/p>\n","protected":false},"excerpt":{"rendered":"Sporazum o kulturnoj i obrazovnoj saradnji izme\u0111u Vlade Republike Italije i Vlade Crne Gore, potpisan u Rimu 15. aprila 2014. godine, ima za cilj promociju i podsticanje inicijativa, razmene i saradnje u oblasti kulture i obrazovanja sa Crnom Gorom. Ovaj sporazum je zamijenio Sporazum o kulturnoj saradnji izme\u0111u Italije i Jugoslavije zaklju\u010den u Rimu 3. [&hellip;]","protected":false},"author":8,"featured_media":0,"parent":4208,"menu_order":0,"comment_status":"closed","ping_status":"closed","template":"","meta":{"footnotes":""},"class_list":["post-4223","page","type-page","status-publish","hentry"],"_links":{"self":[{"href":"https:\/\/ambpodgorica.esteri.it\/me\/wp-json\/wp\/v2\/pages\/4223","targetHints":{"allow":["GET"]}}],"collection":[{"href":"https:\/\/ambpodgorica.esteri.it\/me\/wp-json\/wp\/v2\/pages"}],"about":[{"href":"https:\/\/ambpodgorica.esteri.it\/me\/wp-json\/wp\/v2\/types\/page"}],"author":[{"embeddable":true,"href":"https:\/\/ambpodgorica.esteri.it\/me\/wp-json\/wp\/v2\/users\/8"}],"replies":[{"embeddable":true,"href":"https:\/\/ambpodgorica.esteri.it\/me\/wp-json\/wp\/v2\/comments?post=4223"}],"version-history":[{"count":2,"href":"https:\/\/ambpodgorica.esteri.it\/me\/wp-json\/wp\/v2\/pages\/4223\/revisions"}],"predecessor-version":[{"id":4226,"href":"https:\/\/ambpodgorica.esteri.it\/me\/wp-json\/wp\/v2\/pages\/4223\/revisions\/4226"}],"up":[{"embeddable":true,"href":"https:\/\/ambpodgorica.esteri.it\/me\/wp-json\/wp\/v2\/pages\/4208"}],"wp:attachment":[{"href":"https:\/\/ambpodgorica.esteri.it\/me\/wp-json\/wp\/v2\/media?parent=4223"}],"curies":[{"name":"wp","href":"https:\/\/api.w.org\/{rel}","templated":true}]}}