{"id":4361,"date":"2023-11-10T16:05:08","date_gmt":"2023-11-10T15:05:08","guid":{"rendered":"https:\/\/ambpodgorica.esteri.it\/?page_id=4361"},"modified":"2025-09-23T12:59:19","modified_gmt":"2025-09-23T10:59:19","slug":"informacije-po-oblastima","status":"publish","type":"page","link":"https:\/\/ambpodgorica.esteri.it\/me\/italia-e-montenegro\/diplomazia-economica\/fare-affari-in-montenegro\/informacije-po-oblastima\/","title":{"rendered":"Informacije po oblastima"},"content":{"rendered":"<p style=\"text-align: justify;\"><a href=\"https:\/\/www.assocamerestero.it\/\"><strong>ASSOCAMERESTERO<\/strong><\/a><br \/>\n(Udru\u017eenje italijanskih privrednih komora u inostranstvu)<\/p>\n<ul style=\"text-align: justify;\">\n<li>Udru\u017eenje koje zastupa potrebe i potencijal usluga italijanskih privrednih komora u inostranstvu (CCIE) i tra\u017ei saradnju i strate\u0161ka savezni\u0161tva sa javnim i privatnim subjektima i organizacijama \u2013 kako italijanskim tako i me\u0111unarodnim \u2013 radi promovisanja mre\u017ee CCIE i njenog kori\u0161\u0107enja.<\/li>\n<li>Priprema Izve\u0161taj o poslovnim mogu\u0107nostima, koji opisuje potencijal CCIE kao pru\u017eaoca informacija o poslovnim mogu\u0107nostima u zemljama u kojima mre\u017ea posluje, u svakom pojedina\u010dnom sektoru.<\/li>\n<li><strong>Pru\u017ea projektnu podr\u0161ku i koordinaciju kancelarija za internacionalizaciju <\/strong>italijanskih privrednih komora u inostranstvu, u vezi sa projektom Unioncamere.<\/li>\n<\/ul>\n<p>&nbsp;<\/p>\n<p style=\"text-align: justify;\"><a href=\"http:\/\/www.cna.it\/\"><strong>CNA<\/strong><\/a><br \/>\n(Nacionalna konfederacija zanatstva i malih i srednjih preduze\u0107a)<\/p>\n<ul style=\"text-align: justify;\">\n<li>Organizacija predstavlja zanatlije.<\/li>\n<li>Formuli\u0161u\u0107i strategije za ovaj sektor, pru\u017ea <strong>uslugu informisanja<\/strong> o mogu\u0107nostima, programima i tenderima koje nudi Evropska unija.<\/li>\n<li>Predstavlja oblast samozapo\u0161ljavanja, okupljaju\u0107i konsultante, stru\u010dnjake i saradnike pod okriljem \u201eCNA in proprio\u201c (CNA samostalno).<\/li>\n<\/ul>\n<p>&nbsp;<\/p>\n<p style=\"text-align: justify;\"><a href=\"http:\/\/www.confapi.it\/\"><strong>CONFAPI<\/strong><\/a><br \/>\n(Italijanska konfederacija malih i srednjih industrija)<\/p>\n<ul style=\"text-align: justify;\">\n<li>Konfederacija <strong>promovi\u0161e interese malih i srednjih industrija<\/strong>.<\/li>\n<li>Podsti\u010de ekonomski i gra\u0111anski razvoj zemlje u saradnji sa nacionalnim i me\u0111unarodnim organizacijama i institucijama.<\/li>\n<\/ul>\n<p>&nbsp;<\/p>\n<p style=\"text-align: justify;\"><a href=\"http:\/\/www.confagricoltura.it\/\"><strong>CONFAGRICOLTURA<\/strong><\/a><br \/>\n(Italijanska poljoprivredna organizacija)<\/p>\n<ul style=\"text-align: justify;\">\n<li>Konfederacija koja <strong>promovi\u0161e, poma\u017ee i koordinira ekonomske aktivnosti<\/strong> za pojedina\u010dne proizvode ili proizvodne sektore.<\/li>\n<li>Zastupa i \u0161titi kompanije \u010dlanice u odnosima sa institucijama.<\/li>\n<li>Pru\u017ea svojim \u010dlanovima razne kvalifikovane usluge (pravni savjeti, obuka i tehni\u010dka pomo\u0107\u0301 za upravljanje poljoprivrednim gazdinstvima).<\/li>\n<\/ul>\n<p>&nbsp;<\/p>\n<p style=\"text-align: justify;\"><a href=\"http:\/\/www.confartigianato.it\/\"><strong>CONFARTIGIANATO<\/strong><\/a><br \/>\n(Organizacija za informisanje i predstavljanje zanatskih preduzec\u0301a)<\/p>\n<ul style=\"text-align: justify;\">\n<li>Konfederacija koja podr\u017eava razvoj novih preduze\u0107a kroz <strong>obuku i informisanje<\/strong> o mogu\u0107nostima i podsticajima na nacionalnom i lokalnom nivou.<\/li>\n<li>Pru\u017ea po\u010detnu procjenu kvaliteta poslovnog projekta i nudi osnovne konsultacije o zakonodavstvu, kreditima, porezima i pitanjima za\u0161tite \u017eivotne sredine.<\/li>\n<li><strong>Odobrava subvencionisane kredite <\/strong>kako bi se poslovni projekat opremio alatima potrebnim za njegovu realizaciju.<\/li>\n<\/ul>\n<p>&nbsp;<\/p>\n<p style=\"text-align: justify;\"><a href=\"http:\/\/www.confcommercio.it\/\"><strong>CONFCOMMERCIO<\/strong><\/a><br \/>\n(Italijanska generalna konfederacija trgovine, turizma, usluga i malih i srednjih preduze\u0107a)<\/p>\n<ul style=\"text-align: justify;\">\n<li>Konfederacija koja defini\u0161e <strong>politike EU<\/strong> za ovu oblast, sara\u0111uju\u0107i sa Evropskom unijom.<\/li>\n<li>Poma\u017ee i upravlja postupcima za dodjelu sredstava za promotivne aktivnosti u inostranstvu.<\/li>\n<li><strong>Upravlja identifikacijom ciljnih tr\u017ei\u0161ta<\/strong> i identifikacijom potencijalnih kupaca na me\u0111unarodnim tr\u017ei\u0161tima.<\/li>\n<\/ul>\n<p>&nbsp;<\/p>\n<p style=\"text-align: justify;\"><a href=\"http:\/\/www.confindustria.it\/\"><strong>CONFINDUSTRIA<\/strong><\/a><br \/>\n(Organizacija koja predstavlja proizvodne i uslu\u017ene kompanije u Italiji)<\/p>\n<ul style=\"text-align: justify;\">\n<li>Generalna konfederacija italijanske industrije, koja doprinosi, zajedno sa politi\u010dkim institucijama i nacionalnim i me\u0111unarodnim ekonomskim, dru\u0161tvenim i kulturnim organizacijama, ekonomskom rastu i dru\u0161tvenom napretku zemlje.<\/li>\n<li>Podr\u017eava <strong>ekonomske, politi\u010dke, dru\u0161tvene i kulturne organizacije u Italiji i Evropskoj uniji<\/strong>.<\/li>\n<li>Zastupa i <strong>\u0161titi sektor proizvodnje roba i usluga<\/strong>.<\/li>\n<\/ul>\n<p>&nbsp;<\/p>\n<p style=\"text-align: justify;\"><a href=\"https:\/\/www.enit.it\/\"><strong>ENIT<\/strong><\/a><br \/>\n(Italijanska nacionalna turisti\u010dka organizacija)<\/p>\n<ul style=\"text-align: justify;\">\n<li>Institucionalno tijelo koje <strong>promovi\u0161e turizam Italije u inostranstvu<\/strong> sprovo\u0111enjem inicijativa za podizanje svijesti o nacionalnim i regionalnim turisti\u010dkim resursima zemlje, posebno o njenim prirodnim, ekolo\u0161kim, istorijskim, kulturnim i umjetni\u010dkim vrijednostima.<\/li>\n<li><strong>Poma\u017ee i nudi tehni\u010dke usluge italijanskim turisti\u010dkim preduze\u0107ima<\/strong> za njihov komercijalni prodor na strana tr\u017ei\u0161ta.<\/li>\n<li>Sprovodi studije o me\u0111unarodnim tr\u017ei\u0161tima, posebno o trendovima u individualnoj i organizovanoj turisti\u010dkoj potra\u017enji.<\/li>\n<li>Analizira evoluciju potra\u017enje za inostranim turizmom i planira operativne strategije u saradnji sa javnim i privatnim zainteresovanim akterima italijanskog turizma (Ministarstvo proizvodnje, Ministarstvo spoljnih poslova, regije, javne uprave, sektorske ustanove i udru\u017eenja i pru\u017eaoci turisti\u010dkih usluga).<\/li>\n<\/ul>\n<p>&nbsp;<\/p>\n<p style=\"text-align: justify;\"><a href=\"http:\/\/www.formez.it\/\"><strong>FORMEZ<\/strong><\/a><br \/>\n(Centar za obuku i studije)<\/p>\n<ul style=\"text-align: justify;\">\n<li>Institut koji <strong>pru\u017ea tehni\u010dku pomo\u0107\u0301 i usluge obuke i informisanja<\/strong>, prvenstveno lokalnim samoupravama.<\/li>\n<li>U\u010destvuje u <strong>inicijativama za tehni\u010dku pomo\u0107\u0301<\/strong> i obuku na nacionalnom i me\u0111unarodnom nivou, u saradnji sa javnim i privatnim organizacijama.<\/li>\n<li>Formezov centar za pomo\u0107\u0301 preduze\u0107ima pru\u017ea <strong>kontinuiranu obuku, pomo\u0107\u0301 i konsultacije<\/strong> kako bi podr\u017eao lokalne vlasti u stvaranju i razvoju jedinstvenih \u0161alterskih centara za proizvodne aktivnosti.<\/li>\n<\/ul>\n<p>&nbsp;<\/p>\n<p style=\"text-align: justify;\"><a href=\"https:\/\/www.informest.it\/\"><strong>INFORMEST<\/strong><\/a><br \/>\n(Centar za usluge i dokumentaciju za me\u0111unarodnu ekonomsku saradnju)<\/p>\n<ul style=\"text-align: justify;\">\n<li>Neprofitna javna organizacija osnovana da ponudi tr\u017ei\u0161nim operaterima <strong>informacije, dokumentaciju, obuku, pomo\u0107\u0301 i konsultantske usluge za zemlje isto\u010dne Evrope<\/strong> (Balkan, Centralna i Isto\u010dna Evropa i ZND) i Centralnu i Isto\u010dnu Aziju (Kina, Mongolija i Vijetnam).<\/li>\n<li>Informestove usluge za kori\u0161\u0107enje <strong>javne pomo\u0107i za internacionalizaciju<\/strong> uklju\u010duju pomo\u0107\u0301 kompanijama pri podno\u0161enju zahtjeva za finansiranje ili grantove, sve do zavr\u0161etka odnosne procedure.<\/li>\n<\/ul>\n<p>&nbsp;<\/p>\n<p style=\"text-align: justify;\"><a href=\"http:\/\/www.mondimpresa.it\/\"><strong>MONDOIMPRESA<\/strong><\/a><br \/>\n(Agencija za globalizaciju preduze\u0107a)<\/p>\n<ul style=\"text-align: justify;\">\n<li>Ova agencija <strong>promovi\u0161e i podr\u017eava procese globalizacije<\/strong>, posebno za mala i srednja preduze\u0107a \u2013 prvenstveno u ju\u017enoj Italiji \u2013 kroz \u0161iroku i rasprostranjenu mre\u017eu u Italiji, koju \u010dine razli\u010diti entiteti italijanskih privrednih komora, Trgovinska komora i Poljoprivredna komora.<\/li>\n<li>Priprema predloge i projekte za u\u010de\u0161\u0107e na tenderima i za pristup finansiranju od strane javne uprave i velikih me\u0111unarodnih organizacija.<\/li>\n<li>Organizuje inicijative usmjerene na <strong>promociju transnacionalnih poslovnih partnerstava<\/strong>, kako sektorskih tako i multisektorskih.<\/li>\n<li><strong>Promovi\u0161e strane investicije u Italiji<\/strong> kroz odgovaraju\u0107e informativne kampanje o strukturi italijanskog poslovnog sistema i zakonodavstvu koje podr\u017eava investicije.<\/li>\n<\/ul>\n<p>&nbsp;<\/p>\n<p style=\"text-align: justify;\"><a href=\"https:\/\/www.unioncamere.gov.it\/\"><strong>UNIONCAMERE<\/strong><\/a><br \/>\n(Italijanska unija privrednih, industrijskih i zanatskih komora)<\/p>\n<ul>\n<li style=\"text-align: justify;\">Unija koja promovi\u0161e i predstavlja op\u0161te interese privrednih komora, je referentna ta\u010dka za proizvodne sektore, kako na lokalnom, tako i na nacionalnom i me\u0111unarodnom nivou.<\/li>\n<li style=\"text-align: justify;\"><strong>Promovi\u0161e, sprovodi i upravlja<\/strong>, direktno ili preko sopstvenih posebnih kompanija, <strong>uslugama i aktivnostima od interesa<\/strong> za privredne komore i ekonomski sektor.<\/li>\n<li style=\"text-align: justify;\">Cilj joj je da <strong>konsoliduje i razvije saradnju<\/strong> sa mre\u017eom italijanskih privrednih komora (CCIE).<\/li>\n<li style=\"text-align: justify;\">Uz pomo\u0107\u0301 najsavremenijih tehnologija, olak\u0161ava pristup inicijativama i programima zajednice, podsti\u010du\u0107i me\u0111unarodne sporazume za promociju Italije \u0161irom svijeta.<\/li>\n<\/ul>\n","protected":false},"excerpt":{"rendered":"ASSOCAMERESTERO (Udru\u017eenje italijanskih privrednih komora u inostranstvu) Udru\u017eenje koje zastupa potrebe i potencijal usluga italijanskih privrednih komora u inostranstvu (CCIE) i tra\u017ei saradnju i strate\u0161ka savezni\u0161tva sa javnim i privatnim subjektima i organizacijama \u2013 kako italijanskim tako i me\u0111unarodnim \u2013 radi promovisanja mre\u017ee CCIE i njenog kori\u0161\u0107enja. Priprema Izve\u0161taj o poslovnim mogu\u0107nostima, koji opisuje potencijal [&hellip;]","protected":false},"author":8,"featured_media":0,"parent":169,"menu_order":0,"comment_status":"closed","ping_status":"closed","template":"","meta":{"footnotes":""},"class_list":["post-4361","page","type-page","status-publish","hentry"],"_links":{"self":[{"href":"https:\/\/ambpodgorica.esteri.it\/me\/wp-json\/wp\/v2\/pages\/4361","targetHints":{"allow":["GET"]}}],"collection":[{"href":"https:\/\/ambpodgorica.esteri.it\/me\/wp-json\/wp\/v2\/pages"}],"about":[{"href":"https:\/\/ambpodgorica.esteri.it\/me\/wp-json\/wp\/v2\/types\/page"}],"author":[{"embeddable":true,"href":"https:\/\/ambpodgorica.esteri.it\/me\/wp-json\/wp\/v2\/users\/8"}],"replies":[{"embeddable":true,"href":"https:\/\/ambpodgorica.esteri.it\/me\/wp-json\/wp\/v2\/comments?post=4361"}],"version-history":[{"count":4,"href":"https:\/\/ambpodgorica.esteri.it\/me\/wp-json\/wp\/v2\/pages\/4361\/revisions"}],"predecessor-version":[{"id":4369,"href":"https:\/\/ambpodgorica.esteri.it\/me\/wp-json\/wp\/v2\/pages\/4361\/revisions\/4369"}],"up":[{"embeddable":true,"href":"https:\/\/ambpodgorica.esteri.it\/me\/wp-json\/wp\/v2\/pages\/169"}],"wp:attachment":[{"href":"https:\/\/ambpodgorica.esteri.it\/me\/wp-json\/wp\/v2\/media?parent=4361"}],"curies":[{"name":"wp","href":"https:\/\/api.w.org\/{rel}","templated":true}]}}