{"id":4373,"date":"2025-08-07T09:52:48","date_gmt":"2025-08-07T07:52:48","guid":{"rendered":"https:\/\/ambpodgorica.esteri.it\/?page_id=4373"},"modified":"2025-09-23T14:15:20","modified_gmt":"2025-09-23T12:15:20","slug":"korisni-kontakti-za-preduzeca","status":"publish","type":"page","link":"https:\/\/ambpodgorica.esteri.it\/me\/italia-e-montenegro\/diplomazia-economica\/fare-affari-in-italia\/korisni-kontakti-za-preduzeca\/","title":{"rendered":"Korisni kontakti za preduze\u0107a"},"content":{"rendered":"<p style=\"text-align: justify;\"><a href=\"https:\/\/www.assocamerestero.it\/\"><strong>ASSOCAMERESTERO<\/strong><\/a><br \/>\n(Udru\u017eenje italijanskih privrednih komora u inostranstvu)<\/p>\n<ul style=\"text-align: justify;\">\n<li>Udru\u017eenje koje zastupa potrebe i potencijal usluga italijanskih privrednih komora u inostranstvu (CCIE) i tra\u017ei saradnju i strate\u0161ka savezni\u0161tva sa javnim i privatnim subjektima i organizacijama \u2013 kako italijanskim tako i me\u0111unarodnim \u2013 radi promovisanja mre\u017ee CCIE i njenog kori\u0161\u0107enja.<\/li>\n<li>Priprema Izve\u0161taj o poslovnim mogu\u0107nostima, koji opisuje potencijal CCIE kao pru\u017eaoca informacija o poslovnim mogu\u0107nostima u zemljama u kojima mre\u017ea posluje, u svakom pojedina\u010dnom sektoru.<\/li>\n<li><strong>Pru\u017ea projektnu podr\u0161ku i koordinaciju kancelarija za internacionalizaciju <\/strong>italijanskih privrednih komora u inostranstvu, u vezi sa projektom Unioncamere.<\/li>\n<\/ul>\n<p style=\"text-align: justify;\">\n<p style=\"text-align: justify;\">\n<p style=\"text-align: justify;\"><a href=\"https:\/\/www.bancaditalia.it\/\"><strong>BANCA D\u2019ITALIA<\/strong><\/a><\/p>\n<p style=\"text-align: justify;\">Na veb-sajtu Banke Italije nalazi se odjeljak sa publikacijama, koji pru\u017ea pristup <strong>ekonomskim, statisti\u010dkim<\/strong> i monetarno-politi\u010dkim uslugama za Italiju.<\/p>\n<p style=\"text-align: justify;\">Od posebnog interesa za ta\u010dnu i a\u017euriranu <strong>analizu nacionalne ekonomske situacije<\/strong> je Ekonomski bilten, <a href=\"https:\/\/www.bancaditalia.it\/pubblicazioni\/bollettino-economico\/?dotcache=refresh\">Bollettino Economico<\/a> koji Banka a\u017eurira svake godine u novembru i martu.<\/p>\n<p style=\"text-align: justify;\">\n<p style=\"text-align: justify;\">\n<p style=\"text-align: justify;\"><a href=\"https:\/\/www.mimit.gov.it\/it\/caie\"><strong>CAIE<\/strong><\/a><br \/>\n(Odbor za privla\u010denje stranih investicija)<\/p>\n<p style=\"text-align: justify;\">Ovaj odbor je osnovan 2014. godine, a njime predsjedava <strong>Ministarstvo preduzetni\u0161tva i \u201eProizvedeno u Italiji\u201c<\/strong>. \u010cine ga predstavnici Ministarstva vanjskih poslova i me\u0111unarodne saradnje, Ministarstva ekonomije i finansija i Konferencije regija i autonomnih pokrajina.<\/p>\n<ul style=\"text-align: justify;\">\n<li>Formuli\u0161e predloge za <strong>pobolj\u0161anje atraktivnosti zemlje i njene investicione klime<\/strong>.<\/li>\n<li>Prati specifi\u010dne projekte stranih investicija sa posebno velikim uticajem.<\/li>\n<\/ul>\n<p style=\"text-align: justify;\">\n<p style=\"text-align: justify;\">\n<p style=\"text-align: justify;\"><a href=\"http:\/\/www.confindustria.it\/\"><strong>CONFINDUSTRIA<\/strong><\/a><br \/>\n(Organizacija koja predstavlja proizvodne i uslu\u017ene kompanije u Italiji)<\/p>\n<ul style=\"text-align: justify;\">\n<li>Generalna konfederacija italijanske industrije, koja doprinosi, zajedno sa politi\u010dkim institucijama i nacionalnim i me\u0111unarodnim ekonomskim, dru\u0161tvenim i kulturnim organizacijama, ekonomskom rastu i dru\u0161tvenom napretku zemlje.<\/li>\n<li>Podr\u017eava <strong>ekonomske, politi\u010dke, dru\u0161tvene i kulturne organizacije u Italiji i Evropskoj uniji<\/strong>.<\/li>\n<li>Zastupa i <strong>\u0161titi sektor proizvodnje roba i usluga<\/strong>.<\/li>\n<\/ul>\n<p style=\"text-align: justify;\">\n<p style=\"text-align: justify;\">\n<p style=\"text-align: justify;\"><a href=\"https:\/\/www.investinitaly.gov.it\/\"><strong>INVEST IN ITALY<\/strong><\/a><br \/>\n(Jedinstveni \u0161alter za privla\u010denje investicija)<\/p>\n<ul style=\"text-align: justify;\">\n<li><strong>Pru\u017ea pomo\u0107\u0301 investitorima<\/strong><\/li>\n<li>Olak\u0161ava pokretanje novih aktivnosti, <strong>podr\u017eavaju\u0107i preduzetnike<\/strong> u svim fazama investicionog procesa, od odre\u0111ivanja najboljih lokacija do pronala\u017eenja podsticaja i ubrzavanja administrativnih procedura.<\/li>\n<\/ul>\n<p style=\"text-align: justify;\">\n<p style=\"text-align: justify;\">\n<p style=\"text-align: justify;\"><a href=\"https:\/\/www.invitalia.it\/\"><strong>INVITALIA<\/strong><\/a><\/p>\n<p style=\"text-align: justify;\">(Nacionalna agencija za privla\u010denje investicija i razvoj poslovanja)<\/p>\n<ul style=\"text-align: justify;\">\n<li><strong>Podsti\u010de ekonomski rast<\/strong> zemlje, fokusira se na strate\u0161ke sektore za razvoj i zapo\u0161ljavanje, posve\u0107ena je <strong>revitalizaciji podru\u010dja pogo\u0111enih krizom<\/strong> i posluje prvenstveno u ju\u017enoj Italiji.<\/li>\n<li>Upravlja svim nacionalnim podsticajima koji podsti\u010du stvaranje novih preduze\u0107a i inovativnih startapova.<\/li>\n<li><strong>Finansira velike i male projekte<\/strong>, usmjerene na preduzetnike sa konkretnim planovima razvoja, posebno u inovativnim sektorima i sektorima sa visokom dodatom vrijedno\u0161\u0107u.<\/li>\n<li><strong>Nudi usluge javnoj upravi<\/strong> kako bi se ubrzalo kori\u0161\u0107enje sredstava EU i nacionalnih sredstava, i unaprijedilo kulturno nasle\u0111e.<\/li>\n<li>To je centralno tijelo za javne nabavke i ugovorni organ za sprovo\u0111enje strate\u0161kih intervencija u zemlji.<\/li>\n<\/ul>\n<p style=\"text-align: justify;\">\n<p style=\"text-align: justify;\">\n<p style=\"text-align: justify;\"><a href=\"https:\/\/opportunitaly.gov.it\/it\"><strong>OPPORTUNITALY<\/strong><\/a><\/p>\n<p style=\"text-align: justify;\">OpportunItaly je program za <strong>ubrzanje poslovanja<\/strong> koji promovi\u0161e Italijanska trgovinska agencija (ICE), a koji <strong>povezuje italijanske kompanije sa potencijalnim stranim klijentima, distributerima, kupcima<\/strong> ili partnerima, zainteresovanim za znanje i inovacije \u201eProizvedeno u Italiji\u201c.<\/p>\n<p style=\"text-align: justify;\">\n<p style=\"text-align: justify;\">\n<p style=\"text-align: justify;\"><a href=\"https:\/\/www.unioncamere.gov.it\/\"><strong>UNIONCAMERE<\/strong><\/a><br \/>\n(Italijanska unija privrednih, industrijskih i zanatskih komora)<\/p>\n<ul style=\"text-align: justify;\">\n<li>Unija koja promovi\u0161e i predstavlja op\u0161te interese privrednih komora, je referentna ta\u010dka za proizvodne sektore, kako na lokalnom, tako i na nacionalnom i me\u0111unarodnom nivou.<\/li>\n<li><strong>Promovi\u0161e, sprovodi i upravlja<\/strong>, direktno ili preko sopstvenih posebnih kompanija, <strong>uslugama i aktivnostima od interesa<\/strong> za privredne komore i ekonomski sektor.<\/li>\n<li>Cilj joj je da <strong>konsoliduje i razvije saradnju<\/strong> sa mre\u017eom italijanskih privrednih komora (CCIE).<\/li>\n<li>Uz pomo\u0107\u0301 najsavremenijih tehnologija, olak\u0161ava pristup inicijativama i programima zajednice, podsti\u010du\u0107i me\u0111unarodne sporazume za promociju Italije \u0161irom svijeta.<\/li>\n<\/ul>\n<p style=\"text-align: justify;\">\n","protected":false},"excerpt":{"rendered":"ASSOCAMERESTERO (Udru\u017eenje italijanskih privrednih komora u inostranstvu) Udru\u017eenje koje zastupa potrebe i potencijal usluga italijanskih privrednih komora u inostranstvu (CCIE) i tra\u017ei saradnju i strate\u0161ka savezni\u0161tva sa javnim i privatnim subjektima i organizacijama \u2013 kako italijanskim tako i me\u0111unarodnim \u2013 radi promovisanja mre\u017ee CCIE i njenog kori\u0161\u0107enja. Priprema Izve\u0161taj o poslovnim mogu\u0107nostima, koji opisuje potencijal [&hellip;]","protected":false},"author":8,"featured_media":0,"parent":153,"menu_order":0,"comment_status":"closed","ping_status":"closed","template":"","meta":{"footnotes":""},"class_list":["post-4373","page","type-page","status-publish","hentry"],"_links":{"self":[{"href":"https:\/\/ambpodgorica.esteri.it\/me\/wp-json\/wp\/v2\/pages\/4373","targetHints":{"allow":["GET"]}}],"collection":[{"href":"https:\/\/ambpodgorica.esteri.it\/me\/wp-json\/wp\/v2\/pages"}],"about":[{"href":"https:\/\/ambpodgorica.esteri.it\/me\/wp-json\/wp\/v2\/types\/page"}],"author":[{"embeddable":true,"href":"https:\/\/ambpodgorica.esteri.it\/me\/wp-json\/wp\/v2\/users\/8"}],"replies":[{"embeddable":true,"href":"https:\/\/ambpodgorica.esteri.it\/me\/wp-json\/wp\/v2\/comments?post=4373"}],"version-history":[{"count":2,"href":"https:\/\/ambpodgorica.esteri.it\/me\/wp-json\/wp\/v2\/pages\/4373\/revisions"}],"predecessor-version":[{"id":4377,"href":"https:\/\/ambpodgorica.esteri.it\/me\/wp-json\/wp\/v2\/pages\/4373\/revisions\/4377"}],"up":[{"embeddable":true,"href":"https:\/\/ambpodgorica.esteri.it\/me\/wp-json\/wp\/v2\/pages\/153"}],"wp:attachment":[{"href":"https:\/\/ambpodgorica.esteri.it\/me\/wp-json\/wp\/v2\/media?parent=4373"}],"curies":[{"name":"wp","href":"https:\/\/api.w.org\/{rel}","templated":true}]}}